{"id":11298,"date":"2022-08-10T14:21:56","date_gmt":"2022-08-10T14:21:56","guid":{"rendered":"https:\/\/ritosa.click.si\/?post_type=product&#038;p=11298"},"modified":"2025-10-22T10:44:49","modified_gmt":"2025-10-22T08:44:49","slug":"specialized-rokavice-neoshell-thermal-man","status":"publish","type":"product","link":"https:\/\/ritosa.click.si\/hr\/ducan\/biciklizam\/oprema-za-biciklizam\/kolesarske-rokavice\/moske-kolesarske-rokavice\/specialized-rokavice-neoshell-thermal-man\/","title":{"rendered":"Rukavice Specialized Neoshell termalne"},"content":{"rendered":"<p><span class=\"VIiyi\" lang=\"sl\" xml:lang=\"sl\"><span class=\"JLqJ4b ChMk0b\"><span class=\"Q4iAWc\">Hyper Green Polartec\u00ae Neoshell\u00ae u kombinaciji s jedinstvenim reflektiraju\u0107im rubovima drasti\u010dno pove\u0107ava va\u0161u vidljivost voza\u010dima 24 sata dnevno.<\/span><\/span> <\/span><span class=\"VIiyi\" lang=\"sl\" xml:lang=\"sl\"><span class=\"JLqJ4b ChMk0b\"><span class=\"Q4iAWc\">Vjetrootporni gornji dio Polartec\u00ae Neoshell\u00ae \u0161titi od vjetra i hladnog vremena. Hidrofobni Axe Suede dlan pru\u017ea pouzdan hvat s palicama.<\/span><\/span> <span class=\"JLqJ4b ChMk0b\"><span class=\"Q4iAWc\">Kompatibilno sa zaslonom osjetljivim na dodir Wiretap\u2122 za jednostavno kori\u0161tenje pametnog telefona.<\/span><\/span> <\/span><span class=\"VIiyi\" lang=\"sl\" xml:lang=\"sl\"><span class=\"JLqJ4b ChMk0b\"><span class=\"Q4iAWc\">\u010ci\u010dak man\u017eeta omogu\u0107uje mikro pode\u0161avanje pristajanja, tako da ovu rukavicu mo\u017eete nositi ispod ili preko man\u017eete jakne.<\/span><\/span> <\/span><span class=\"VIiyi\" lang=\"sl\" xml:lang=\"sl\"><span class=\"JLqJ4b ChMk0b\"><span class=\"Q4iAWc\">Reflektiraju\u0107i detalji pove\u0107avaju va\u0161u vidljivost u uvjetima slabog osvjetljenja.<\/span><\/span><\/span><\/p>","protected":false},"excerpt":{"rendered":"<p>Specialized Neoshell termalne duge rukavice za hladnije dane.<\/p>","protected":false},"featured_media":11301,"template":"","meta":{"_acf_changed":false,"inline_featured_image":false},"product_brand":[673],"product_cat":[580],"product_tag":[1892,1890,1894,1830,1891,1889,1893],"class_list":{"0":"post-11298","1":"product","2":"type-product","3":"status-publish","4":"has-post-thumbnail","6":"product_brand-specialized","7":"product_cat-moske-kolesarske-rokavice","8":"product_tag-neoshell-thermal","9":"product_tag-neoshell-thermal-man","10":"product_tag-rokavice","11":"product_tag-rokavice-specialized","12":"product_tag-rokavice-specialized-neoshell-thermal","13":"product_tag-rokavice-specialized-neoshell-thermal-man","14":"product_tag-specialized-neoshell-thermal","15":"pa_velikost-l","16":"pa_velikost-m","18":"first","19":"instock","20":"sale","21":"taxable","22":"shipping-taxable","23":"purchasable","24":"product-type-variable"},"acf":[],"_links":{"self":[{"href":"https:\/\/ritosa.click.si\/hr\/wp-json\/wp\/v2\/product\/11298","targetHints":{"allow":["GET"]}}],"collection":[{"href":"https:\/\/ritosa.click.si\/hr\/wp-json\/wp\/v2\/product"}],"about":[{"href":"https:\/\/ritosa.click.si\/hr\/wp-json\/wp\/v2\/types\/product"}],"wp:featuredmedia":[{"embeddable":true,"href":"https:\/\/ritosa.click.si\/hr\/wp-json\/wp\/v2\/media\/11301"}],"wp:attachment":[{"href":"https:\/\/ritosa.click.si\/hr\/wp-json\/wp\/v2\/media?parent=11298"}],"wp:term":[{"taxonomy":"product_brand","embeddable":true,"href":"https:\/\/ritosa.click.si\/hr\/wp-json\/wp\/v2\/product_brand?post=11298"},{"taxonomy":"product_cat","embeddable":true,"href":"https:\/\/ritosa.click.si\/hr\/wp-json\/wp\/v2\/product_cat?post=11298"},{"taxonomy":"product_tag","embeddable":true,"href":"https:\/\/ritosa.click.si\/hr\/wp-json\/wp\/v2\/product_tag?post=11298"}],"curies":[{"name":"radni list","href":"https:\/\/api.w.org\/{rel}","templated":true}]}}