{"id":11294,"date":"2022-08-10T14:15:43","date_gmt":"2022-08-10T14:15:43","guid":{"rendered":"https:\/\/ritosa.click.si\/?post_type=product&#038;p=11294"},"modified":"2025-10-22T10:43:20","modified_gmt":"2025-10-22T08:43:20","slug":"specialized-rokavice-deflect","status":"publish","type":"product","link":"https:\/\/ritosa.click.si\/hr\/ducan\/biciklizam\/oprema-za-biciklizam\/kolesarske-rokavice\/moske-kolesarske-rokavice\/specialized-rokavice-deflect\/","title":{"rendered":"Rukavice Specialized Deflect"},"content":{"rendered":"<p><strong data-start=\"40\" data-end=\"72\">Specialized Deflect rukavice<\/strong> nude izvrsnu prozra\u010dnost i udobnu za\u0161titu na temperaturama do <strong data-start=\"137\" data-end=\"153\">7\u00b0C (45\u00b0F)<\/strong>Osim toga, tehnologija <strong data-start=\"179\" data-end=\"190\">Prislu\u0161kivanje<\/strong> Omogu\u0107uje vam kori\u0161tenje zaslona osjetljivih na dodir, tako da mo\u017eete lako koristiti svoj pametni telefon \u010dak i po hladnom vremenu. <span class=\"VIiyi\" lang=\"sl\" xml:lang=\"sl\"><span class=\"JLqJ4b ChMk0b\"><span class=\"Q4iAWc\">Gornji dio od softshella otpornog na vjetar \u0161titi od vjetra i hladno\u0107e. <\/span><\/span><\/span><span class=\"VIiyi\" lang=\"sl\" xml:lang=\"sl\"><span class=\"JLqJ4b ChMk0b\"><span class=\"Q4iAWc\">Hidrofobni Axe Suede dlan pru\u017ea pouzdan hvat s palicama.<\/span><\/span> <\/span><span class=\"VIiyi\" lang=\"sl\" xml:lang=\"sl\"><span class=\"JLqJ4b ChMk0b\"><span class=\"Q4iAWc\">Podstavljeni dlan smanjuje utrnulost i umor ruke. Reflektiraju\u0107i detalji pove\u0107avaju va\u0161u vidljivost u uvjetima slabog osvjetljenja. \u010ci\u010dak man\u017eeta omogu\u0107uje mikro pode\u0161avanje prianjanja, tako da ovu rukavicu mo\u017eete nositi ispod ili preko man\u017eete jakne.<\/span><\/span><\/span><\/p>","protected":false},"excerpt":{"rendered":"<p>Specialized Deflect duge rukavice za hladnije dane.<\/p>","protected":false},"featured_media":11297,"template":"","meta":{"_acf_changed":false,"inline_featured_image":false},"product_brand":[673],"product_cat":[580],"product_tag":[1888,1826,1829,1885,1887,1886],"class_list":{"0":"post-11294","1":"product","2":"type-product","3":"status-publish","4":"has-post-thumbnail","6":"product_brand-specialized","7":"product_cat-moske-kolesarske-rokavice","8":"product_tag-dolge-rokavice-specialized-deflect","9":"product_tag-kolesarske-rokavice","10":"product_tag-kolesarske-rokavice-specialized","11":"product_tag-kolesarske-rokavice-specialized-deflect","12":"product_tag-rokavice-specialized-deflect","13":"product_tag-specialized-deflect","14":"pa_velikost-xl","15":"pa_velikost-xxl","17":"first","18":"instock","19":"sale","20":"taxable","21":"shipping-taxable","22":"purchasable","23":"product-type-variable"},"acf":[],"_links":{"self":[{"href":"https:\/\/ritosa.click.si\/hr\/wp-json\/wp\/v2\/product\/11294","targetHints":{"allow":["GET"]}}],"collection":[{"href":"https:\/\/ritosa.click.si\/hr\/wp-json\/wp\/v2\/product"}],"about":[{"href":"https:\/\/ritosa.click.si\/hr\/wp-json\/wp\/v2\/types\/product"}],"wp:featuredmedia":[{"embeddable":true,"href":"https:\/\/ritosa.click.si\/hr\/wp-json\/wp\/v2\/media\/11297"}],"wp:attachment":[{"href":"https:\/\/ritosa.click.si\/hr\/wp-json\/wp\/v2\/media?parent=11294"}],"wp:term":[{"taxonomy":"product_brand","embeddable":true,"href":"https:\/\/ritosa.click.si\/hr\/wp-json\/wp\/v2\/product_brand?post=11294"},{"taxonomy":"product_cat","embeddable":true,"href":"https:\/\/ritosa.click.si\/hr\/wp-json\/wp\/v2\/product_cat?post=11294"},{"taxonomy":"product_tag","embeddable":true,"href":"https:\/\/ritosa.click.si\/hr\/wp-json\/wp\/v2\/product_tag?post=11294"}],"curies":[{"name":"radni list","href":"https:\/\/api.w.org\/{rel}","templated":true}]}}