{"id":11283,"date":"2022-08-10T13:28:13","date_gmt":"2022-08-10T13:28:13","guid":{"rendered":"https:\/\/ritosa.click.si\/?post_type=product&#038;p=11283"},"modified":"2025-10-23T17:25:50","modified_gmt":"2025-10-23T15:25:50","slug":"specialized-nogavice-cotton-tall-logo","status":"publish","type":"product","link":"https:\/\/ritosa.click.si\/hr\/ducan\/biciklizam\/oprema-za-biciklizam\/kolesarska-oblacila\/nogavice\/specialized-nogavice-cotton-tall-logo\/","title":{"rendered":"\u010carape Specialized Cotton Tall Logo"},"content":{"rendered":"<p><span class=\"VIiyi\" lang=\"sl\" xml:lang=\"sl\"><span class=\"JLqJ4b ChMk0b\"><span class=\"Q4iAWc\">Zra\u010dna mre\u017eica na vrhu prstiju pru\u017ea dodatnu prozra\u010dnost, dok na\u0161 PowerBand remen na sredini stopala pru\u017ea potporu svodu za udobnije i potpornije pristajanje.<\/span><\/span><span class=\"JLqJ4b\"><span class=\"Q4iAWc\">\u00a0<\/span><\/span><\/span><\/p>\n<p><span class=\"VIiyi\" lang=\"sl\" xml:lang=\"sl\"> <span class=\"JLqJ4b ChMk0b\"><span class=\"Q4iAWc\">Mre\u017easta konstrukcija na vrhovima prstiju omogu\u0107uje dodatnu ventilaciju.<\/span><\/span> <\/span><\/p>\n<p><span class=\"VIiyi\" lang=\"sl\" xml:lang=\"sl\"> <span class=\"JLqJ4b ChMk0b\"><span class=\"Q4iAWc\">Sastav tkanine: pamuk 100%<\/span><\/span><\/span><\/p>","protected":false},"excerpt":{"rendered":"<p>Pamu\u010dne \u010darape s dodacima koji pru\u017eaju bolju ventilaciju.<\/p>","protected":false},"featured_media":11286,"template":"","meta":{"_acf_changed":false,"inline_featured_image":false,"_monsterinsights_skip_tracking":false,"_monsterinsights_sitenote_active":false,"_monsterinsights_sitenote_note":"","_monsterinsights_sitenote_category":0},"product_brand":[673],"product_cat":[619],"product_tag":[1988,1987,1986,1589,1989],"class_list":{"0":"post-11283","1":"product","2":"type-product","3":"status-publish","4":"has-post-thumbnail","6":"product_brand-specialized","7":"product_cat-nogavice","8":"product_tag-nogavice","9":"product_tag-nogavice-specialized","10":"product_tag-nogavice-specialized-cotton-tall-logo","11":"product_tag-specialized","12":"product_tag-specialized-cotton-tall-logo","13":"pa_velikost-m","15":"first","16":"instock","17":"sale","18":"taxable","19":"shipping-taxable","20":"purchasable","21":"product-type-variable"},"acf":[],"aioseo_notices":[],"_links":{"self":[{"href":"https:\/\/ritosa.click.si\/hr\/wp-json\/wp\/v2\/product\/11283","targetHints":{"allow":["GET"]}}],"collection":[{"href":"https:\/\/ritosa.click.si\/hr\/wp-json\/wp\/v2\/product"}],"about":[{"href":"https:\/\/ritosa.click.si\/hr\/wp-json\/wp\/v2\/types\/product"}],"wp:featuredmedia":[{"embeddable":true,"href":"https:\/\/ritosa.click.si\/hr\/wp-json\/wp\/v2\/media\/11286"}],"wp:attachment":[{"href":"https:\/\/ritosa.click.si\/hr\/wp-json\/wp\/v2\/media?parent=11283"}],"wp:term":[{"taxonomy":"product_brand","embeddable":true,"href":"https:\/\/ritosa.click.si\/hr\/wp-json\/wp\/v2\/product_brand?post=11283"},{"taxonomy":"product_cat","embeddable":true,"href":"https:\/\/ritosa.click.si\/hr\/wp-json\/wp\/v2\/product_cat?post=11283"},{"taxonomy":"product_tag","embeddable":true,"href":"https:\/\/ritosa.click.si\/hr\/wp-json\/wp\/v2\/product_tag?post=11283"}],"curies":[{"name":"radni list","href":"https:\/\/api.w.org\/{rel}","templated":true}]}}