{"id":11267,"date":"2022-07-29T11:43:41","date_gmt":"2022-07-29T11:43:41","guid":{"rendered":"https:\/\/ritosa.click.si\/?post_type=product&#038;p=11267"},"modified":"2026-03-27T18:17:19","modified_gmt":"2026-03-27T17:17:19","slug":"skiro-legoni-stunt-extreme","status":"publish","type":"product","link":"https:\/\/ritosa.click.si\/hr\/ducan\/skiroji\/freestyle-skiroji\/skiro-legoni-stunt-extreme\/","title":{"rendered":"Legoni Stunt Extreme romobil"},"content":{"rendered":"<p>Stunt romobil je prikladan za po\u010detnike i rekreativce. Visina upravlja\u010da je 84,5 cm, duljina skutera je 66 cm, a prostor za noge je 48 x 10,8 cm. Romobil ima aluminijske naplatke na kota\u010dima.<\/p>\n<p>\u2022 Le\u017eajevi kota\u010da su ABEC 7.<br \/>\n\u2022 Te\u017eina skutera 3,5 kg.<br \/>\n\u2022 Maksimalna te\u017eina korisnika 100 kg<\/p>\n<p><strong>Upozorenje!<\/strong>\u00a0Prilikom kori\u0161tenja potrebno je nositi za\u0161titnu opremu (kacigu, \u0161titnike, rukavice).<br \/>\n\u2013 Proizvod je igra\u010dka i nije namijenjen za kori\u0161tenje u javnom prijevozu jer nije prilago\u0111en za javni prijevoz.<br \/>\n<strong>Upozorenje!<\/strong> Proizvod ne smiju koristiti djeca mla\u0111a od 36 mjeseci jer sadr\u017ei sitne dijelove i mo\u017ee predstavljati opasnost od gu\u0161enja.<\/p>","protected":false},"excerpt":{"rendered":"<div class=\"picture-thumbs in-carousel has-navigation\">Legoni Stunt Extreme romobil s kota\u010dima od 110 mm.<\/div>\n<h1><\/h1>","protected":false},"featured_media":22574,"template":"","meta":{"_acf_changed":false,"inline_featured_image":false},"product_brand":[1409],"product_cat":[652,495],"product_tag":[1378,1379,1352,1012],"class_list":{"0":"post-11267","1":"product","2":"type-product","3":"status-publish","4":"has-post-thumbnail","6":"product_brand-legoni","7":"product_cat-freestyle-skiroji","8":"product_cat-skiroji","9":"product_tag-skiro-legoni-stunt-extreme","10":"product_tag-skiro-lgoni","11":"product_tag-skiro-za-skakat","12":"product_tag-skiro-za-trike","14":"first","15":"instock","16":"sale","17":"taxable","18":"shipping-taxable","19":"purchasable","20":"product-type-simple"},"acf":[],"_links":{"self":[{"href":"https:\/\/ritosa.click.si\/hr\/wp-json\/wp\/v2\/product\/11267","targetHints":{"allow":["GET"]}}],"collection":[{"href":"https:\/\/ritosa.click.si\/hr\/wp-json\/wp\/v2\/product"}],"about":[{"href":"https:\/\/ritosa.click.si\/hr\/wp-json\/wp\/v2\/types\/product"}],"wp:featuredmedia":[{"embeddable":true,"href":"https:\/\/ritosa.click.si\/hr\/wp-json\/wp\/v2\/media\/22574"}],"wp:attachment":[{"href":"https:\/\/ritosa.click.si\/hr\/wp-json\/wp\/v2\/media?parent=11267"}],"wp:term":[{"taxonomy":"product_brand","embeddable":true,"href":"https:\/\/ritosa.click.si\/hr\/wp-json\/wp\/v2\/product_brand?post=11267"},{"taxonomy":"product_cat","embeddable":true,"href":"https:\/\/ritosa.click.si\/hr\/wp-json\/wp\/v2\/product_cat?post=11267"},{"taxonomy":"product_tag","embeddable":true,"href":"https:\/\/ritosa.click.si\/hr\/wp-json\/wp\/v2\/product_tag?post=11267"}],"curies":[{"name":"radni list","href":"https:\/\/api.w.org\/{rel}","templated":true}]}}