{"id":11231,"date":"2022-07-27T13:23:08","date_gmt":"2022-07-27T13:23:08","guid":{"rendered":"https:\/\/ritosa.click.si\/?post_type=product&#038;p=11231"},"modified":"2026-03-13T16:30:44","modified_gmt":"2026-03-13T15:30:44","slug":"poganjalec-head-faro-12-2","status":"publish","type":"product","link":"https:\/\/ritosa.click.si\/hr\/ducan\/biciklizam\/kotaci\/djecji-bicikli-2\/otroski-poganjalci\/poganjalec-head-faro-12-2\/","title":{"rendered":"Guralica HEAD FARO 12\u2033"},"content":{"rendered":"<p><strong>Savr\u0161eni bicikl za trening<\/strong> \u2013 Faro booster je pravi svakodnevni junak, jer dijete razvija ravnote\u017eu, motori\u010dku koordinaciju i ja\u010da mi\u0161i\u0107e od malih nogu.<\/p>\n<p><strong>Moderni dizajn<\/strong> \u2013 svojim sportskim i modernim izgledom, svaki HEAD bicikl je pravi magnet za poglede i isti\u010de se ne samo funkcionalno\u0161\u0107u, ve\u0107 i izgledom.<\/p>\n<p><strong>Izvrsna svojstva<\/strong> \u2013 Dje\u010dji romobil Faro s kota\u010dima od 12 in\u010da opremljen je udobnim sjedalom, protukliznim ru\u010dkama i gumama na napuhavanje, \u0161to omogu\u0107uje sigurnu i udobnu vo\u017enju.<\/p>\n<p><strong>Brza monta\u017ea<\/strong> \u2013 samo pri\u010dvrstite upravlja\u010d i spremni ste za vo\u017enju!<\/p>\n<p><span style=\"text-decoration: underline\"><strong>UPOZORENJA<\/strong><\/span><\/p>\n<ul>\n<li><strong><em>Obavezno no\u0161enje za\u0161titne opreme! (kaciga, \u0161titnici za zglobove, laktove i koljena)<\/em><\/strong><\/li>\n<li><strong><em>Predmet nije namijenjen za upotrebu u prometu!<\/em><\/strong><\/li>\n<li><strong><em>Prije upotrebe obavezno pro\u010ditajte upute za uporabu i upozorenja.<\/em><\/strong><\/li>\n<li><strong><em>Igra\u010dka<\/em>\u00a0<em>koristite s oprezom jer je potrebno puno vje\u0161tine kako biste izbjegli padove ili sudare,\u00a0<\/em><em>\u0161to bi moglo uzrokovati ozljedu korisnika ili tre\u0107e strane.<\/em><\/strong><\/li>\n<\/ul>\n<p>&nbsp;<\/p>\n<p style=\"text-align: center\">","protected":false},"excerpt":{"rendered":"<p>Dje\u010dji romobil Head Faro 12\u201d<\/p>\n<ul>\n<li>Kota\u010di: 12\u201d<\/li>\n<li>Okvir: Aluminij 6061 HT<\/li>\n<li>Te\u017eina: 3,9 kg<\/li>\n<li>Boja: Zelena<\/li>\n<\/ul>","protected":false},"featured_media":11232,"template":"","meta":{"inline_featured_image":false},"product_brand":[1193],"product_cat":[566],"product_tag":[1198,1202,1007],"class_list":{"0":"post-11231","1":"product","2":"type-product","3":"status-publish","4":"has-post-thumbnail","6":"product_brand-head","7":"product_cat-otroski-poganjalci","8":"product_tag-otroci","9":"product_tag-otroska-kolesa","10":"product_tag-otrosko-kolo","12":"first","13":"instock","14":"sale","15":"taxable","16":"shipping-taxable","17":"purchasable","18":"product-type-simple"},"_links":{"self":[{"href":"https:\/\/ritosa.click.si\/hr\/wp-json\/wp\/v2\/product\/11231","targetHints":{"allow":["GET"]}}],"collection":[{"href":"https:\/\/ritosa.click.si\/hr\/wp-json\/wp\/v2\/product"}],"about":[{"href":"https:\/\/ritosa.click.si\/hr\/wp-json\/wp\/v2\/types\/product"}],"wp:featuredmedia":[{"embeddable":true,"href":"https:\/\/ritosa.click.si\/hr\/wp-json\/wp\/v2\/media\/11232"}],"wp:attachment":[{"href":"https:\/\/ritosa.click.si\/hr\/wp-json\/wp\/v2\/media?parent=11231"}],"wp:term":[{"taxonomy":"product_brand","embeddable":true,"href":"https:\/\/ritosa.click.si\/hr\/wp-json\/wp\/v2\/product_brand?post=11231"},{"taxonomy":"product_cat","embeddable":true,"href":"https:\/\/ritosa.click.si\/hr\/wp-json\/wp\/v2\/product_cat?post=11231"},{"taxonomy":"product_tag","embeddable":true,"href":"https:\/\/ritosa.click.si\/hr\/wp-json\/wp\/v2\/product_tag?post=11231"}],"curies":[{"name":"radni list","href":"https:\/\/api.w.org\/{rel}","templated":true}]}}