{"id":11229,"date":"2022-07-25T10:37:54","date_gmt":"2022-07-25T10:37:54","guid":{"rendered":"https:\/\/ritosa.click.si\/?post_type=product&#038;p=11229"},"modified":"2026-03-27T17:55:57","modified_gmt":"2026-03-27T16:55:57","slug":"tempish-smf-200-2","status":"publish","type":"product","link":"https:\/\/ritosa.click.si\/hr\/ducan\/skiroji\/freestyle-skiroji\/tempish-smf-200-2\/","title":{"rendered":"Romobil Core CD1"},"content":{"rendered":"<ul>\n<li>Ukupna visina: 79 cm<\/li>\n<li data-start=\"260\" data-end=\"619\">Tip kompresije: IHC<\/li>\n<li data-start=\"260\" data-end=\"619\">Promjer kota\u010da: 110 mm<\/li>\n<li data-start=\"260\" data-end=\"619\">Te\u017eina: 3600 g<\/li>\n<li data-start=\"260\" data-end=\"619\">Visina upravlja\u010da: 560 mm<\/li>\n<li data-start=\"260\" data-end=\"619\">\u0160irina upravlja\u010da: 520 mm<\/li>\n<li data-start=\"260\" data-end=\"619\">Tip le\u017eaja upravlja\u010da: Integrirani 1 1\/8\u2033<\/li>\n<li data-start=\"260\" data-end=\"619\">Nivo vje\u0161tine: Za po\u010detnike i srednje iskusne<\/li>\n<li data-start=\"260\" data-end=\"619\">Du\u017eina daske: 49,5 cm<\/li>\n<li data-start=\"260\" data-end=\"619\">\u0160irina daske: 11,4 cm<\/li>\n<li data-start=\"260\" data-end=\"619\">Le\u017eajevi: ABEC-9<\/li>\n<li data-start=\"260\" data-end=\"619\">Tip ko\u010dnice: Flex fender<\/li>\n<\/ul>\n<p><strong>Upozorenje!<\/strong>\u00a0Prilikom kori\u0161tenja potrebno je nositi za\u0161titnu opremu (kacigu, \u0161titnike, rukavice).<br \/>\n\u2013 Proizvod je igra\u010dka i nije namijenjen za kori\u0161tenje u javnom prijevozu jer nije prilago\u0111en za javni prijevoz.<br \/>\n<strong>Upozorenje!<\/strong> Proizvod ne smiju koristiti djeca mla\u0111a od 36 mjeseci jer sadr\u017ei sitne dijelove i mo\u017ee predstavljati opasnost od gu\u0161enja.<\/p>","protected":false},"excerpt":{"rendered":"<p class=\"product-meta__title heading h1\">Romobil CORE CD1 Pro je izdr\u017eljiva verzija romobila, dizajnirana za izvo\u0111enje trikova na ulici i u skate parkovima.<\/p>","protected":false},"featured_media":22560,"template":"","meta":{"_acf_changed":false,"inline_featured_image":false,"_monsterinsights_skip_tracking":false,"_monsterinsights_sitenote_active":false,"_monsterinsights_sitenote_note":"","_monsterinsights_sitenote_category":0},"product_brand":[],"product_cat":[652,495],"product_tag":[],"class_list":{"0":"post-11229","1":"product","2":"type-product","3":"status-publish","4":"has-post-thumbnail","6":"product_cat-freestyle-skiroji","7":"product_cat-skiroji","9":"first","10":"instock","11":"sale","12":"taxable","13":"shipping-taxable","14":"purchasable","15":"product-type-simple"},"acf":[],"aioseo_notices":[],"_links":{"self":[{"href":"https:\/\/ritosa.click.si\/hr\/wp-json\/wp\/v2\/product\/11229","targetHints":{"allow":["GET"]}}],"collection":[{"href":"https:\/\/ritosa.click.si\/hr\/wp-json\/wp\/v2\/product"}],"about":[{"href":"https:\/\/ritosa.click.si\/hr\/wp-json\/wp\/v2\/types\/product"}],"wp:featuredmedia":[{"embeddable":true,"href":"https:\/\/ritosa.click.si\/hr\/wp-json\/wp\/v2\/media\/22560"}],"wp:attachment":[{"href":"https:\/\/ritosa.click.si\/hr\/wp-json\/wp\/v2\/media?parent=11229"}],"wp:term":[{"taxonomy":"product_brand","embeddable":true,"href":"https:\/\/ritosa.click.si\/hr\/wp-json\/wp\/v2\/product_brand?post=11229"},{"taxonomy":"product_cat","embeddable":true,"href":"https:\/\/ritosa.click.si\/hr\/wp-json\/wp\/v2\/product_cat?post=11229"},{"taxonomy":"product_tag","embeddable":true,"href":"https:\/\/ritosa.click.si\/hr\/wp-json\/wp\/v2\/product_tag?post=11229"}],"curies":[{"name":"radni list","href":"https:\/\/api.w.org\/{rel}","templated":true}]}}