{"id":11222,"date":"2022-07-22T13:09:02","date_gmt":"2022-07-22T13:09:02","guid":{"rendered":"https:\/\/ritosa.click.si\/?post_type=product&#038;p=11222"},"modified":"2026-03-14T12:18:09","modified_gmt":"2026-03-14T11:18:09","slug":"head-lauren-2-0-24","status":"publish","type":"product","link":"https:\/\/ritosa.click.si\/hr\/ducan\/biciklizam\/kotaci\/djecji-bicikli-2\/24\/head-lauren-2-0-24\/","title":{"rendered":"HEAD Lauren 2.0 24\u2033"},"content":{"rendered":"<p><strong>TEHNI\u010cKI PODACI<\/strong><\/p>\n<ul>\n<li>Okvir: Aluminij 6061, veli\u010dina: 34 cm, unutarnje usmjerene sajle, hidroformirane cijevi, termi\u010dki obra\u0111eno<\/li>\n<li>Vilica: Zoom HL CH-565D AMS, hod: 80 mm<\/li>\n<li>Le\u017eaj upravlja\u010da: Neco H142, poluintegrirani<\/li>\n<li>Stra\u017enji mjenja\u010d: S-Ride RD-M200, 8 brzina<\/li>\n<li>Mjenja\u010d: S-Ride SLR45, 1\u00d78<\/li>\n<li>Pogonski sklop: Prowheel A10XPP, Prednji prsten: 32, duljina: 152 mm<\/li>\n<li>Lanac: KMC Z8, 8 brzina<\/li>\n<\/ul>\n<p>BICIKLI<\/p>\n<ul>\n<li>Obru\u010di: Remerx 719-L, 36 rupa<\/li>\n<li>Prednja glav\u010dina: Formula DC20, QR, 100 mm<\/li>\n<li>Stra\u017enja glav\u010dina: Formula DC22, QR, 135 mm<\/li>\n<li>Gume: CST C-1040N, 24\u00d72.1\u201d<\/li>\n<\/ul>\n<p>KOMPONENTE<\/p>\n<ul>\n<li>Ko\u010dnice: Tektro M280<\/li>\n<li><strong>Disk ko\u010dnice:<\/strong> 160\/160 mm, mehani\u010dki<\/li>\n<li>Volan: HBC, \u0161irina: 560 mm, 31,8 mm<\/li>\n<li>Lupa volana: HBC, duljina: 70 mm, 31,8 mm<\/li>\n<li>Cijev sjedala: HBC VL-5130, Nosa\u010di: Cr-Mo<\/li>\n<li>Cijev sjedala: HBC, duljina: 350 mm, 27,2 mm<\/li>\n<li>Pedale: Wellgo LU 895T DU<\/li>\n<\/ul>","protected":false},"excerpt":{"rendered":"<p>Dje\u010dji bicikl Head Lauren 2.0 24\u201d<\/p>\n<p>Za djecu visine izme\u0111u 130 i 155 cm preporu\u010duje se bicikl od 24 in\u010da.<\/p>\n<ul>\n<li><strong>Okvir:<\/strong> Aluminij 6061, veli\u010dina: 34 cm<\/li>\n<li><strong>Vilice:<\/strong> Zoom HL CH-565D AMS<\/li>\n<li><strong>Zadnji mjenja\u010d:<\/strong> S-Ride RD-M200<\/li>\n<li><strong>Disk ko\u010dnice:<\/strong> Tektro M280, 160\/160 mm, mehani\u010dki<\/li>\n<li><strong>Kota\u010di:<\/strong> 24\u2033<\/li>\n<li><strong>Te\u017eina:<\/strong> 11,9 kg<\/li>\n<\/ul>","protected":false},"featured_media":11223,"template":"","meta":{"_acf_changed":false,"inline_featured_image":false},"product_brand":[1193],"product_cat":[647],"product_tag":[1198,1202,1007],"class_list":{"0":"post-11222","1":"product","2":"type-product","3":"status-publish","4":"has-post-thumbnail","6":"product_brand-head","7":"product_cat-647","8":"product_tag-otroci","9":"product_tag-otroska-kolesa","10":"product_tag-otrosko-kolo","12":"first","13":"instock","14":"sale","15":"taxable","16":"shipping-taxable","17":"purchasable","18":"product-type-simple"},"acf":[],"_links":{"self":[{"href":"https:\/\/ritosa.click.si\/hr\/wp-json\/wp\/v2\/product\/11222","targetHints":{"allow":["GET"]}}],"collection":[{"href":"https:\/\/ritosa.click.si\/hr\/wp-json\/wp\/v2\/product"}],"about":[{"href":"https:\/\/ritosa.click.si\/hr\/wp-json\/wp\/v2\/types\/product"}],"wp:featuredmedia":[{"embeddable":true,"href":"https:\/\/ritosa.click.si\/hr\/wp-json\/wp\/v2\/media\/11223"}],"wp:attachment":[{"href":"https:\/\/ritosa.click.si\/hr\/wp-json\/wp\/v2\/media?parent=11222"}],"wp:term":[{"taxonomy":"product_brand","embeddable":true,"href":"https:\/\/ritosa.click.si\/hr\/wp-json\/wp\/v2\/product_brand?post=11222"},{"taxonomy":"product_cat","embeddable":true,"href":"https:\/\/ritosa.click.si\/hr\/wp-json\/wp\/v2\/product_cat?post=11222"},{"taxonomy":"product_tag","embeddable":true,"href":"https:\/\/ritosa.click.si\/hr\/wp-json\/wp\/v2\/product_tag?post=11222"}],"curies":[{"name":"radni list","href":"https:\/\/api.w.org\/{rel}","templated":true}]}}