{"id":11141,"date":"2022-06-01T12:12:57","date_gmt":"2022-06-01T12:12:57","guid":{"rendered":"https:\/\/ritosa.click.si\/?post_type=product&#038;p=11141"},"modified":"2025-09-24T13:16:52","modified_gmt":"2025-09-24T11:16:52","slug":"supacaz-smash-3","status":"publish","type":"product","link":"https:\/\/ritosa.click.si\/hr\/ducan\/biciklizam\/oprema-za-biciklizam\/dodatna-oprema-in-rezervni-deli\/pedala\/supacaz-smash-3\/","title":{"rendered":"Pedale Shimano SPD-SL"},"content":{"rendered":"<p data-start=\"86\" data-end=\"104\"><strong data-start=\"90\" data-end=\"104\">ZNA\u010cAJKE:<\/strong><\/p>\n<p data-start=\"106\" data-end=\"254\">\u00a0<strong data-start=\"109\" data-end=\"153\">\u0160irok raspon pode\u0161avanja napetosti opruge<\/strong><br data-start=\"153\" data-end=\"156\" \/>\u2192 Omogu\u0107uje jednostavno pode\u0161avanje sile potrebne za stezanje\/otpu\u0161tanje prema potrebama biciklista.<\/p>\n<p data-start=\"256\" data-end=\"347\"><strong data-start=\"259\" data-end=\"299\">Ve\u0107e ciljano podru\u010dje za lak\u0161i ulazak<\/strong><br data-start=\"299\" data-end=\"302\" \/>\u2192 Lak\u0161e i br\u017ee stezanje cipele u pedalu.<\/p>\n<p data-start=\"256\" data-end=\"347\"><strong data-start=\"352\" data-end=\"387\">Kompozitno (sastavljeno) ku\u0107i\u0161te<\/strong><br data-start=\"387\" data-end=\"390\" \/>\u2192 Lagan, izdr\u017eljiv materijal koji doprinosi smanjenju te\u017eine.<\/p>\n<p data-start=\"256\" data-end=\"347\">\u00a0<strong data-start=\"452\" data-end=\"516\">Iznimno \u0161iroka platforma za maksimalnu u\u010dinkovitost prijenosa snage<\/strong><br data-start=\"516\" data-end=\"519\" \/>\u2192 Bolja stabilnost i ve\u0107a u\u010dinkovitost pogona.<\/p>\n<p data-start=\"578\" data-end=\"713\"><strong data-start=\"582\" data-end=\"652\">Izdr\u017eljiva plo\u010da od nehr\u0111aju\u0107eg \u010delika smanjuje savijanje i habanje<\/strong><br data-start=\"652\" data-end=\"655\" \/>\u2192 Produ\u017euje vijek trajanja pedala i odr\u017eava performanse.<\/p>\n<p data-start=\"578\" data-end=\"713\"><strong data-start=\"718\" data-end=\"774\">Shimano-va ba\u0161tina dizajna, kvalitete i performansi<\/strong><br data-start=\"774\" data-end=\"777\" \/>\u2192 Pouzdanost i kvaliteta po kojima je Shimano poznat u svijetu biciklizma.<\/p>\n<ul>\n<li data-start=\"96\" data-end=\"112\"><strong>Model:<\/strong> PD-R550<\/li>\n<li data-start=\"126\" data-end=\"143\"><strong>Niz:<\/strong> SHIMANO<\/li>\n<li data-start=\"157\" data-end=\"171\"><strong>Tip:<\/strong> SPD-SL (sustav cestovnih pedala \u2013 s kop\u010dom koja se pri\u010dvr\u0161\u0107uje na cipelu)<\/li>\n<li data-start=\"246\" data-end=\"276\"><strong data-start=\"250\" data-end=\"274\">Uvezivanje: <\/strong><strong data-start=\"277\" data-end=\"292\">Jednostrano<\/strong> (stezanje samo s jedne strane pedale \u2013 uobi\u010dajeno kod cestovnih pedala)<\/li>\n<li data-start=\"362\" data-end=\"407\"><strong data-start=\"366\" data-end=\"405\">Osovina patrone:<\/strong>\u00a0Da \u2013 osovina s ulo\u0161kom za glatkiju rotaciju i jednostavno odr\u017eavanje<\/li>\n<li data-start=\"492\" data-end=\"541\"><strong data-start=\"496\" data-end=\"539\">Zatvoreni mehanizam: <\/strong>Da \u2013 za\u0161tita od prljav\u0161tine i vode, \u0161to produ\u017euje vijek trajanja pedala<\/li>\n<\/ul>","protected":false},"excerpt":{"rendered":"<p>Pedale Shimano SPD-SL model PD-R550<\/p>","protected":false},"featured_media":19723,"template":"","meta":{"_acf_changed":false,"inline_featured_image":false,"_monsterinsights_skip_tracking":false,"_monsterinsights_sitenote_active":false,"_monsterinsights_sitenote_note":"","_monsterinsights_sitenote_category":0},"product_brand":[1189],"product_cat":[531],"product_tag":[1673,1657,1672,1674,1675],"class_list":{"0":"post-11141","1":"product","2":"type-product","3":"status-publish","4":"has-post-thumbnail","6":"product_brand-shimano","7":"product_cat-pedala","8":"product_tag-pd-r550","9":"product_tag-pedala","10":"product_tag-pedala-shimano","11":"product_tag-pedala-shimano-spd-sl","12":"product_tag-shimano-spd-sl","14":"first","15":"instock","16":"taxable","17":"shipping-taxable","18":"purchasable","19":"product-type-simple"},"acf":[],"aioseo_notices":[],"_links":{"self":[{"href":"https:\/\/ritosa.click.si\/hr\/wp-json\/wp\/v2\/product\/11141","targetHints":{"allow":["GET"]}}],"collection":[{"href":"https:\/\/ritosa.click.si\/hr\/wp-json\/wp\/v2\/product"}],"about":[{"href":"https:\/\/ritosa.click.si\/hr\/wp-json\/wp\/v2\/types\/product"}],"wp:featuredmedia":[{"embeddable":true,"href":"https:\/\/ritosa.click.si\/hr\/wp-json\/wp\/v2\/media\/19723"}],"wp:attachment":[{"href":"https:\/\/ritosa.click.si\/hr\/wp-json\/wp\/v2\/media?parent=11141"}],"wp:term":[{"taxonomy":"product_brand","embeddable":true,"href":"https:\/\/ritosa.click.si\/hr\/wp-json\/wp\/v2\/product_brand?post=11141"},{"taxonomy":"product_cat","embeddable":true,"href":"https:\/\/ritosa.click.si\/hr\/wp-json\/wp\/v2\/product_cat?post=11141"},{"taxonomy":"product_tag","embeddable":true,"href":"https:\/\/ritosa.click.si\/hr\/wp-json\/wp\/v2\/product_tag?post=11141"}],"curies":[{"name":"radni list","href":"https:\/\/api.w.org\/{rel}","templated":true}]}}