{"id":11139,"date":"2022-06-01T12:12:53","date_gmt":"2022-06-01T12:12:53","guid":{"rendered":"https:\/\/ritosa.click.si\/?post_type=product&#038;p=11139"},"modified":"2025-09-24T10:54:51","modified_gmt":"2025-09-24T08:54:51","slug":"supacaz-smash-2","status":"publish","type":"product","link":"https:\/\/ritosa.click.si\/hr\/ducan\/biciklizam\/oprema-za-biciklizam\/dodatna-oprema-in-rezervni-deli\/pedala\/supacaz-smash-2\/","title":{"rendered":"Supacaz Smash pedala"},"content":{"rendered":"<p><span class=\"VIiyi\" lang=\"sl\" xml:lang=\"sl\"><span class=\"JLqJ4b ChMk0b\">Zadr\u017eite kontrolu dok vozite bicikl gore-dolje svojom omiljenom stazom.<\/span> <span class=\"JLqJ4b ChMk0b\">Lagana Smash pedala nudi beskompromisne performanse sa svojim strate\u0161ki postavljenim pinovima i neprobojnim dizajnom produ\u017eene osovine.<\/span> <span class=\"JLqJ4b ChMk0b\">Dostupno u raznim bojama kako bi se uskladilo s va\u0161om opremom.<\/span> <span class=\"JLqJ4b ChMk0b\">Tijelo pedale izra\u0111eno je od oja\u010dane termoplastike, osovina je izra\u0111ena od CNC obra\u0111enog Cr-Mo, <\/span>l<span class=\"JLqJ4b ChMk0b\">Le\u017eajevi: izuzetno lagane samopodmazuju\u0107e zatvorene \u010dahure<\/span>, s<span class=\"JLqJ4b ChMk0b\">zamjenjive igle.<\/span><\/span><\/p>\n<ul>\n<li><span class=\"VIiyi\" lang=\"sl\" xml:lang=\"sl\"><span class=\"JLqJ4b ChMk0b\">Te\u017eina: 180 grama (svaki)<\/span><\/span><\/li>\n<li><span class=\"VIiyi\" lang=\"sl\" xml:lang=\"sl\"><span class=\"JLqJ4b ChMk0b\">Dimenzije: 113 mm x 114 mm<\/span><\/span><\/li>\n<\/ul>","protected":false},"excerpt":{"rendered":"<p>Supacaz Smash pedale plave boje<\/p>","protected":false},"featured_media":11140,"template":"","meta":{"_acf_changed":false,"inline_featured_image":false},"product_brand":[],"product_cat":[531],"product_tag":[1657,1659,1658],"class_list":{"0":"post-11139","1":"product","2":"type-product","3":"status-publish","4":"has-post-thumbnail","6":"product_cat-pedala","7":"product_tag-pedala","8":"product_tag-pedala-supacaz-smash","9":"product_tag-supacaz-smash","11":"first","12":"instock","13":"taxable","14":"shipping-taxable","15":"purchasable","16":"product-type-simple"},"acf":[],"_links":{"self":[{"href":"https:\/\/ritosa.click.si\/hr\/wp-json\/wp\/v2\/product\/11139","targetHints":{"allow":["GET"]}}],"collection":[{"href":"https:\/\/ritosa.click.si\/hr\/wp-json\/wp\/v2\/product"}],"about":[{"href":"https:\/\/ritosa.click.si\/hr\/wp-json\/wp\/v2\/types\/product"}],"wp:featuredmedia":[{"embeddable":true,"href":"https:\/\/ritosa.click.si\/hr\/wp-json\/wp\/v2\/media\/11140"}],"wp:attachment":[{"href":"https:\/\/ritosa.click.si\/hr\/wp-json\/wp\/v2\/media?parent=11139"}],"wp:term":[{"taxonomy":"product_brand","embeddable":true,"href":"https:\/\/ritosa.click.si\/hr\/wp-json\/wp\/v2\/product_brand?post=11139"},{"taxonomy":"product_cat","embeddable":true,"href":"https:\/\/ritosa.click.si\/hr\/wp-json\/wp\/v2\/product_cat?post=11139"},{"taxonomy":"product_tag","embeddable":true,"href":"https:\/\/ritosa.click.si\/hr\/wp-json\/wp\/v2\/product_tag?post=11139"}],"curies":[{"name":"radni list","href":"https:\/\/api.w.org\/{rel}","templated":true}]}}