{"id":11119,"date":"2022-05-24T13:41:22","date_gmt":"2022-05-24T13:41:22","guid":{"rendered":"https:\/\/ritosa.click.si\/?post_type=product&#038;p=11119"},"modified":"2026-03-24T16:33:07","modified_gmt":"2026-03-24T15:33:07","slug":"alpina-brooklyn","status":"publish","type":"product","link":"https:\/\/ritosa.click.si\/hr\/ducan\/biciklizam\/oprema-za-biciklizam\/kolesarske-celade\/odrasle-kolesarske-celade\/alpina-brooklyn\/","title":{"rendered":"Alpina Brooklyn"},"content":{"rendered":"<p>Kaciga ALPINA BROOKLYN ima napredne tehnologije i dugi popis opreme, tako da se u urbanom okru\u017eenju osje\u0107ate \u0161to ugodnije i sigurnije. Te\u017eina osigurava udobno no\u0161enje. Razlog tome je \u0161to je gornja \u0161koljka termi\u010dki spojena s Hi-EPS-om. To rezultira ja\u010dom povr\u0161inskom vezom, \u0161to je zaslu\u017eno za vrlo \u010dvrst dizajn. Kaciga je opremljena vrlo kvalitetnom podstavom koja osigurava udobno prianjanje i nagla\u0161ava izgled modela kacige. Istovremeno, tekstilni vizir integriran je u prednju plo\u010du. To pru\u017ea najbolju za\u0161titu u vidnom polju. Osim gledanja, kaciga Brooklyn fokusira se i na vid. Zahvaljuju\u0107i integriranom svjetlu, mo\u017eete sigurno putovati i no\u0107u. Kako bi se osiguralo savr\u0161eno prianjanje uz glavu, kaciga ima integrirani Run Ergo Flex + sustav, koji nam omogu\u0107uje pode\u0161avanje veli\u010dine za fino pode\u0161avanje. Zna\u010dajke nadopunjuju om\u010de na remenima koje se mogu koristiti za pri\u010dvr\u0161\u0107ivanje slu\u0161alica. Svojim detaljima, \u010distim dizajnom i najboljom mogu\u0107om sigurno\u0161\u0107u, Alpina Brooklyn priprema vas za va\u0161e sljede\u0107e putovanje u grad. U va\u0161em gradu. Iz kafi\u0107a u kafi\u0107, iz bara u bar, usred \u017eivota.<\/p>\n<ul>\n<li>HI-EPS: Unutarnji kalup Alpina kaciga izra\u0111en je od HI-EPS-a (ekspandiranog polistirena). Ovaj materijal sastoji se od mikroskopskih zra\u010dnih prostora koji u\u010dinkovito apsorbiraju sile nastale pri udaru.<\/li>\n<li>Inmold Tec: Kod INMOLD kaciga, unutarnji sloj se pod visokim tlakom i toplinom pretvara u pjenu te se lijepi ispod vanjskog sloja. Budu\u0107i da su unutarnji i vanjski dijelovi potpuno povezani, INMOLD kacige su izuzetno stabilne i vrlo lagane. Tako\u0111er pru\u017eaju znatno ve\u0107u sigurnost od kaciga s to\u010dkastim lijepljenjem.<\/li>\n<li>KERAMI\u010cKA LJUSKA: naziv za vanjsku \u0161koljku svih Alpina kaciga izra\u0111enih Inmold postupkom. To je tanak, lagan materijal koji je izuzetno otporan na udarce i ogrebotine, sadr\u017ei UV stabilizatore i antistati\u010dan je.<\/li>\n<li>Run System Ergo Flex+ - rotiraju\u0107i gumb na stra\u017enjoj strani glave omogu\u0107uje jednostavno pode\u0161avanje veli\u010dine kacige prema glavi, osiguravaju\u0107i savr\u0161eno pristajanje i sigurnost.<\/li>\n<li>ERGOMATI\u010cNO: kop\u010da koja je bezbroj puta provjerena i testirana koristi se na svim Alpina kacigama. Vi\u0161estupanjsko pode\u0161avanje, kontrolirano samo jednom rukom. Kop\u010da se tako\u0111er ne mo\u017ee sama odkop\u010dati u slu\u010daju nezgode.<\/li>\n<li>Y-KOPNJA: Y-kop\u010da spaja prednje i stra\u017enje remene ispod u\u0161iju. Kada se kop\u010da otkop\u010da, remene se mogu lako premjestiti i fino podesiti. To omogu\u0107uje optimalno pristajanje kacige.<\/li>\n<li>Kaciga ima 6 zra\u010dnih kanala, vizir i petlje na remenima koje se mogu koristiti za pri\u010dvr\u0161\u0107ivanje slu\u0161alica.<\/li>\n<li>Te\u017eina kacige: 290 g<\/li>\n<li>Stra\u017enje svjetlo uklju\u010deno<\/li>\n<\/ul>","protected":false},"excerpt":{"rendered":"<p>Biciklisti\u010dka kaciga ALPINA BROOKLYN<\/p>","protected":false},"featured_media":11121,"template":"","meta":{"_acf_changed":false,"inline_featured_image":false,"_monsterinsights_skip_tracking":false,"_monsterinsights_sitenote_active":false,"_monsterinsights_sitenote_note":"","_monsterinsights_sitenote_category":0},"product_brand":[678],"product_cat":[662],"product_tag":[],"class_list":{"0":"post-11119","1":"product","2":"type-product","3":"status-publish","4":"has-post-thumbnail","6":"product_brand-alpina","7":"product_cat-odrasle-kolesarske-celade","8":"pa_velikost-57-62","10":"first","11":"instock","12":"sale","13":"taxable","14":"shipping-taxable","15":"purchasable","16":"product-type-variable"},"acf":[],"aioseo_notices":[],"_links":{"self":[{"href":"https:\/\/ritosa.click.si\/hr\/wp-json\/wp\/v2\/product\/11119","targetHints":{"allow":["GET"]}}],"collection":[{"href":"https:\/\/ritosa.click.si\/hr\/wp-json\/wp\/v2\/product"}],"about":[{"href":"https:\/\/ritosa.click.si\/hr\/wp-json\/wp\/v2\/types\/product"}],"wp:featuredmedia":[{"embeddable":true,"href":"https:\/\/ritosa.click.si\/hr\/wp-json\/wp\/v2\/media\/11121"}],"wp:attachment":[{"href":"https:\/\/ritosa.click.si\/hr\/wp-json\/wp\/v2\/media?parent=11119"}],"wp:term":[{"taxonomy":"product_brand","embeddable":true,"href":"https:\/\/ritosa.click.si\/hr\/wp-json\/wp\/v2\/product_brand?post=11119"},{"taxonomy":"product_cat","embeddable":true,"href":"https:\/\/ritosa.click.si\/hr\/wp-json\/wp\/v2\/product_cat?post=11119"},{"taxonomy":"product_tag","embeddable":true,"href":"https:\/\/ritosa.click.si\/hr\/wp-json\/wp\/v2\/product_tag?post=11119"}],"curies":[{"name":"radni list","href":"https:\/\/api.w.org\/{rel}","templated":true}]}}