{"id":11067,"date":"2022-04-25T15:05:27","date_gmt":"2022-04-25T15:05:27","guid":{"rendered":"https:\/\/ritosa.click.si\/?post_type=product&#038;p=11067"},"modified":"2025-06-23T15:21:00","modified_gmt":"2025-06-23T13:21:00","slug":"elektricni-skiro-urbis-u5-1","status":"publish","type":"product","link":"https:\/\/ritosa.click.si\/hr\/ducan\/biciklizam\/elektricni-skiro-urbis-u5-1\/","title":{"rendered":"Elektri\u010dni skuter Urbis U5.1"},"content":{"rendered":"<p><span class=\"VIiyi\" xml:lang=\"sl\" lang=\"sl\"><span class=\"JLqJ4b ChMk0b\"><span class=\"Q4iAWc\">Kontrolu nad romobilom osigurava visoka ru\u010dka i vrlo \u010dvrsta, robusna konstrukcija.<\/span><\/span> <span class=\"JLqJ4b ChMk0b\"><span class=\"Q4iAWc\">Gume bez zra\u010dnica ne zahtijevaju odr\u017eavanje 100 %.<\/span><\/span> <span class=\"JLqJ4b ChMk0b\"><span class=\"Q4iAWc\">Veliki zaslon jasno prikazuje informacije o brzini, stanju baterije i postavljenom na\u010dinu rada maksimalne brzine.<\/span><\/span> <span class=\"JLqJ4b ChMk0b\"><span class=\"Q4iAWc\">Skuter ima 2 brzine s ograni\u010diva\u010dem brzine od 15 km\/h i 25 km\/h. Ru\u010dica ko\u010dnice aktivira stra\u017enju disk ko\u010dnicu i istovremeno elektri\u010dnu ko\u010dnicu na prednjem kota\u010du.<\/span><\/span><\/span><\/p>\n<p><span class=\"VIiyi\" xml:lang=\"sl\" lang=\"sl\"><span class=\"JLqJ4b ChMk0b\"><span class=\"Q4iAWc\"><span class=\"VIiyi\" xml:lang=\"sl\" lang=\"sl\"><span class=\"JLqJ4b ChMk0b\"><span class=\"Q4iAWc\">Domet 25 km + -5 km.<\/span><\/span><span class=\"JLqJ4b ChMk0b\"><span class=\"Q4iAWc\"><\/span><\/span> Na dan<span class=\"JLqJ4b ChMk0b\"><span class=\"Q4iAWc\">Na stvarni domet skutera utje\u010du: te\u017eina voza\u010da, stil vo\u017enje, profil staze, brzina, otpor zraka i jo\u0161 mnogo toga.<\/span><\/span><\/span><\/span><\/span><\/span><\/p>\n<p><span class=\"VIiyi\" xml:lang=\"sl\" lang=\"sl\"><span class=\"JLqJ4b ChMk0b\"><span class=\"Q4iAWc\"><span class=\"VIiyi\" xml:lang=\"sl\" lang=\"sl\"><span class=\"JLqJ4b ChMk0b\"><span class=\"Q4iAWc\"><span class=\"VIiyi\" xml:lang=\"sl\" lang=\"sl\"><span class=\"JLqJ4b ChMk0b\"><span class=\"Q4iAWc\">Skuter U5.1 ima vrlo robustan i \u010dvrst sustav sklapanja s jakom, velikom i \u010dvrstom kop\u010dom na dnu upravlja\u010da.<\/span><\/span> <span class=\"JLqJ4b ChMk0b\"><span class=\"Q4iAWc\">Sklapanje se vr\u0161i otvaranjem kop\u010de i guranjem prema gore du\u017e stupa upravlja\u010da, koji se zatim sklapa s ru\u010dkama upravlja\u010da prema osnovnoj plo\u010di i pri\u010dvr\u0161\u0107uje kukom koja se nalazi na stra\u017enjem blatobranu.<\/span><\/span><\/span><\/span><\/span><\/span><\/span><\/span><\/span><\/p>\n<p><span class=\"VIiyi\" xml:lang=\"sl\" lang=\"sl\"><span class=\"JLqJ4b ChMk0b\"><span class=\"Q4iAWc\"><span class=\"VIiyi\" xml:lang=\"sl\" lang=\"sl\"><span class=\"JLqJ4b ChMk0b\"><span class=\"Q4iAWc\"><span class=\"VIiyi\" xml:lang=\"sl\" lang=\"sl\"><span class=\"JLqJ4b ChMk0b\"><span class=\"Q4iAWc\"><span class=\"VIiyi\" xml:lang=\"sl\" lang=\"sl\"><span class=\"JLqJ4b ChMk0b\"><span class=\"Q4iAWc\">Skuter te\u017ei maksimalno 15 kg i ima nosivost od 100 kg.<\/span><\/span> <\/span><\/span><\/span><\/span><\/span><\/span><\/span><\/span><\/span><\/span><\/p>\n<table>\n<tbody>\n<tr>\n<td>Snaga motora<\/td>\n<td>350 W<\/td>\n<\/tr>\n<tr>\n<td>Kapacitet baterije<\/td>\n<td>10,4 Ah<\/td>\n<\/tr>\n<tr>\n<td>Doseg<\/td>\n<td>20 \u2013 30 km<\/td>\n<\/tr>\n<tr>\n<td>Vrijeme punjenja<\/td>\n<td>3 \u2013 5 sati<\/td>\n<\/tr>\n<\/tbody>\n<\/table>","protected":false},"excerpt":{"rendered":"<p>Prednost elektri\u010dnog skutera Urbis \u2013 pune gume\u00a0<\/p>","protected":false},"featured_media":11068,"template":"","meta":{"_acf_changed":false,"inline_featured_image":false},"product_brand":[],"product_cat":[1185],"product_tag":[],"class_list":{"0":"post-11067","1":"product","2":"type-product","3":"status-publish","4":"has-post-thumbnail","6":"product_cat-kolesarstvo","8":"first","9":"onbackorder","10":"sale","11":"taxable","12":"shipping-taxable","13":"purchasable","14":"product-type-simple"},"acf":[],"_links":{"self":[{"href":"https:\/\/ritosa.click.si\/hr\/wp-json\/wp\/v2\/product\/11067","targetHints":{"allow":["GET"]}}],"collection":[{"href":"https:\/\/ritosa.click.si\/hr\/wp-json\/wp\/v2\/product"}],"about":[{"href":"https:\/\/ritosa.click.si\/hr\/wp-json\/wp\/v2\/types\/product"}],"wp:featuredmedia":[{"embeddable":true,"href":"https:\/\/ritosa.click.si\/hr\/wp-json\/wp\/v2\/media\/11068"}],"wp:attachment":[{"href":"https:\/\/ritosa.click.si\/hr\/wp-json\/wp\/v2\/media?parent=11067"}],"wp:term":[{"taxonomy":"product_brand","embeddable":true,"href":"https:\/\/ritosa.click.si\/hr\/wp-json\/wp\/v2\/product_brand?post=11067"},{"taxonomy":"product_cat","embeddable":true,"href":"https:\/\/ritosa.click.si\/hr\/wp-json\/wp\/v2\/product_cat?post=11067"},{"taxonomy":"product_tag","embeddable":true,"href":"https:\/\/ritosa.click.si\/hr\/wp-json\/wp\/v2\/product_tag?post=11067"}],"curies":[{"name":"radni list","href":"https:\/\/api.w.org\/{rel}","templated":true}]}}