{"id":11060,"date":"2022-04-25T14:50:54","date_gmt":"2022-04-25T14:50:54","guid":{"rendered":"https:\/\/ritosa.click.si\/?post_type=product&#038;p=11060"},"modified":"2025-06-23T15:21:00","modified_gmt":"2025-06-23T13:21:00","slug":"elektricni-skiro-urbis-u3-2","status":"publish","type":"product","link":"https:\/\/ritosa.click.si\/hr\/ducan\/biciklizam\/elektricni-skiro-urbis-u3-2\/","title":{"rendered":"Elektri\u010dni skuter Urbis U3.2"},"content":{"rendered":"<p><span class=\"VIiyi\" xml:lang=\"sl\" lang=\"sl\"><span class=\"JLqJ4b ChMk0b\"><span class=\"Q4iAWc\">Novi elektri\u010dni skuter URBiS U3.2 s motorom snage 350 W.<\/span><\/span> <span class=\"JLqJ4b ChMk0b\"><span class=\"Q4iAWc\">Prednost skutera je njegova mala te\u017eina i brza monta\u017ea.<\/span><\/span> <span class=\"JLqJ4b ChMk0b\"><span class=\"Q4iAWc\"><\/span><\/span><\/span><\/p>\n<p><span class=\"VIiyi\" xml:lang=\"sl\" lang=\"sl\"><span class=\"JLqJ4b ChMk0b\"><span class=\"Q4iAWc\">Neosporna prednost je kori\u0161tenje bubanj ko\u010dnice na stra\u017enjem kota\u010du, koja gotovo ne zahtijeva odr\u017eavanje i ima izvrstan u\u010dinak ko\u010denja.<\/span><\/span> <span class=\"JLqJ4b ChMk0b\"><span class=\"Q4iAWc\"><\/span><\/span><\/span><\/p>\n<p><span class=\"VIiyi\" xml:lang=\"sl\" lang=\"sl\"><span class=\"JLqJ4b ChMk0b\"><span class=\"Q4iAWc\">Na desnoj strani upravlja\u010da nalazi se zasebna ru\u010dica elektri\u010dne ko\u010dnice, dok je ru\u010dica za stra\u017enju bubanj ko\u010dnicu ostala na lijevoj strani.<\/span><\/span> <span class=\"JLqJ4b ChMk0b\"><span class=\"Q4iAWc\"><\/span><\/span><\/span><\/p>\n<p><span class=\"VIiyi\" xml:lang=\"sl\" lang=\"sl\"><span class=\"JLqJ4b ChMk0b\"><span class=\"Q4iAWc\">Donji dio baterije za\u0161ti\u0107en je aluminijskim poklopcem.<\/span><\/span> <span class=\"JLqJ4b ChMk0b\"><span class=\"Q4iAWc\">U usporedbi s modelom U3.1, ovdje se tako\u0111er koristi novi zaslon.<\/span><\/span> <span class=\"JLqJ4b ChMk0b\"><span class=\"Q4iAWc\"><\/span><\/span><\/span><\/p>\n<p><span class=\"VIiyi\" xml:lang=\"sl\" lang=\"sl\"><span class=\"JLqJ4b ChMk0b\"><span class=\"Q4iAWc\">Uz model U3.2 dolazi sna\u017ean punja\u010d od 2,0 A.<\/span><\/span> <span class=\"JLqJ4b ChMk0b\"><span class=\"Q4iAWc\"><\/span><\/span><\/span><\/p>\n<p><span class=\"VIiyi\" xml:lang=\"sl\" lang=\"sl\"><span class=\"JLqJ4b ChMk0b\"><span class=\"Q4iAWc\">Stra\u017enji blatobran je bio oja\u010dan plasti\u010dnim odstojnikom.<\/span><\/span> Volan<span class=\"JLqJ4b ChMk0b\"><span class=\"Q4iAWc\"> podignut je za 5 cm u usporedbi s modelom U3.1 radi bolje stabilnosti i upravljanja.<\/span><\/span><span class=\"JLqJ4b\"><span class=\"Q4iAWc\"> <\/span><\/span><span class=\"JLqJ4b ChMk0b\"><span class=\"Q4iAWc\"><\/span><\/span><\/span><\/p>\n<p><span class=\"VIiyi\" xml:lang=\"sl\" lang=\"sl\"><span class=\"JLqJ4b ChMk0b\"><span class=\"Q4iAWc\">Prijevoz elektri\u010dnim skuterima URBiS najbolji je izbor iz ekolo\u0161kih i ekonomskih razloga.<\/span><\/span><span class=\"JLqJ4b\"><span class=\"Q4iAWc\"> <\/span><\/span><span class=\"JLqJ4b ChMk0b\"><span class=\"Q4iAWc\"><\/span><\/span><\/span><\/p>\n<p><span class=\"VIiyi\" xml:lang=\"sl\" lang=\"sl\"><span class=\"JLqJ4b ChMk0b\"><span class=\"Q4iAWc\">Tako\u0111er je mogu\u0107e povezati se s telefonom putem URBiS aplikacije, koja je dostupna i za Android i za iOS.<\/span><\/span><\/span><\/p>","protected":false},"excerpt":{"rendered":"<p>Akcijski<br \/>elektri\u010dni skuter po dobroj cijeni ima \u010dvrste gume dostava na zahtjev <\/p>","protected":false},"featured_media":11061,"template":"","meta":{"_acf_changed":false,"inline_featured_image":false},"product_brand":[],"product_cat":[1185],"product_tag":[],"class_list":{"0":"post-11060","1":"product","2":"type-product","3":"status-publish","4":"has-post-thumbnail","6":"product_cat-kolesarstvo","8":"first","9":"onbackorder","10":"sale","11":"taxable","12":"shipping-taxable","13":"purchasable","14":"product-type-simple"},"acf":[],"_links":{"self":[{"href":"https:\/\/ritosa.click.si\/hr\/wp-json\/wp\/v2\/product\/11060","targetHints":{"allow":["GET"]}}],"collection":[{"href":"https:\/\/ritosa.click.si\/hr\/wp-json\/wp\/v2\/product"}],"about":[{"href":"https:\/\/ritosa.click.si\/hr\/wp-json\/wp\/v2\/types\/product"}],"wp:featuredmedia":[{"embeddable":true,"href":"https:\/\/ritosa.click.si\/hr\/wp-json\/wp\/v2\/media\/11061"}],"wp:attachment":[{"href":"https:\/\/ritosa.click.si\/hr\/wp-json\/wp\/v2\/media?parent=11060"}],"wp:term":[{"taxonomy":"product_brand","embeddable":true,"href":"https:\/\/ritosa.click.si\/hr\/wp-json\/wp\/v2\/product_brand?post=11060"},{"taxonomy":"product_cat","embeddable":true,"href":"https:\/\/ritosa.click.si\/hr\/wp-json\/wp\/v2\/product_cat?post=11060"},{"taxonomy":"product_tag","embeddable":true,"href":"https:\/\/ritosa.click.si\/hr\/wp-json\/wp\/v2\/product_tag?post=11060"}],"curies":[{"name":"radni list","href":"https:\/\/api.w.org\/{rel}","templated":true}]}}