{"id":11052,"date":"2022-04-25T14:40:18","date_gmt":"2022-04-25T14:40:18","guid":{"rendered":"https:\/\/ritosa.click.si\/?post_type=product&#038;p=11052"},"modified":"2026-03-06T13:17:44","modified_gmt":"2026-03-06T12:17:44","slug":"elektricni-skiro-urbis-u7-1","status":"publish","type":"product","link":"https:\/\/ritosa.click.si\/hr\/ducan\/biciklizam\/elektricni-skiro-urbis-u7-1\/","title":{"rendered":"Elektri\u010dni skuter Urbis U7.1"},"content":{"rendered":"<ul>\n<li><span class=\"VIiyi\" lang=\"sl\" xml:lang=\"sl\"><span class=\"JLqJ4b ChMk0b\"><span class=\"Q4iAWc\">Elektri\u010dni skuter URBiS U7.1 savr\u0161ena je kombinacija bezbri\u017ene i, \u0161to je najva\u017enije, udobne vo\u017enje!<\/span><\/span> <\/span><\/li>\n<li><span class=\"VIiyi\" lang=\"sl\" xml:lang=\"sl\"><span class=\"JLqJ4b ChMk0b\"><span class=\"Q4iAWc\">Gume bez zra\u010dnica od 10 stopa osiguravaju bezbri\u017enu vo\u017enju koja se nikada ne probu\u0161i, a svladavanje prepreka je lak\u0161e zahvaljuju\u0107i velikom promjeru.<\/span><\/span> <span class=\"JLqJ4b ChMk0b\"><span class=\"Q4iAWc\">Udobnost osiguravaju prednje vilice s ovjesom, koje vo\u017enju \u010dak i po neravnim povr\u0161inama \u010dine u\u017eitkom.<\/span><\/span> <\/span><\/li>\n<li><span class=\"VIiyi\" lang=\"sl\" xml:lang=\"sl\"><span class=\"JLqJ4b ChMk0b\"><span class=\"Q4iAWc\">Motor od 500 W nalazi se na stra\u017enjem kota\u010du i radi s baterijom od 12,5 Ah, koja omogu\u0107uje stvarni domet od 30 km + \u2013 5 km, ovisno o te\u017eini i veli\u010dini korisnika, vremenskim uvjetima, kvaliteti povr\u0161ine, vanjskoj temperaturi itd.<\/span><\/span> <span class=\"JLqJ4b ChMk0b\"><span class=\"Q4iAWc\">.<\/span><\/span><\/span><\/li>\n<li><span class=\"VIiyi\" lang=\"sl\" xml:lang=\"sl\"> <span class=\"JLqJ4b ChMk0b\"><span class=\"Q4iAWc\">U prednjem kota\u010du ugra\u0111ena je bubanj ko\u010dnica.<\/span><\/span> <span class=\"JLqJ4b ChMk0b\"><span class=\"Q4iAWc\">Sila ko\u010denja se lako pode\u0161ava maticom.<\/span><\/span> <span class=\"JLqJ4b ChMk0b\"><span class=\"Q4iAWc\">Jo\u0161 jedna neosporna prednost bubanj ko\u010dnice u odnosu na disk ko\u010dnicu je njezin rad bez potrebe za odr\u017eavanjem.<\/span><\/span> <\/span><\/li>\n<li><span class=\"VIiyi\" lang=\"sl\" xml:lang=\"sl\"><span class=\"JLqJ4b ChMk0b\"><span class=\"Q4iAWc\">Sklapanje romobila je vrlo jednostavno, potrebno je samo nekoliko sekundi.<\/span><\/span> <span class=\"JLqJ4b ChMk0b\"><span class=\"Q4iAWc\">Tako\u0111er je mogu\u0107e povezati se s telefonom putem URBiS aplikacije, koja je dostupna i za Android i za iOS.<\/span><\/span><\/span><\/li>\n<\/ul>","protected":false},"excerpt":{"rendered":"<p>Urbis elektri\u010dni skuter izra\u0111en po narud\u017ebi<\/p>","protected":false},"featured_media":11053,"template":"","meta":{"_acf_changed":false,"inline_featured_image":false,"_monsterinsights_skip_tracking":false,"_monsterinsights_sitenote_active":false,"_monsterinsights_sitenote_note":"","_monsterinsights_sitenote_category":0},"product_brand":[],"product_cat":[1185],"product_tag":[],"class_list":{"0":"post-11052","1":"product","2":"type-product","3":"status-publish","4":"has-post-thumbnail","6":"product_cat-kolesarstvo","8":"first","9":"onbackorder","10":"sale","11":"taxable","12":"shipping-taxable","13":"purchasable","14":"product-type-simple"},"acf":[],"aioseo_notices":[],"_links":{"self":[{"href":"https:\/\/ritosa.click.si\/hr\/wp-json\/wp\/v2\/product\/11052","targetHints":{"allow":["GET"]}}],"collection":[{"href":"https:\/\/ritosa.click.si\/hr\/wp-json\/wp\/v2\/product"}],"about":[{"href":"https:\/\/ritosa.click.si\/hr\/wp-json\/wp\/v2\/types\/product"}],"wp:featuredmedia":[{"embeddable":true,"href":"https:\/\/ritosa.click.si\/hr\/wp-json\/wp\/v2\/media\/11053"}],"wp:attachment":[{"href":"https:\/\/ritosa.click.si\/hr\/wp-json\/wp\/v2\/media?parent=11052"}],"wp:term":[{"taxonomy":"product_brand","embeddable":true,"href":"https:\/\/ritosa.click.si\/hr\/wp-json\/wp\/v2\/product_brand?post=11052"},{"taxonomy":"product_cat","embeddable":true,"href":"https:\/\/ritosa.click.si\/hr\/wp-json\/wp\/v2\/product_cat?post=11052"},{"taxonomy":"product_tag","embeddable":true,"href":"https:\/\/ritosa.click.si\/hr\/wp-json\/wp\/v2\/product_tag?post=11052"}],"curies":[{"name":"radni list","href":"https:\/\/api.w.org\/{rel}","templated":true}]}}