{"id":10937,"date":"2022-03-16T14:22:00","date_gmt":"2022-03-16T14:22:00","guid":{"rendered":"https:\/\/ritosa.click.si\/?post_type=product&#038;p=10937"},"modified":"2026-03-24T17:07:45","modified_gmt":"2026-03-24T16:07:45","slug":"specialized-mode","status":"publish","type":"product","link":"https:\/\/ritosa.click.si\/hr\/ducan\/biciklizam\/oprema-za-biciklizam\/kolesarske-celade\/odrasle-kolesarske-celade\/specialized-mode\/","title":{"rendered":"Specialized Mode"},"content":{"rendered":"<p><span class=\"VIiyi\" lang=\"sl\" xml:lang=\"sl\"><span class=\"JLqJ4b\">Najnapredniji i najpametniji komad tehnologije na va\u0161em biciklu je onaj koji se pri\u010dvr\u0161\u0107uje na va\u0161a ramena. Zato je nova Mode kaciga dizajnirana da savr\u0161eno pristaje i da se osje\u0107ate i izgledate cool. Njene \u010diste, elegantne linije pru\u017eaju moderan stil i dizajn, a uklju\u010duju skrivene otvore za pove\u0107an protok zraka, tako da ostajete hladni \u010dak i kada temperature porastu. Besprijekorno integrirani sustav pode\u0161avanja veli\u010dine omogu\u0107uje vam optimizaciju pristajanja. Osvojite gradske ulice s Mode kacigom.<br \/>\n<\/span><\/span><\/p>\n<ul>\n<li><span class=\"VIiyi\" lang=\"sl\" xml:lang=\"sl\"><span class=\"JLqJ4b\">U skladu je s ameri\u010dkim sigurnosnim standardom CPSC-a za biciklisti\u010dke kacige za osobe starije od 5 godina. <\/span><\/span><\/li>\n<li><span class=\"VIiyi\" lang=\"sl\" xml:lang=\"sl\"><span class=\"JLqJ4b\">Integracija skrivenih otvora za ventilaciju poma\u017ee vam da ostanete hladni, \u010dak i u najtoplijim danima. <\/span><\/span><\/li>\n<li><span class=\"VIiyi\" lang=\"sl\" xml:lang=\"sl\"><span class=\"JLqJ4b\">Integrirani sustav pode\u0161avanja osigurava optimalno pristajanje i pode\u0161avanje hvata kacige na stra\u017enjoj strani glave.<\/span><\/span><\/li>\n<li><span class=\"VIiyi\" lang=\"sl\" xml:lang=\"sl\"><span class=\"JLqJ4b\">Mode je zaslu\u017eio najvi\u0161u ocjenu od 5 zvjezdica na kacigi Virginia Tech\u00ae od me\u0111unarodno priznatog Politehni\u010dkog instituta i Dr\u017eavnog sveu\u010dili\u0161ta Virginia. <\/span><\/span><\/li>\n<li><span class=\"VIiyi\" lang=\"sl\" xml:lang=\"sl\"><span class=\"JLqJ4b\">Bez obzira vozite li akusti\u010dni ili elektri\u010dni bicikl, Mode prema\u0161uje nizozemski standard za elektri\u010dne bicikle NTA8776, tako da mo\u017eete voziti samouvjereno i sigurno. <\/span><\/span><\/li>\n<li><span class=\"VIiyi\" lang=\"sl\" xml:lang=\"sl\"><span class=\"JLqJ4b\">Reflektiraju\u0107e naljepnice i kompatibilnost sa Stix Lightom osiguravaju besprijekornu vidljivost danju i no\u0107u. <\/span><\/span><\/li>\n<li><span class=\"VIiyi\" lang=\"sl\" xml:lang=\"sl\"><span class=\"JLqJ4b\">Opremljen MIPS-om i spreman za ANGi.<\/span><\/span><\/li>\n<\/ul>","protected":false},"excerpt":{"rendered":"<p>Kolesarska \u010delada za elektri\u010dno kolo Specialized Mode &#8211; z sistemom Mips<\/p>","protected":false},"featured_media":10939,"template":"","meta":{"_acf_changed":false,"inline_featured_image":false},"product_brand":[673],"product_cat":[662],"product_tag":[1201],"class_list":{"0":"post-10937","1":"product","2":"type-product","3":"status-publish","4":"has-post-thumbnail","6":"product_brand-specialized","7":"product_cat-odrasle-kolesarske-celade","8":"product_tag-outlet","9":"pa_velikost-55-59","11":"first","12":"instock","13":"sale","14":"taxable","15":"shipping-taxable","16":"purchasable","17":"product-type-variable"},"acf":[],"_links":{"self":[{"href":"https:\/\/ritosa.click.si\/hr\/wp-json\/wp\/v2\/product\/10937","targetHints":{"allow":["GET"]}}],"collection":[{"href":"https:\/\/ritosa.click.si\/hr\/wp-json\/wp\/v2\/product"}],"about":[{"href":"https:\/\/ritosa.click.si\/hr\/wp-json\/wp\/v2\/types\/product"}],"wp:featuredmedia":[{"embeddable":true,"href":"https:\/\/ritosa.click.si\/hr\/wp-json\/wp\/v2\/media\/10939"}],"wp:attachment":[{"href":"https:\/\/ritosa.click.si\/hr\/wp-json\/wp\/v2\/media?parent=10937"}],"wp:term":[{"taxonomy":"product_brand","embeddable":true,"href":"https:\/\/ritosa.click.si\/hr\/wp-json\/wp\/v2\/product_brand?post=10937"},{"taxonomy":"product_cat","embeddable":true,"href":"https:\/\/ritosa.click.si\/hr\/wp-json\/wp\/v2\/product_cat?post=10937"},{"taxonomy":"product_tag","embeddable":true,"href":"https:\/\/ritosa.click.si\/hr\/wp-json\/wp\/v2\/product_tag?post=10937"}],"curies":[{"name":"radni list","href":"https:\/\/api.w.org\/{rel}","templated":true}]}}