{"id":10922,"date":"2022-03-16T13:35:58","date_gmt":"2022-03-16T13:35:58","guid":{"rendered":"https:\/\/ritosa.click.si\/?post_type=product&#038;p=10922"},"modified":"2026-03-24T09:50:47","modified_gmt":"2026-03-24T08:50:47","slug":"otroska-celada-alpina-pico","status":"publish","type":"product","link":"https:\/\/ritosa.click.si\/hr\/ducan\/biciklizam\/oprema-za-biciklizam\/kolesarske-celade\/otroske-kolesarske-celade\/otroska-celada-alpina-pico\/","title":{"rendered":"Dje\u010dja kaciga ALPINA PICO"},"content":{"rendered":"<p>ALPINA PICO je biciklisti\u010dka kaciga za djecu i mlade. Inmold konstrukcija, mnogi otvori za ventilaciju i svjetlo na stra\u017enjoj strani \u010dine kacigu sigurnom i udobnom za no\u0161enje. Integrirani vizir je posebno upe\u010datljiv jer nudi za\u0161titu od izravne sun\u010deve svjetlosti i dodatnu sigurnost u slu\u010daju pada. Ima tri otvora za ventilaciju koji sprje\u010davaju nakupljanje topline. Jo\u0161 dvanaest otvora za ventilaciju osigurava dobru ventilaciju glave. Mre\u017eica protiv komaraca na prednjoj strani sprje\u010dava ulazak insekata u biciklisti\u010dku kacigu. Run System Ergo Flex + osigurava udobnost i optimalne mogu\u0107nosti pode\u0161avanja. Lagan i nje\u017ean oblik ravnomjerno prianja uz glavu i time pove\u0107ava za\u0161titu. Neonske i ru\u017ei\u010daste boje osiguravaju dobru vidljivost.<\/p>\n<ul>\n<li>HI-EPS: Unutarnji kalup Alpina kaciga izra\u0111en je od HI-EPS-a (ekspandiranog polistirena). Ovaj materijal sastoji se od mikroskopskih zra\u010dnih prostora koji u\u010dinkovito apsorbiraju sile nastale pri udaru.<\/li>\n<li>Inmold Tec: Kod INMOLD kaciga, unutarnji sloj se pod visokim tlakom i toplinom pretvara u pjenu te se lijepi ispod vanjskog sloja. Budu\u0107i da su unutarnji i vanjski dijelovi potpuno povezani, INMOLD kacige su izuzetno stabilne i vrlo lagane. Tako\u0111er pru\u017eaju znatno ve\u0107u sigurnost od kaciga s to\u010dkastim lijepljenjem.<\/li>\n<li>KERAMI\u010cKA LJUSKA: naziv za vanjsku \u0161koljku svih Alpina kaciga izra\u0111enih Inmold postupkom. To je tanak, lagan materijal koji je izuzetno otporan na udarce i ogrebotine, sadr\u017ei UV stabilizatore i antistati\u010dan je.<\/li>\n<li>Run System Ergo Flex+ - rotiraju\u0107i gumb na stra\u017enjoj strani glave omogu\u0107uje jednostavno pode\u0161avanje veli\u010dine kacige prema glavi, osiguravaju\u0107i savr\u0161eno pristajanje i sigurnost.<\/li>\n<li>ERGOMATI\u010cNO: kop\u010da koja je bezbroj puta provjerena i testirana koristi se na svim Alpina kacigama. Vi\u0161estupanjsko pode\u0161avanje, kontrolirano samo jednom rukom. Kop\u010da se tako\u0111er ne mo\u017ee sama odkop\u010dati u slu\u010daju nezgode.<\/li>\n<li>Y-KOPNJA: Y-kop\u010da spaja prednje i stra\u017enje remene ispod u\u0161iju. Kada se kop\u010da otkop\u010da, remene se mogu lako premjestiti i fino podesiti. To omogu\u0107uje optimalno pristajanje kacige.<\/li>\n<li>Te\u017eina kacige 220 g<\/li>\n<li>15 ventilacijskih otvora osigurava idealan protok zraka unutra<\/li>\n<li>Mre\u017ea za muhe \u2013 mre\u017ea za za\u0161titu od insekata<\/li>\n<li>Opcija: svjetlo se mo\u017ee dodatno ugraditi<\/li>\n<\/ul>","protected":false},"excerpt":{"rendered":"<p>ALPINA PICO dje\u010dja biciklisti\u010dka kaciga<\/p>","protected":false},"featured_media":10924,"template":"","meta":{"_acf_changed":false,"inline_featured_image":false},"product_brand":[678],"product_cat":[577],"product_tag":[1198],"class_list":{"0":"post-10922","1":"product","2":"type-product","3":"status-publish","4":"has-post-thumbnail","6":"product_brand-alpina","7":"product_cat-otroske-kolesarske-celade","8":"product_tag-otroci","9":"pa_velikost-50-55","11":"first","12":"instock","13":"sale","14":"taxable","15":"shipping-taxable","16":"purchasable","17":"product-type-variable"},"acf":[],"_links":{"self":[{"href":"https:\/\/ritosa.click.si\/hr\/wp-json\/wp\/v2\/product\/10922","targetHints":{"allow":["GET"]}}],"collection":[{"href":"https:\/\/ritosa.click.si\/hr\/wp-json\/wp\/v2\/product"}],"about":[{"href":"https:\/\/ritosa.click.si\/hr\/wp-json\/wp\/v2\/types\/product"}],"wp:featuredmedia":[{"embeddable":true,"href":"https:\/\/ritosa.click.si\/hr\/wp-json\/wp\/v2\/media\/10924"}],"wp:attachment":[{"href":"https:\/\/ritosa.click.si\/hr\/wp-json\/wp\/v2\/media?parent=10922"}],"wp:term":[{"taxonomy":"product_brand","embeddable":true,"href":"https:\/\/ritosa.click.si\/hr\/wp-json\/wp\/v2\/product_brand?post=10922"},{"taxonomy":"product_cat","embeddable":true,"href":"https:\/\/ritosa.click.si\/hr\/wp-json\/wp\/v2\/product_cat?post=10922"},{"taxonomy":"product_tag","embeddable":true,"href":"https:\/\/ritosa.click.si\/hr\/wp-json\/wp\/v2\/product_tag?post=10922"}],"curies":[{"name":"radni list","href":"https:\/\/api.w.org\/{rel}","templated":true}]}}