{"id":10919,"date":"2022-03-16T13:28:16","date_gmt":"2022-03-16T13:28:16","guid":{"rendered":"https:\/\/ritosa.click.si\/?post_type=product&#038;p=10919"},"modified":"2026-03-24T10:00:42","modified_gmt":"2026-03-24T09:00:42","slug":"otroska-celada-alpina-carapax-jr-flash","status":"publish","type":"product","link":"https:\/\/ritosa.click.si\/hr\/ducan\/biciklizam\/oprema-za-biciklizam\/kolesarske-celade\/otroske-kolesarske-celade\/otroska-celada-alpina-carapax-jr-flash\/","title":{"rendered":"Dje\u010dja kaciga ALPINA CARAPAX JR.FLASH"},"content":{"rendered":"<p>Za odrasle i djecu: kaciga CARAPAX JR. FLASH ima velik broj zna\u010dajki sli\u010dnih onima dostupnim za odrasle. Inmold konstrukcija, kod koje je gornja \u0161koljka izravno povezana s Hi-EPS sustavom, \u010dini kacigu izuzetno laganom, stra\u017enji dio glave i podru\u010dje u podru\u010dju sjene duboko su izvu\u010deni za optimalnu sigurnost na terenu, a rubovi kacige dodatno su za\u0161ti\u0107eni Edge Protect tehnologijom. Osim toga, veliki otvori za ventilaciju osiguravaju idealnu ventilaciju. Run System Classic prilago\u0111ava se svakom obliku glave. Multi-Fit svjetlo, smje\u0161teno na stra\u017enjoj strani kacige, osigurava optimalnu vidljivost.<\/p>\n<ul>\n<li>KERAMI\u010cKA LJUSKA: naziv za vanjsku \u0161koljku svih Alpina kaciga izra\u0111enih Inmold postupkom. To je tanak, lagan materijal koji je izuzetno otporan na udarce i ogrebotine, sadr\u017ei UV stabilizatore i antistati\u010dan je.<\/li>\n<li>ERGOMATI\u010cNO: kop\u010da koja je bezbroj puta provjerena i testirana koristi se na svim Alpina kacigama. Vi\u0161estupanjsko pode\u0161avanje, kontrolirano samo jednom rukom. Kop\u010da se tako\u0111er ne mo\u017ee sama odkop\u010dati u slu\u010daju nezgode.<\/li>\n<li>HI-EPS: Unutarnji kalup Alpina kaciga izra\u0111en je od HI-EPS-a (ekspandiranog polistirena). Ovaj materijal sastoji se od mikroskopskih zra\u010dnih prostora koji u\u010dinkovito apsorbiraju sile nastale pri udaru.<\/li>\n<li>Inmold Tec: Kod INMOLD kaciga, unutarnji sloj se pod visokim tlakom i toplinom pretvara u pjenu te se lijepi ispod vanjskog sloja. Budu\u0107i da su unutarnji i vanjski dijelovi potpuno povezani, INMOLD kacige su izuzetno stabilne i vrlo lagane. Tako\u0111er pru\u017eaju znatno ve\u0107u sigurnost od kaciga s to\u010dkastim lijepljenjem.<\/li>\n<li>Y-KOPNJA: Y-kop\u010da spaja prednje i stra\u017enje remene ispod u\u0161iju. Kada se kop\u010da otkop\u010da, remene se mogu lako premjestiti i fino podesiti. To omogu\u0107uje optimalno pristajanje kacige.<\/li>\n<li>EDGE PROTECT: za\u0161titni sloj koji kacigu \u010dini otpornijom na lomove i ogrebotine te nudi dodatnu za\u0161titu od vanjskih utjecaja tijekom \u010deste upotrebe<\/li>\n<li>Rotiraju\u0107i gumb Run System Classic na stra\u017enjoj strani glave omogu\u0107uje jednostavno pode\u0161avanje veli\u010dine kacige prema glavi, osiguravaju\u0107i savr\u0161eno pristajanje i sigurnost<\/li>\n<li>ugra\u0111eno LED svjetlo<\/li>\n<\/ul>","protected":false},"excerpt":{"rendered":"<p>Dje\u010dja biciklisti\u010dka kaciga ALPINA CARAPAX JR.FLASH<\/p>","protected":false},"featured_media":10921,"template":"","meta":{"_acf_changed":false,"inline_featured_image":false,"_monsterinsights_skip_tracking":false,"_monsterinsights_sitenote_active":false,"_monsterinsights_sitenote_note":"","_monsterinsights_sitenote_category":0},"product_brand":[678],"product_cat":[577],"product_tag":[1198],"class_list":{"0":"post-10919","1":"product","2":"type-product","3":"status-publish","4":"has-post-thumbnail","6":"product_brand-alpina","7":"product_cat-otroske-kolesarske-celade","8":"product_tag-otroci","9":"pa_velikost-51-56","11":"first","12":"instock","13":"sale","14":"taxable","15":"shipping-taxable","16":"purchasable","17":"product-type-variable"},"acf":[],"aioseo_notices":[],"_links":{"self":[{"href":"https:\/\/ritosa.click.si\/hr\/wp-json\/wp\/v2\/product\/10919","targetHints":{"allow":["GET"]}}],"collection":[{"href":"https:\/\/ritosa.click.si\/hr\/wp-json\/wp\/v2\/product"}],"about":[{"href":"https:\/\/ritosa.click.si\/hr\/wp-json\/wp\/v2\/types\/product"}],"wp:featuredmedia":[{"embeddable":true,"href":"https:\/\/ritosa.click.si\/hr\/wp-json\/wp\/v2\/media\/10921"}],"wp:attachment":[{"href":"https:\/\/ritosa.click.si\/hr\/wp-json\/wp\/v2\/media?parent=10919"}],"wp:term":[{"taxonomy":"product_brand","embeddable":true,"href":"https:\/\/ritosa.click.si\/hr\/wp-json\/wp\/v2\/product_brand?post=10919"},{"taxonomy":"product_cat","embeddable":true,"href":"https:\/\/ritosa.click.si\/hr\/wp-json\/wp\/v2\/product_cat?post=10919"},{"taxonomy":"product_tag","embeddable":true,"href":"https:\/\/ritosa.click.si\/hr\/wp-json\/wp\/v2\/product_tag?post=10919"}],"curies":[{"name":"radni list","href":"https:\/\/api.w.org\/{rel}","templated":true}]}}