{"id":10909,"date":"2022-03-16T13:22:20","date_gmt":"2022-03-16T13:22:20","guid":{"rendered":"https:\/\/ritosa.click.si\/?post_type=product&#038;p=10909"},"modified":"2026-03-24T10:23:02","modified_gmt":"2026-03-24T09:23:02","slug":"otroska-celada-alpina-ximo-l-e-2","status":"publish","type":"product","link":"https:\/\/ritosa.click.si\/hr\/ducan\/biciklizam\/oprema-za-biciklizam\/kolesarske-celade\/otroske-kolesarske-celade\/otroska-celada-alpina-ximo-l-e-2\/","title":{"rendered":"ALPINA XIMO LE dje\u010dja kaciga"},"content":{"rendered":"<p>Najbolja mogu\u0107a za\u0161tita za najmanje glave: to je ono \u0161to pru\u017ea XIMO LE od Alpinea. Dje\u010dja kaciga nudi brojna detaljna rje\u0161enja usmjerena prema jednom cilju: maksimalna sigurnost uz maksimalnu udobnost. Za savr\u0161eno pristajanje, Run System Classic Slide, koji se mo\u017ee prilagoditi glavi u tri dimenzije, osigurava visoku razinu udobnosti i za\u0161tite. Mala te\u017eina rezultat je be\u0161avne proizvodnje, gdje je gornja \u0161koljka termi\u010dki spojena s Hi-EPS-om. To rezultira \u010dvrstom povr\u0161inskom vezom, koja je zaslu\u017ena za vrlo \u010dvrst dizajn. Osim toga, rubovi su zavr\u0161eni polikarbonatnom \u0161koljkom Edge Protect. Otvori za ventilaciju strate\u0161ki su postavljeni kako bi sun\u010deve zrake dr\u017eale podalje od glave, a istovremeno osiguravaju izvrsnu ventilaciju. Stra\u017enji dio biciklisti\u010dke kacige dizajniran je da bude ravan i pove\u0107ava udobnost pri sjedenju u dje\u010djoj sjedalici ili prikolici. Reflektori i Multi-Fit svjetlo, koje se mo\u017ee naknadno ugraditi, osiguravaju visoku vidljivost u sumrak ili no\u0107u. Popis zna\u010dajki zaokru\u017euje visokokvalitetna mat zavr\u0161na obrada. Glavna zna\u010dajka kacige Ximo LE je da su kacige u mat sjajnim bojama za jo\u0161 bolju vidljivost.<\/p>\n<ul>\n<li>HI-EPS: Unutarnji kalup Alpina kaciga izra\u0111en je od HI-EPS-a (ekspandiranog polistirena). Ovaj materijal sastoji se od mikroskopskih zra\u010dnih prostora koji u\u010dinkovito apsorbiraju sile nastale pri udaru.<\/li>\n<li>Inmold Tec: Kod INMOLD kaciga, unutarnji sloj se pod visokim tlakom i toplinom pretvara u pjenu te se lijepi ispod vanjskog sloja. Budu\u0107i da su unutarnji i vanjski dijelovi potpuno povezani, INMOLD kacige su izuzetno stabilne i vrlo lagane. Tako\u0111er pru\u017eaju znatno ve\u0107u sigurnost od kaciga s to\u010dkastim lijepljenjem.<\/li>\n<li>KERAMI\u010cKA LJUSKA: naziv za vanjsku \u0161koljku svih Alpina kaciga izra\u0111enih Inmold postupkom. To je tanak, lagan materijal koji je izuzetno otporan na udarce i ogrebotine, sadr\u017ei UV stabilizatore i antistati\u010dan je.<\/li>\n<li>Run System Ergo Flex+ - rotiraju\u0107i gumb na stra\u017enjoj strani glave omogu\u0107uje jednostavno pode\u0161avanje veli\u010dine kacige prema glavi, osiguravaju\u0107i savr\u0161eno pristajanje i sigurnost.<\/li>\n<li>ERGOMATI\u010cNO: kop\u010da koja je bezbroj puta provjerena i testirana koristi se na svim Alpina kacigama. Vi\u0161estupanjsko pode\u0161avanje, kontrolirano samo jednom rukom. Kop\u010da se tako\u0111er ne mo\u017ee sama odkop\u010dati u slu\u010daju nezgode.<\/li>\n<li>Y-KOPNJA: Y-kop\u010da spaja prednje i stra\u017enje remene ispod u\u0161iju. Kada se kop\u010da otkop\u010da, remene se mogu lako premjestiti i fino podesiti. To omogu\u0107uje optimalno pristajanje kacige.<\/li>\n<li>Te\u017eina kacige 210 g<\/li>\n<li>12 ventilacijskih otvora osigurava idealan protok zraka unutra<\/li>\n<li>Mre\u017ea za muhe \u2013 mre\u017ea za za\u0161titu od insekata<\/li>\n<li>Opcija: svjetlo se mo\u017ee dodatno ugraditi<\/li>\n<\/ul>","protected":false},"excerpt":{"rendered":"<p>ALPINA XIMO LE dje\u010dja biciklisti\u010dka kaciga.<\/p>","protected":false},"featured_media":10913,"template":"","meta":{"_acf_changed":false,"inline_featured_image":false},"product_brand":[678],"product_cat":[577],"product_tag":[1198],"class_list":{"0":"post-10909","1":"product","2":"type-product","3":"status-publish","4":"has-post-thumbnail","6":"product_brand-alpina","7":"product_cat-otroske-kolesarske-celade","8":"product_tag-otroci","9":"pa_velikost-49-54","11":"first","12":"instock","13":"sale","14":"taxable","15":"shipping-taxable","16":"purchasable","17":"product-type-variable"},"acf":[],"_links":{"self":[{"href":"https:\/\/ritosa.click.si\/hr\/wp-json\/wp\/v2\/product\/10909","targetHints":{"allow":["GET"]}}],"collection":[{"href":"https:\/\/ritosa.click.si\/hr\/wp-json\/wp\/v2\/product"}],"about":[{"href":"https:\/\/ritosa.click.si\/hr\/wp-json\/wp\/v2\/types\/product"}],"wp:featuredmedia":[{"embeddable":true,"href":"https:\/\/ritosa.click.si\/hr\/wp-json\/wp\/v2\/media\/10913"}],"wp:attachment":[{"href":"https:\/\/ritosa.click.si\/hr\/wp-json\/wp\/v2\/media?parent=10909"}],"wp:term":[{"taxonomy":"product_brand","embeddable":true,"href":"https:\/\/ritosa.click.si\/hr\/wp-json\/wp\/v2\/product_brand?post=10909"},{"taxonomy":"product_cat","embeddable":true,"href":"https:\/\/ritosa.click.si\/hr\/wp-json\/wp\/v2\/product_cat?post=10909"},{"taxonomy":"product_tag","embeddable":true,"href":"https:\/\/ritosa.click.si\/hr\/wp-json\/wp\/v2\/product_tag?post=10909"}],"curies":[{"name":"radni list","href":"https:\/\/api.w.org\/{rel}","templated":true}]}}