{"id":10882,"date":"2022-03-15T09:53:30","date_gmt":"2022-03-15T09:53:30","guid":{"rendered":"https:\/\/ritosa.click.si\/?post_type=product&#038;p=10882"},"modified":"2026-03-27T17:45:31","modified_gmt":"2026-03-27T16:45:31","slug":"specialized-sirrus-1-0","status":"publish","type":"product","link":"https:\/\/ritosa.click.si\/hr\/ducan\/biciklizam\/kotaci\/treking-kolesa\/specialized-sirrus-1-0\/","title":{"rendered":"Specialized Sirrus 1.0"},"content":{"rendered":"<p><span class=\"tlid-translation translation\" lang=\"sl\" xml:lang=\"sl\">\u017delite posjetiti prijatelje, posjetiti mjesta, pa \u010dak i ostvariti fitness ciljeve u kratkom vremenu. Razumijemo - \u017eivot ide prili\u010dno brzo, a Sirrus vam u svemu tome mo\u017ee pomo\u0107i. Gdje god \u017eelite i\u0107i, Sirrus \u0107e vas tamo odvesti. Sirrus ima okvir od aluminija A1 i pouzdane MicroSHIFT komponente koje su izra\u0111ene da izdr\u017ee svakodnevnu upotrebu. Sna\u017ene V-ko\u010dnice pru\u017eaju pouzdanu zaustavnu snagu u svim uvjetima. A udobne i ergonomski dizajnirane kontaktne to\u010dke Body Geometry pru\u017eit \u0107e vam udobnost na duljim vo\u017enjama.<\/span><\/p>\n<div class=\"line clearfix even\">\n<div class=\"l\">Okvir<\/div>\n<div class=\"r\">Specialized A1 Premium aluminij, Fitness geometrija, Tubular s oja\u010danjima, Unutarnje vo\u0111enje sajli, V-ko\u010dnica, Brzootpu\u0161tanje, Plug + Play nosa\u010di za nosa\u010de\/blatobran<\/div>\n<\/div>\n<div class=\"line clearfix\">\n<div class=\"l\">Vilica<\/div>\n<div class=\"r\">Hi-Ten \u010delik, V-ko\u010dnica, Plug + Play nosa\u010di blatobrana, niski nosa\u010di za nosa\u010d, brzo otpu\u0161tanje<\/div>\n<\/div>\n<div class=\"line clearfix even\">\n<div class=\"l\">Stabljika<\/div>\n<div class=\"r\">Specialized Flowset, integrirani, 3D kovane aluminijske vilice, 4 vijka, porast od 12 stupnjeva, obujmica 31,8 mm<\/div>\n<\/div>\n<div class=\"line clearfix\">\n<div class=\"l\">Trake<\/div>\n<div class=\"r\">Specialized Body Geometry XCT, zaklju\u010davanje<\/div>\n<\/div>\n<div class=\"line clearfix even\">\n<div class=\"l\">Upravlja\u010di<\/div>\n<div class=\"r\">Dvostruko stegnuta legura, zavoj od 5 stupnjeva, 25,4 mm<\/div>\n<\/div>\n<div class=\"line clearfix\">\n<div class=\"l\">Sedlo<\/div>\n<div class=\"r\">Bridge Sport, \u010celi\u010dne \u0161ine, 155\/143 mm<\/div>\n<\/div>\n<div class=\"line clearfix even\">\n<div class=\"l\">Prednja ko\u010dnica<\/div>\n<div class=\"r\">V-ko\u010dnica, linearno povla\u010denje<\/div>\n<\/div>\n<div class=\"line clearfix\">\n<div class=\"l\">Stra\u017enja ko\u010dnica<\/div>\n<div class=\"r\">V-ko\u010dnica, linearno povla\u010denje<\/div>\n<\/div>\n<div class=\"line clearfix even\">\n<div class=\"l\">Stra\u017enji mjenja\u010d<\/div>\n<div class=\"r\">microSHIFT RD-M26S, 7 brzina<\/div>\n<\/div>\n<div class=\"line clearfix\">\n<div class=\"l\">Ru\u010dice mjenja\u010da<\/div>\n<div class=\"r\">microSHIFT TS39 Mjenja\u010d s trigerom, 7 brzina<\/div>\n<\/div>\n<div class=\"line clearfix even\">\n<div class=\"l\">Prednji mjenja\u010d<\/div>\n<div class=\"r\">MicroSHIFT FD-T202, Stezaljka za traku<\/div>\n<\/div>\n<div class=\"line clearfix\">\n<div class=\"l\">Kaseta<\/div>\n<div class=\"r\">SunRace, 7 brzina, 11-34t<\/div>\n<\/div>\n<div class=\"line clearfix even\">\n<div class=\"l\">Radilica<\/div>\n<div class=\"r\">Kovane aluminijske ruke, 3-dijelne, 46\/30T<\/div>\n<\/div>\n<div class=\"line clearfix\">\n<div class=\"l\">Lan\u010danici<\/div>\n<div class=\"r\">46\/30T sa \u0161titnikom lanca<\/div>\n<\/div>\n<div class=\"line clearfix even\">\n<div class=\"l\">Donja konzola<\/div>\n<div class=\"r\">BSA, kvadratni konus, 68 mm<\/div>\n<\/div>\n<div class=\"line clearfix\">\n<div class=\"l\">Lanac<\/div>\n<div class=\"r\">KMC X8 s Missing Link\u2122<\/div>\n<\/div>\n<div class=\"line clearfix even\">\n<div class=\"l\">Pedale<\/div>\n<div class=\"r\">Specialized Body Geometry Fitness, platforma, plastika<\/div>\n<\/div>\n<div class=\"line clearfix\">\n<div class=\"l\">Naplatci<\/div>\n<div class=\"r\">700C obru\u010dna ko\u010dnica, dvoslojna legura, dubina 22 mm, unutarnja \u0161irina 21 mm, obru\u010dna ko\u010dnica<\/div>\n<\/div>\n<div class=\"line clearfix even\">\n<div class=\"l\">\u017dbice<\/div>\n<div class=\"r\">Nehr\u0111aju\u0107i \u010delik, 14 g<\/div>\n<\/div>\n<div class=\"line clearfix\">\n<div class=\"l\">Prednja glav\u010dina<\/div>\n<div class=\"r\">Legura, labavi kugli\u010dni le\u017eaj, brzo otpu\u0161tanje, 32 sata<\/div>\n<\/div>\n<div class=\"line clearfix even\">\n<div class=\"l\">Stra\u017enja glav\u010dina<\/div>\n<div class=\"r\">Legura, labavi kugli\u010dni le\u017eajevi, brzo otpu\u0161tanje, 7-brzinski freehub, 32h<\/div>\n<\/div>\n<div class=\"line clearfix\">\n<div class=\"l\">Unutarnje gume<\/div>\n<div class=\"r\">Schrader ventil, 40 mm<\/div>\n<\/div>\n<div class=\"line clearfix even\">\n<div class=\"l\">Prednja guma<\/div>\n<div class=\"r\">RoadSport, \u017ei\u010dana perla, ku\u0107i\u0161te Blackbelt\/Endurant, 700x32c<\/div>\n<\/div>\n<div class=\"line clearfix\">\n<div class=\"l\">Stra\u017enja guma<\/div>\n<div class=\"r\">RoadSport, \u017ei\u010dana perla, ku\u0107i\u0161te Blackbelt\/Endurant, 700x32c<\/div>\n<\/div>\n<div class=\"line clearfix even\">\n<div class=\"l\">Cijev sjedala<\/div>\n<div class=\"r\">Legura, 12 mm pomak, stezaljka s 2 vijka, 27,2 mm<\/div>\n<\/div>\n<div class=\"line clearfix\">\n<div class=\"l\">Veza za sjedalo<\/div>\n<div class=\"r\">Vij\u010dani tip, 31,8 mm<\/div>\n<div><\/div>\n<div class=\"r\"><\/div>\n<div class=\"r\">\n<table>\n<tbody>\n<tr class=\"even first\">\n<td>Veli\u010dina<\/td>\n<th>XXS<\/th>\n<th>XS<\/th>\n<th>S<\/th>\n<th>M<\/th>\n<th>L<\/th>\n<th>XL<\/th>\n<\/tr>\n<tr>\n<td>Pad BB-a<\/td>\n<td>70<\/td>\n<td>70<\/td>\n<td>70<\/td>\n<td>70<\/td>\n<td>70<\/td>\n<td>70<\/td>\n<\/tr>\n<tr class=\"even\">\n<td>Visina BB-a<\/td>\n<td>278<\/td>\n<td>278<\/td>\n<td>278<\/td>\n<td>278<\/td>\n<td>278<\/td>\n<td>278<\/td>\n<\/tr>\n<tr>\n<td>Visina za stajanje bicikla<\/td>\n<td>692<\/td>\n<td>715<\/td>\n<td>745<\/td>\n<td>775<\/td>\n<td>805<\/td>\n<td>827<\/td>\n<\/tr>\n<tr class=\"even\">\n<td>Duljina lan\u010dane vilice<\/td>\n<td>440<\/td>\n<td>440<\/td>\n<td>440<\/td>\n<td>440<\/td>\n<td>440<\/td>\n<td>440<\/td>\n<\/tr>\n<tr>\n<td>Duljina kurble<\/td>\n<td>170 mm<\/td>\n<td>170 mm<\/td>\n<td>170 mm<\/td>\n<td>170 mm<\/td>\n<td>175 mm<\/td>\n<td>175 mm<\/td>\n<\/tr>\n<tr class=\"even\">\n<td>Duljina vilice (puna)<\/td>\n<td>395<\/td>\n<td>395<\/td>\n<td>395<\/td>\n<td>395<\/td>\n<td>395<\/td>\n<td>395<\/td>\n<\/tr>\n<tr>\n<td>Nagib\/pomak vilice<\/td>\n<td>51<\/td>\n<td>51<\/td>\n<td>51<\/td>\n<td>51<\/td>\n<td>51<\/td>\n<td>51<\/td>\n<\/tr>\n<tr class=\"even\">\n<td>Prednji-sredi\u0161nji<\/td>\n<td>605<\/td>\n<td>622<\/td>\n<td>630<\/td>\n<td>635<\/td>\n<td>645<\/td>\n<td>665<\/td>\n<\/tr>\n<tr>\n<td>\u0160irina upravlja\u010da<\/td>\n<td>580 mm<\/td>\n<td>580 mm<\/td>\n<td>600 mm<\/td>\n<td>600 mm<\/td>\n<td>620 mm<\/td>\n<td>620 mm<\/td>\n<\/tr>\n<tr class=\"even\">\n<td>Kut glavne cijevi<\/td>\n<td>69.5<\/td>\n<td>70<\/td>\n<td>70<\/td>\n<td>71<\/td>\n<td>71<\/td>\n<td>71<\/td>\n<\/tr>\n<tr>\n<td>Duljina glavne cijevi<\/td>\n<td>121<\/td>\n<td>139<\/td>\n<td>147<\/td>\n<td>175<\/td>\n<td>191<\/td>\n<td>217<\/td>\n<\/tr>\n<tr class=\"even\">\n<td>Doseg<\/td>\n<td>373<\/td>\n<td>388<\/td>\n<td>393<\/td>\n<td>398<\/td>\n<td>402<\/td>\n<td>414<\/td>\n<\/tr>\n<tr>\n<td>\u0160irina sedla<\/td>\n<td>155 mm<\/td>\n<td>155 mm<\/td>\n<td>155 mm<\/td>\n<td>143 mm<\/td>\n<td>143 mm<\/td>\n<td>143 mm<\/td>\n<\/tr>\n<tr class=\"even\">\n<td>Kut cijevi sjedala<\/td>\n<td>73.5<\/td>\n<td>73.5<\/td>\n<td>73.5<\/td>\n<td>73.5<\/td>\n<td>73.5<\/td>\n<td>73.5<\/td>\n<\/tr>\n<tr>\n<td>Duljina cijevi sjedala<\/td>\n<td>360<\/td>\n<td>395<\/td>\n<td>440<\/td>\n<td>470<\/td>\n<td>510<\/td>\n<td>530<\/td>\n<\/tr>\n<tr class=\"even\">\n<td>Duljina cijevi sjedala<\/td>\n<td>300 mm<\/td>\n<td>300 mm<\/td>\n<td>350 mm<\/td>\n<td>350 mm<\/td>\n<td>400 mm<\/td>\n<td>400 mm<\/td>\n<\/tr>\n<tr>\n<td>Stog<\/td>\n<td>536<\/td>\n<td>555<\/td>\n<td>562<\/td>\n<td>593<\/td>\n<td>608<\/td>\n<td>632<\/td>\n<\/tr>\n<tr class=\"even\">\n<td>Duljina stabljike<\/td>\n<td>60 mm<\/td>\n<td>60 mm<\/td>\n<td>75 mm<\/td>\n<td>75 mm<\/td>\n<td>90 mm<\/td>\n<td>110 mm<\/td>\n<\/tr>\n<tr>\n<td>Duljina gornje cijevi (horizontalna)<\/td>\n<td>531<\/td>\n<td>552<\/td>\n<td>559<\/td>\n<td>573<\/td>\n<td>582<\/td>\n<td>601<\/td>\n<\/tr>\n<tr class=\"even\">\n<td>Trag<\/td>\n<td>75<\/td>\n<td>72<\/td>\n<td>72<\/td>\n<td>65<\/td>\n<td>65<\/td>\n<td>65<\/td>\n<\/tr>\n<tr>\n<td>Me\u0111uosovinski razmak<\/td>\n<td>1036<\/td>\n<td>1053<\/td>\n<td>1061<\/td>\n<td>1066<\/td>\n<td>1075<\/td>\n<td>1096<\/td>\n<\/tr>\n<\/tbody>\n<\/table>\n<\/div>\n<\/div>","protected":false},"excerpt":{"rendered":"<p>Specialized Sirrus 1.0 trekking bicikl<\/p>\n<p>2 x 7 brzina \u2013 \u0161ire gume mogu se ugraditi uz dodatnu naknadu<\/p>","protected":false},"featured_media":10885,"template":"","meta":{"_acf_changed":false,"inline_featured_image":false},"product_brand":[673],"product_cat":[499],"product_tag":[1201],"class_list":{"0":"post-10882","1":"product","2":"type-product","3":"status-publish","4":"has-post-thumbnail","6":"product_brand-specialized","7":"product_cat-treking-kolesa","8":"product_tag-outlet","9":"pa_velikost-l","11":"first","12":"instock","13":"sale","14":"taxable","15":"shipping-taxable","16":"purchasable","17":"product-type-variable"},"acf":[],"_links":{"self":[{"href":"https:\/\/ritosa.click.si\/hr\/wp-json\/wp\/v2\/product\/10882","targetHints":{"allow":["GET"]}}],"collection":[{"href":"https:\/\/ritosa.click.si\/hr\/wp-json\/wp\/v2\/product"}],"about":[{"href":"https:\/\/ritosa.click.si\/hr\/wp-json\/wp\/v2\/types\/product"}],"wp:featuredmedia":[{"embeddable":true,"href":"https:\/\/ritosa.click.si\/hr\/wp-json\/wp\/v2\/media\/10885"}],"wp:attachment":[{"href":"https:\/\/ritosa.click.si\/hr\/wp-json\/wp\/v2\/media?parent=10882"}],"wp:term":[{"taxonomy":"product_brand","embeddable":true,"href":"https:\/\/ritosa.click.si\/hr\/wp-json\/wp\/v2\/product_brand?post=10882"},{"taxonomy":"product_cat","embeddable":true,"href":"https:\/\/ritosa.click.si\/hr\/wp-json\/wp\/v2\/product_cat?post=10882"},{"taxonomy":"product_tag","embeddable":true,"href":"https:\/\/ritosa.click.si\/hr\/wp-json\/wp\/v2\/product_tag?post=10882"}],"curies":[{"name":"radni list","href":"https:\/\/api.w.org\/{rel}","templated":true}]}}