{"id":10872,"date":"2022-02-24T10:37:57","date_gmt":"2022-02-24T10:37:57","guid":{"rendered":"https:\/\/ritosa.click.si\/?post_type=product&#038;p=10872"},"modified":"2026-03-24T17:05:08","modified_gmt":"2026-03-24T16:05:08","slug":"alpina-valparola","status":"publish","type":"product","link":"https:\/\/ritosa.click.si\/hr\/ducan\/biciklizam\/oprema-za-biciklizam\/kolesarske-celade\/odrasle-kolesarske-celade\/alpina-valparola\/","title":{"rendered":"Alpska Valparola"},"content":{"rendered":"<p>Ulice, planine, usponi, spustovi: ovo je svijet Valparole. Lagana kaciga za trka\u0107i bicikl ALPINA VALPAROLA dokazuje se kao pobjednik svojom malom te\u017einom i izvrsnom ventilacijom. Aerodinamika je bila u fokusu tijekom razvoja. Zahvaljuju\u0107i 27 ventilacijskih otvora, glava uvijek ostaje hladna tijekom vo\u017enje. Mala te\u017eina je posljedica INMOLD konstrukcije, gdje je gornja \u0161koljka kacige termi\u010dki spojena s Hi-EPS-om. To rezultira povr\u0161inskom vezom koja je odgovorna za vrlo \u010dvrst dizajn. Posebnost Valparole: sastoji se od trodijelnog sustava \u0161koljke koji pru\u017ea najvi\u0161u razinu stabilnosti svakom dijelu kacige. Proizvodnja \u201eMade in Germany\u201c tako\u0111er jam\u010di najvi\u0161u razinu kvalitete proizvodnje.<\/p>\n<ul>\n<li><strong>HI-EPS:<\/strong> Unutarnja \u0161koljka Alpina kaciga izra\u0111ena je od HI-EPS-a (ekspandiranog polistirena). Ovaj materijal sastoji se od mikroskopskih zra\u010dnih prostora koji u\u010dinkovito apsorbiraju sile nastale pri udaru.<\/li>\n<li><strong>Inmold Tec:<\/strong> Kod INMOLD kaciga, unutarnji sloj je pjenast pod visokim tlakom i toplinom te zalijepljen ispod vanjskog sloja. Budu\u0107i da su unutarnji i vanjski dijelovi potpuno povezani, INMOLD kacige su izuzetno stabilne i vrlo lagane. Tako\u0111er pru\u017eaju znatno ve\u0107u sigurnost od kaciga s to\u010dkastim lijepljenjem.<\/li>\n<li><strong>ZA\u0160TITA RUBOVA:<\/strong> za\u0161titni sloj koji kacigu \u010dini otpornijom na lomove i ogrebotine te nudi dodatnu za\u0161titu od vanjskih utjecaja tijekom \u010deste upotrebe<\/li>\n<li><strong>KERAMI\u010cKA LJUSKA:<\/strong> naziv za vanjsku \u0161koljku svih Alpina kaciga izra\u0111enih Inmold postupkom. To je tanak, lagan materijal koji je izuzetno otporan na udarce i ogrebotine, sadr\u017ei UV stabilizatore i antistati\u010dan je.<\/li>\n<li><strong>Pokreni sustav Ergo+<\/strong> \u2013 rotiraju\u0107i gumb na stra\u017enjoj strani glave omogu\u0107uje vam jednostavno pode\u0161avanje veli\u010dine kacige prema glavi, osiguravaju\u0107i savr\u0161eno pristajanje i sigurnost. Sustav se tako\u0111er mo\u017ee kombinirati s <strong>Prilago\u0111eno prilago\u0111avanje<\/strong>, \u0161to omogu\u0107uje pode\u0161avanje visine.<\/li>\n<li><strong>ERGOMATSKI<\/strong>Kop\u010da, koja je bezbroj puta isprobana i testirana, koristi se na svim Alpina kacigama. Vi\u0161estupanjsko pode\u0161avanje, kontrolira se samo jednom rukom. Kop\u010da se tako\u0111er ne mo\u017ee sama odkop\u010dati u slu\u010daju nezgode.<\/li>\n<li><strong>Y-KOPA\u010cICA:<\/strong> Y-kop\u010da spaja prednje i stra\u017enje remene ispod u\u0161iju. Kada se kop\u010da otkop\u010da, remene se mogu lako premjestiti i fino podesiti. To omogu\u0107uje optimalno pristajanje kacige.<\/li>\n<li>Te\u017eina kacige: 250 g<\/li>\n<li>27 ventilacijskih otvora osigurava idealan protok zraka unutra<\/li>\n<li><strong>Mre\u017ea za muhe<\/strong> \u2013 mre\u017ea za insekte<\/li>\n<li>Antibakterijska i periva podstava<\/li>\n<\/ul>","protected":false},"excerpt":{"rendered":"<p>Biciklisti\u010dka kaciga ALPINA VALPAROLA<\/p>","protected":false},"featured_media":10874,"template":"","meta":{"_acf_changed":false,"inline_featured_image":false},"product_brand":[678],"product_cat":[662],"product_tag":[],"class_list":{"0":"post-10872","1":"product","2":"type-product","3":"status-publish","4":"has-post-thumbnail","6":"product_brand-alpina","7":"product_cat-odrasle-kolesarske-celade","8":"pa_velikost-55-59","10":"first","11":"instock","12":"sale","13":"taxable","14":"shipping-taxable","15":"purchasable","16":"product-type-variable"},"acf":[],"_links":{"self":[{"href":"https:\/\/ritosa.click.si\/hr\/wp-json\/wp\/v2\/product\/10872","targetHints":{"allow":["GET"]}}],"collection":[{"href":"https:\/\/ritosa.click.si\/hr\/wp-json\/wp\/v2\/product"}],"about":[{"href":"https:\/\/ritosa.click.si\/hr\/wp-json\/wp\/v2\/types\/product"}],"wp:featuredmedia":[{"embeddable":true,"href":"https:\/\/ritosa.click.si\/hr\/wp-json\/wp\/v2\/media\/10874"}],"wp:attachment":[{"href":"https:\/\/ritosa.click.si\/hr\/wp-json\/wp\/v2\/media?parent=10872"}],"wp:term":[{"taxonomy":"product_brand","embeddable":true,"href":"https:\/\/ritosa.click.si\/hr\/wp-json\/wp\/v2\/product_brand?post=10872"},{"taxonomy":"product_cat","embeddable":true,"href":"https:\/\/ritosa.click.si\/hr\/wp-json\/wp\/v2\/product_cat?post=10872"},{"taxonomy":"product_tag","embeddable":true,"href":"https:\/\/ritosa.click.si\/hr\/wp-json\/wp\/v2\/product_tag?post=10872"}],"curies":[{"name":"radni list","href":"https:\/\/api.w.org\/{rel}","templated":true}]}}