{"id":10862,"date":"2022-02-02T11:16:15","date_gmt":"2022-02-02T11:16:15","guid":{"rendered":"https:\/\/ritosa.click.si\/?post_type=product&#038;p=10862"},"modified":"2026-04-03T16:40:45","modified_gmt":"2026-04-03T14:40:45","slug":"rog-pony-brooks-style","status":"publish","type":"product","link":"https:\/\/ritosa.click.si\/hr\/ducan\/biciklizam\/kotaci\/rog-pony-kolesa\/classic-5\/rog-pony-brooks-style\/","title":{"rendered":"Rog PONY Brooks Style \u2013 5 brzina"},"content":{"rendered":"<ul class=\"technical-specifications\">\n<li><strong>Okvir:<\/strong> <i>Al6061, sklopivi okvir s prtlja\u017enikom<\/i><\/li>\n<li><strong>Vilica:<\/strong> <i>Al6061, profilirane s nastavcima za V ko\u010dnice, 1 1\/8<\/i><\/li>\n<li><strong>Le\u017eaj upravlja\u010da:<\/strong> <i>Neco H112N, poluintegrirani le\u017eaj s navojem 1 1\/8<\/i><\/li>\n<li><strong>Le\u017eaj pogona:<\/strong> <i>Thun, integrirani BSA le\u017eaj 68 mm, \u010detverostruka osovina<\/i><\/li>\n<li><strong>Pogonska osovina:<\/strong> <i>PIONEER-244A-2, 1\/8*44T*170mm<\/i><\/li>\n<li><strong>Glava upravlja\u010da:<\/strong> <i>Al6061, \u00d825,4 mm x 300 mm<\/i><\/li>\n<li><strong>Volan:<\/strong> <i>Al6061, \u0161irina 660mm, visina 200mm<\/i><\/li>\n<li><strong>Ru\u010dice ko\u010dnica:<\/strong> <i>Promax<\/i><\/li>\n<li><strong>Ko\u010dnice:<\/strong> <i>Shimano BR-T4000<\/i><\/li>\n<li><strong>Sajle:<\/strong> <i>Jagwire<\/i><\/li>\n<li><strong>Sjedalo:<\/strong> <i>Brooks B17<\/i><\/li>\n<li><strong>Potpora sjedala:<\/strong> <i>Al6061, \u00d833,9 mm x 400 mm<\/i><\/li>\n<li><strong>Prednji pesto:<\/strong> <i>Sturmey Archer HBT30<\/i><\/li>\n<li><strong>Zadnji pesto:<\/strong> <i>Sturmey Archer RS-RF3<\/i><\/li>\n<li><strong>Kola:<\/strong> <i>Nepal<\/i><\/li>\n<li><strong>Gume:<\/strong> <i>Kenda K841<\/i><\/li>\n<li><strong>Lanac:<\/strong> <i>KMC, 1\/2- 1\/8, nehr\u0111aju\u0107i \u010delik<\/i><\/li>\n<li><strong>Pedale:<\/strong> <i>Aluminijsko tijelo, neklizaju\u0107a crna boja, Marwi 9\/16\u2033<\/i><\/li>\n<li><strong>Svjetla:<\/strong> <i>Baterijske LED lampe<\/i><\/li>\n<li><strong>Blatobrani:<\/strong> <i>Eurofender DUO<\/i><\/li>\n<li><strong>Stojalo:<\/strong> <i>Ursus 71<\/i><\/li>\n<li><strong>Te\u017eina:<\/strong> <i>14 kg (prosje\u010dna te\u017eina sastavljenog bicikla)<\/i><\/li>\n<\/ul>\n<p><strong>Ko\u017eno sjedalo, ko\u017ene ru\u010dke. Bezvremensko savr\u0161enstvo.<br \/>\n<\/strong>Svako Brooks ko\u017eno sjedalo ru\u010dno je izra\u0111eno od vrhunske \u0161tavljene ko\u017ee. Izniman materijal je prirodno udoban i dovoljno fleksibilan da se savr\u0161eno prilagodi obliku svakog voza\u010da. Brooks sjedala pru\u017eaju cjelo\u017eivotnu udobnost i izdr\u017eljivost te nude prvi korak prema dobrobiti i udobnoj vo\u017enji. Uz ko\u017eno sjedalo, dodali smo i Pony ko\u017ene ru\u010dke upravlja\u010da kako bismo upotpunili stil.<\/p>\n<p><strong>Inspiriran gradski bicikl<br \/>\n<\/strong>Bicikl je napravljen za svakodnevnu gradsku vo\u017enju. Zaboravite na prometne gu\u017eve, ispu\u0161ne plinove i \u010dekanje javnog prijevoza. S novim Ponyjem br\u017ee \u0107ete sti\u0107i na odredi\u0161te!<\/p>\n<p><strong>Za svaki dan<br \/>\n<\/strong>Bicikl kojim se mo\u017eete voziti na posao, obavljati svakodnevne poslove ili iza\u0107i na ugodan izlet. Ali kako vam ne bi ponestalo prostora za sve \u0161to vam je potrebno, opremili smo ga korisnim prtlja\u017enikom.<\/p>\n<p><strong>Za\u0161tita od kra\u0111e<br \/>\n<\/strong>Nema vi\u0161e brige o nepouzdanim bravama i neosvijetljenim parkirnim mjestima za bicikle. Zahvaljuju\u0107i sklopivom okviru, mo\u017eete biti sigurni da je va\u0161 Pony uvijek sigurno spremljen.<\/p>\n<p><strong>Udobnost sa svih strana<br \/>\n<\/strong>Ergonomski dizajn i podstavljene ru\u010dke \u010dine vo\u017enju Ponyja udobnom u svim okolnostima, dok unutarnji zup\u010danici olak\u0161avaju savladavanje nagiba.<\/p>\n<p><strong>Sigurnost je na prvom mjestu<br \/>\n<\/strong>Dva elektri\u010dna LED svjetla i reflektori osiguravaju da ste vidljivi tijekom vo\u017enje no\u0107u. Kvalitetne gume i ko\u010dnice tako\u0111er vam omogu\u0107uju da reagirate na prometne uvjete u svim uvjetima.<\/p>\n<p>Uvijek postoji prilika za vo\u017enju biciklom. Samo sjednite na svoj Pony i krenite.\nPrtlja\u017enik vam omogu\u0107uje prijevoz prtljage, a sklopivi okvir idealan je za transport bicikla u automobilu ili vlaku.<\/p>","protected":false},"excerpt":{"rendered":"<p><strong>PONY Horn Brooks Style<\/strong><\/p>\n<p class=\"feature-description-title\">MODERAN DIZAJN S ELEMENTIMA BOGATE TRADICIJE<\/p>\n<p>Vozite bicikl koji, sa svojom mje\u0161avinom tradicionalnih elemenata i modernog dizajna, predstavlja jedan od najatraktivnijih gradskih bicikala na tr\u017ei\u0161tu.<\/p>","protected":false},"featured_media":10863,"template":"","meta":{"_acf_changed":false,"inline_featured_image":false},"product_brand":[1194],"product_cat":[2290,490],"product_tag":[],"class_list":{"0":"post-10862","1":"product","2":"type-product","3":"status-publish","4":"has-post-thumbnail","6":"product_brand-rog","7":"product_cat-classic-5","8":"product_cat-rog-pony-kolesa","10":"first","11":"instock","12":"sale","13":"taxable","14":"shipping-taxable","15":"purchasable","16":"product-type-simple"},"acf":[],"_links":{"self":[{"href":"https:\/\/ritosa.click.si\/hr\/wp-json\/wp\/v2\/product\/10862","targetHints":{"allow":["GET"]}}],"collection":[{"href":"https:\/\/ritosa.click.si\/hr\/wp-json\/wp\/v2\/product"}],"about":[{"href":"https:\/\/ritosa.click.si\/hr\/wp-json\/wp\/v2\/types\/product"}],"wp:featuredmedia":[{"embeddable":true,"href":"https:\/\/ritosa.click.si\/hr\/wp-json\/wp\/v2\/media\/10863"}],"wp:attachment":[{"href":"https:\/\/ritosa.click.si\/hr\/wp-json\/wp\/v2\/media?parent=10862"}],"wp:term":[{"taxonomy":"product_brand","embeddable":true,"href":"https:\/\/ritosa.click.si\/hr\/wp-json\/wp\/v2\/product_brand?post=10862"},{"taxonomy":"product_cat","embeddable":true,"href":"https:\/\/ritosa.click.si\/hr\/wp-json\/wp\/v2\/product_cat?post=10862"},{"taxonomy":"product_tag","embeddable":true,"href":"https:\/\/ritosa.click.si\/hr\/wp-json\/wp\/v2\/product_tag?post=10862"}],"curies":[{"name":"radni list","href":"https:\/\/api.w.org\/{rel}","templated":true}]}}