{"id":10839,"date":"2022-01-27T14:23:21","date_gmt":"2022-01-27T14:23:21","guid":{"rendered":"https:\/\/ritosa.click.si\/?post_type=product&#038;p=10839"},"modified":"2025-09-11T12:37:43","modified_gmt":"2025-09-11T10:37:43","slug":"kljucavnica-spiralna-z-nastavljivo-sifro","status":"publish","type":"product","link":"https:\/\/ritosa.click.si\/hr\/ducan\/biciklizam\/oprema-za-biciklizam\/dodatna-oprema-in-rezervni-deli\/kljucavnice\/kljucavnica-spiralna-z-nastavljivo-sifro\/","title":{"rendered":"Spiralni lokot s podesivom kombinacijom"},"content":{"rendered":"<div id=\"collapse1One\" class=\"accordion-body collapse in\">\n<p>Spiralni lokot s broj\u010danikom za zaklju\u010davanje bicikala. Kod mo\u017eete sami postaviti.<\/p>\n<div class=\"field field-name-body field-type-text-with-summary field-label-hidden\">\n<div class=\"field-items\">\n<div class=\"field-item even\">\n<p><strong>Zna\u010dajke:<\/strong><\/p>\n<ul>\n<li>Na\u010din zaklju\u010davanja: broj\u010danik<\/li>\n<li>Duljina: 1,8 m<\/li>\n<li>Promjer: 8 mm<\/li>\n<li>Vinilni premaz smanjuje mogu\u0107nost ogrebotina<\/li>\n<li>Razina za\u0161tite: 4\/10<\/li>\n<li>Dostupno u crvenoj, plavoj, bijeloj, crnoj i sivoj boji<\/li>\n<\/ul>\n<\/div>\n<\/div>\n<\/div>\n<\/div>","protected":false},"excerpt":{"rendered":"<p>Spiralni lokot s broj\u010danom bravom.<\/p>","protected":false},"featured_media":10840,"template":"","meta":{"_acf_changed":false,"inline_featured_image":false},"product_brand":[1469],"product_cat":[535],"product_tag":[1498,1470,1512,1511,1506],"class_list":{"0":"post-10839","1":"product","2":"type-product","3":"status-publish","4":"has-post-thumbnail","6":"product_brand-masterlock","7":"product_cat-kljucavnice","8":"product_tag-kljucavnica","9":"product_tag-kljucavnica-master-lock","10":"product_tag-kljucavnica-spiralna","11":"product_tag-kljucavnica-spiralna-z-nastavljivo-sifro","12":"product_tag-master-lock","13":"pa_barva-bela","14":"pa_barva-crna","15":"pa_barva-modra","16":"pa_barva-rdeca","17":"pa_barva-siva","19":"first","20":"instock","21":"taxable","22":"shipping-taxable","23":"purchasable","24":"product-type-variable"},"acf":[],"_links":{"self":[{"href":"https:\/\/ritosa.click.si\/hr\/wp-json\/wp\/v2\/product\/10839","targetHints":{"allow":["GET"]}}],"collection":[{"href":"https:\/\/ritosa.click.si\/hr\/wp-json\/wp\/v2\/product"}],"about":[{"href":"https:\/\/ritosa.click.si\/hr\/wp-json\/wp\/v2\/types\/product"}],"wp:featuredmedia":[{"embeddable":true,"href":"https:\/\/ritosa.click.si\/hr\/wp-json\/wp\/v2\/media\/10840"}],"wp:attachment":[{"href":"https:\/\/ritosa.click.si\/hr\/wp-json\/wp\/v2\/media?parent=10839"}],"wp:term":[{"taxonomy":"product_brand","embeddable":true,"href":"https:\/\/ritosa.click.si\/hr\/wp-json\/wp\/v2\/product_brand?post=10839"},{"taxonomy":"product_cat","embeddable":true,"href":"https:\/\/ritosa.click.si\/hr\/wp-json\/wp\/v2\/product_cat?post=10839"},{"taxonomy":"product_tag","embeddable":true,"href":"https:\/\/ritosa.click.si\/hr\/wp-json\/wp\/v2\/product_tag?post=10839"}],"curies":[{"name":"radni list","href":"https:\/\/api.w.org\/{rel}","templated":true}]}}