{"id":10827,"date":"2022-01-27T13:36:04","date_gmt":"2022-01-27T13:36:04","guid":{"rendered":"https:\/\/ritosa.click.si\/?post_type=product&#038;p=10827"},"modified":"2025-09-09T17:36:38","modified_gmt":"2025-09-09T15:36:38","slug":"peaty-s-x-chris-king-tubeless-ventili-mk2-60mm","status":"publish","type":"product","link":"https:\/\/ritosa.click.si\/hr\/ducan\/biciklizam\/oprema-za-biciklizam\/vzdrzevanje-koles\/tubeless-sistemi\/peaty-s-x-chris-king-tubeless-ventili-mk2-60mm\/","title":{"rendered":"Peaty&#039;s x Chris King Tubeless ventili MK2 60mm"},"content":{"rendered":"<p><span class=\"VIiyi\" lang=\"sl\" xml:lang=\"sl\"><span class=\"JLqJ4b ChMk0b\">\u0160to se ti\u010de dizajna, izdr\u017eljivosti i kvalitete, postoji samo jedna tvrtka s kojom mo\u017eemo sura\u0111ivati za bojanje na\u0161ih ventila \u2013 Chris King!<\/span> S<span class=\"JLqJ4b ChMk0b\"> S na\u0161im ventilima s do\u017eivotnim jamstvom i njihovim prekrasnim bojama, va\u0161 \u0107e bicikl biti prava poslastica za o\u010di godinama koje dolaze!<\/span><\/span><\/p>\n<p><span class=\"VIiyi\" lang=\"sl\" xml:lang=\"sl\"><span class=\"JLqJ4b ChMk0b\"><span class=\"VIiyi\" lang=\"sl\" xml:lang=\"sl\"><span class=\"JLqJ4b ChMk0b\">Izra\u0111eni od laganog eloksiranog aluminija 7075, na\u0161i novi ventili bez zra\u010dnica mk2 sada su kompatibilni sa svim umetcima i imaju klju\u010d za uklanjanje jezgre ventila i kapicu za zatezanje \u017ebica, \u0161to vas \u0161titi od bilo kakvih nezgoda u \u0161umi.<\/span><\/span> <\/span><\/span><\/p>","protected":false},"excerpt":{"rendered":"<p>Peaty&#039;s x Chris King Tubeless ventili MK2 60mm<\/p>","protected":false},"featured_media":10830,"template":"","meta":{"_acf_changed":false,"inline_featured_image":false},"product_brand":[1438],"product_cat":[661],"product_tag":[1364,1453,1452,1451],"class_list":{"0":"post-10827","1":"product","2":"type-product","3":"status-publish","4":"has-post-thumbnail","6":"product_brand-peatys","7":"product_cat-tubeless-sistemi","8":"product_tag-peatys","9":"product_tag-peatys-x-chris-king","10":"product_tag-peatys-x-chris-king-tubeless-ventili-mk2-60mm","11":"product_tag-tubeless-ventili","12":"pa_barva-crna","13":"pa_barva-oranzna","14":"pa_barva-viola","16":"first","17":"instock","18":"sale","19":"taxable","20":"shipping-taxable","21":"purchasable","22":"product-type-variable"},"acf":[],"_links":{"self":[{"href":"https:\/\/ritosa.click.si\/hr\/wp-json\/wp\/v2\/product\/10827","targetHints":{"allow":["GET"]}}],"collection":[{"href":"https:\/\/ritosa.click.si\/hr\/wp-json\/wp\/v2\/product"}],"about":[{"href":"https:\/\/ritosa.click.si\/hr\/wp-json\/wp\/v2\/types\/product"}],"wp:featuredmedia":[{"embeddable":true,"href":"https:\/\/ritosa.click.si\/hr\/wp-json\/wp\/v2\/media\/10830"}],"wp:attachment":[{"href":"https:\/\/ritosa.click.si\/hr\/wp-json\/wp\/v2\/media?parent=10827"}],"wp:term":[{"taxonomy":"product_brand","embeddable":true,"href":"https:\/\/ritosa.click.si\/hr\/wp-json\/wp\/v2\/product_brand?post=10827"},{"taxonomy":"product_cat","embeddable":true,"href":"https:\/\/ritosa.click.si\/hr\/wp-json\/wp\/v2\/product_cat?post=10827"},{"taxonomy":"product_tag","embeddable":true,"href":"https:\/\/ritosa.click.si\/hr\/wp-json\/wp\/v2\/product_tag?post=10827"}],"curies":[{"name":"radni list","href":"https:\/\/api.w.org\/{rel}","templated":true}]}}