{"id":10816,"date":"2022-01-27T13:24:48","date_gmt":"2022-01-27T13:24:48","guid":{"rendered":"https:\/\/ritosa.click.si\/?post_type=product&#038;p=10816"},"modified":"2025-09-03T13:09:50","modified_gmt":"2025-09-03T11:09:50","slug":"tubeless-sealant-120ml","status":"publish","type":"product","link":"https:\/\/ritosa.click.si\/hr\/ducan\/biciklizam\/oprema-za-biciklizam\/vzdrzevanje-koles\/tubeless-sistemi\/tubeless-sealant-120ml\/","title":{"rendered":"Peaty&#039;s Holeshot Biofibre brtvilo za bezzra\u010dnice 120 ml"},"content":{"rendered":"<p data-start=\"45\" data-end=\"270\">Razvijeno u suradnji s mehani\u010darima Svjetskog kupa i svjetskim prvacima.<br data-start=\"121\" data-end=\"124\" \/>Peatyjevo brtvilo za bezzra\u010dnice Holeshot sadr\u017ei biorazgradiva vlakna i \u010destice brtvljenja koje omogu\u0107uju brzo i \u010dvrsto brtvljenje.<\/p>\n<p data-start=\"272\" data-end=\"306\">Klju\u010dne zna\u010dajke proizvoda:<\/p>\n<ul>\n<li data-start=\"309\" data-end=\"357\">Biorazgradiva brtvena vlakna i \u010destice<\/li>\n<li data-start=\"360\" data-end=\"393\">Kompatibilno s kori\u0161tenjem CO\u2082 boca<\/li>\n<li data-start=\"396\" data-end=\"430\">Brtvi rupe veli\u010dine do 6 mm<\/li>\n<li data-start=\"433\" data-end=\"473\">Raspon radnog tlaka: 15 do 120 PSI<\/li>\n<li data-start=\"476\" data-end=\"524\">Radni temperaturni raspon: od -20\u00b0C do +50\u00b0C<\/li>\n<li data-start=\"527\" data-end=\"595\">Brtvi porozne gume i praznine izme\u0111u rubova gume i naplatka<\/li>\n<\/ul>\n<p><span class=\"VIiyi\" lang=\"sl\" xml:lang=\"sl\"><span class=\"JLqJ4b ChMk0b\"><span class=\"VIiyi\" lang=\"sl\" xml:lang=\"sl\"><span class=\"JLqJ4b ChMk0b\">Preporu\u010dene koli\u010dine za jedan sloj:<\/span><\/span><\/span><\/span><\/p>\n<ul>\n<li data-start=\"69\" data-end=\"98\"><strong data-start=\"69\" data-end=\"85\">Cestovni bicikl:<\/strong> 30 \u2013 45 ml<\/li>\n<li data-start=\"101\" data-end=\"128\"><strong data-start=\"101\" data-end=\"115\">Ciklokros:<\/strong> 60 \u2013 75 ml<\/li>\n<li data-start=\"131\" data-end=\"170\"><strong data-start=\"131\" data-end=\"157\">26-in\u010dni brdski bicikl (MTB):<\/strong> 60 \u2013 80 ml<\/li>\n<li data-start=\"173\" data-end=\"214\"><strong data-start=\"173\" data-end=\"201\">Brdski bicikl 27,5\u201d (MTB):<\/strong> 70 \u2013 90 ml<\/li>\n<li data-start=\"217\" data-end=\"258\"><strong data-start=\"217\" data-end=\"243\">29-in\u010dni brdski bicikl (MTB):<\/strong> 100 \u2013 120 ml<\/li>\n<\/ul>","protected":false},"excerpt":{"rendered":"<p>Holeshot Biofibre brtvilo za gume bez zra\u010dnica<\/p>","protected":false},"featured_media":19284,"template":"","meta":{"_acf_changed":false,"inline_featured_image":false},"product_brand":[],"product_cat":[661],"product_tag":[1372,1373,1364,1374],"class_list":{"0":"post-10816","1":"product","2":"type-product","3":"status-publish","4":"has-post-thumbnail","6":"product_cat-tubeless-sistemi","7":"product_tag-holeshot-biofibre-tesnilo-za-tubeless-pnevmatike","8":"product_tag-holeshot-biofibre-tubeless-sealant","9":"product_tag-peatys","10":"product_tag-peatys-holeshot-biofibre-tubeless-sealant","12":"first","13":"instock","14":"sale","15":"taxable","16":"shipping-taxable","17":"purchasable","18":"product-type-simple"},"acf":[],"_links":{"self":[{"href":"https:\/\/ritosa.click.si\/hr\/wp-json\/wp\/v2\/product\/10816","targetHints":{"allow":["GET"]}}],"collection":[{"href":"https:\/\/ritosa.click.si\/hr\/wp-json\/wp\/v2\/product"}],"about":[{"href":"https:\/\/ritosa.click.si\/hr\/wp-json\/wp\/v2\/types\/product"}],"wp:featuredmedia":[{"embeddable":true,"href":"https:\/\/ritosa.click.si\/hr\/wp-json\/wp\/v2\/media\/19284"}],"wp:attachment":[{"href":"https:\/\/ritosa.click.si\/hr\/wp-json\/wp\/v2\/media?parent=10816"}],"wp:term":[{"taxonomy":"product_brand","embeddable":true,"href":"https:\/\/ritosa.click.si\/hr\/wp-json\/wp\/v2\/product_brand?post=10816"},{"taxonomy":"product_cat","embeddable":true,"href":"https:\/\/ritosa.click.si\/hr\/wp-json\/wp\/v2\/product_cat?post=10816"},{"taxonomy":"product_tag","embeddable":true,"href":"https:\/\/ritosa.click.si\/hr\/wp-json\/wp\/v2\/product_tag?post=10816"}],"curies":[{"name":"radni list","href":"https:\/\/api.w.org\/{rel}","templated":true}]}}