{"id":10812,"date":"2022-01-27T12:56:40","date_gmt":"2022-01-27T12:56:40","guid":{"rendered":"https:\/\/ritosa.click.si\/?post_type=product&#038;p=10812"},"modified":"2025-09-09T16:48:59","modified_gmt":"2025-09-09T14:48:59","slug":"peaty-s-razmascevalec-xxx-solvent-degreaser","status":"publish","type":"product","link":"https:\/\/ritosa.click.si\/hr\/ducan\/biciklizam\/oprema-za-biciklizam\/vzdrzevanje-koles\/cistila-in-maziva\/peaty-s-razmascevalec-xxx-solvent-degreaser\/","title":{"rendered":"Peatyjev XXX odma\u0161\u0107iva\u010d s otapalom"},"content":{"rendered":"<p><span class=\"VIiyi\" lang=\"sl\" xml:lang=\"sl\"><span class=\"JLqJ4b ChMk0b\">PEATY&#039;S XXX ODMA\u0160\u0106IVA\u010c S OTAPALOM je sna\u017ean, vodotopiv i lako biorazgradiv odma\u0161\u0107iva\u010d namijenjen za potpuno uklanjanje masno\u0107e, voskova, ulja, pa \u010dak i bitumena i katrana.<\/span> <span class=\"JLqJ4b ChMk0b\">Za upotrebu na metalnim povr\u0161inama, ali tako\u0111er sigurno za upotrebu na karbonskim vlaknima i mnogim drugim plasti\u010dnim i obojenim povr\u0161inama.<\/span><\/span><\/p>\n<p><span class=\"VIiyi\" lang=\"sl\" xml:lang=\"sl\"><span class=\"JLqJ4b ChMk0b\"><span class=\"VIiyi\" lang=\"sl\" xml:lang=\"sl\"><span class=\"JLqJ4b ChMk0b\">Spremnik od 400 ml dizajniran je da bude kratak i \u0161irok kako bi lak\u0161e stao u va\u0161u kutiju s alatom, dok vam prstenovi za identifikaciju u boji poma\u017eu da brzo prona\u0111ete \u017eeljeni sprej me\u0111u hrpom aerosolnih sprejeva koje ve\u0107 posjedujete.<\/span><\/span> <\/span><\/span><\/p>","protected":false},"excerpt":{"rendered":"<p>Peaty&#039;s XXX sredstvo za odma\u0161\u0107ivanje s otapalom 400 ml<\/p>","protected":false},"featured_media":10813,"template":"","meta":{"_acf_changed":false,"inline_featured_image":false},"product_brand":[1438],"product_cat":[657],"product_tag":[1364,1439],"class_list":{"0":"post-10812","1":"product","2":"type-product","3":"status-publish","4":"has-post-thumbnail","6":"product_brand-peatys","7":"product_cat-cistila-in-maziva","8":"product_tag-peatys","9":"product_tag-peatys-razmascevalec","11":"first","12":"instock","13":"sale","14":"taxable","15":"shipping-taxable","16":"purchasable","17":"product-type-simple"},"acf":[],"_links":{"self":[{"href":"https:\/\/ritosa.click.si\/hr\/wp-json\/wp\/v2\/product\/10812","targetHints":{"allow":["GET"]}}],"collection":[{"href":"https:\/\/ritosa.click.si\/hr\/wp-json\/wp\/v2\/product"}],"about":[{"href":"https:\/\/ritosa.click.si\/hr\/wp-json\/wp\/v2\/types\/product"}],"wp:featuredmedia":[{"embeddable":true,"href":"https:\/\/ritosa.click.si\/hr\/wp-json\/wp\/v2\/media\/10813"}],"wp:attachment":[{"href":"https:\/\/ritosa.click.si\/hr\/wp-json\/wp\/v2\/media?parent=10812"}],"wp:term":[{"taxonomy":"product_brand","embeddable":true,"href":"https:\/\/ritosa.click.si\/hr\/wp-json\/wp\/v2\/product_brand?post=10812"},{"taxonomy":"product_cat","embeddable":true,"href":"https:\/\/ritosa.click.si\/hr\/wp-json\/wp\/v2\/product_cat?post=10812"},{"taxonomy":"product_tag","embeddable":true,"href":"https:\/\/ritosa.click.si\/hr\/wp-json\/wp\/v2\/product_tag?post=10812"}],"curies":[{"name":"radni list","href":"https:\/\/api.w.org\/{rel}","templated":true}]}}