{"id":10808,"date":"2022-01-27T11:42:27","date_gmt":"2022-01-27T11:42:27","guid":{"rendered":"https:\/\/ritosa.click.si\/?post_type=product&#038;p=10808"},"modified":"2025-09-09T17:11:32","modified_gmt":"2025-09-09T15:11:32","slug":"peaty-s-mast-speed-grease","status":"publish","type":"product","link":"https:\/\/ritosa.click.si\/hr\/ducan\/biciklizam\/oprema-za-biciklizam\/vzdrzevanje-koles\/cistila-in-maziva\/peaty-s-mast-speed-grease\/","title":{"rendered":"Peaty's Speed mast"},"content":{"rendered":"<p>Peaty&#039;s Speed Grease tako\u0111er pru\u017ea do 2,5 puta dulji vijek trajanja od Peaty&#039;s Assembly Grease, a ipak pru\u017ea dugotrajne performanse u ekstremnim uvjetima. Savr\u0161eno za upotrebu u glav\u010dinama, donjim nosa\u010dima i drugim brzo pokretnim komponentama i dijelovima.<\/p>\n<ul>\n<li><span class=\"VIiyi\" lang=\"sl\" xml:lang=\"sl\"><span class=\"JLqJ4b ChMk0b\">Za upotrebu u glav\u010dinama, le\u017eajevima radilice i brzo pokretnim dijelovima<\/span> <\/span><\/li>\n<li><span class=\"VIiyi\" lang=\"sl\" xml:lang=\"sl\"><span class=\"JLqJ4b ChMk0b\">Za\u0161tita od korozije<\/span> <\/span><\/li>\n<li><span class=\"VIiyi\" lang=\"sl\" xml:lang=\"sl\">Osigurava dugotrajne performanse komponenti pod ekstremnim optere\u0107enjima<\/span><\/li>\n<li><span class=\"VIiyi\" lang=\"sl\" xml:lang=\"sl\">Za\u0161tita od korozije <\/span><\/li>\n<li><span class=\"VIiyi\" lang=\"sl\" xml:lang=\"sl\">Visoko otporno na ispiranje vodom <\/span><\/li>\n<li><span class=\"VIiyi\" lang=\"sl\" xml:lang=\"sl\"><span class=\"JLqJ4b ChMk0b\">100% siguran za upotrebu na karbonskim dijelovima<br \/>\n<\/span><\/span><\/li>\n<li><span class=\"VIiyi\" lang=\"sl\" xml:lang=\"sl\"><span class=\"JLqJ4b ChMk0b\">Reciklirana ambala\u017ea<\/span> <\/span><\/li>\n<li><span class=\"VIiyi\" lang=\"sl\" xml:lang=\"sl\"><span class=\"JLqJ4b ChMk0b\">Kapacitet: 100G<\/span><\/span><\/li>\n<\/ul>","protected":false},"excerpt":{"rendered":"<p>Peatyjeva mast za brzinu 100 g<\/p>","protected":false},"featured_media":10809,"template":"","meta":{"_acf_changed":false,"inline_featured_image":false},"product_brand":[1438],"product_cat":[657],"product_tag":[1364,1442,1443],"class_list":{"0":"post-10808","1":"product","2":"type-product","3":"status-publish","4":"has-post-thumbnail","6":"product_brand-peatys","7":"product_cat-cistila-in-maziva","8":"product_tag-peatys","9":"product_tag-peatys-mast","10":"product_tag-peatys-mast-speed-grease","12":"first","13":"instock","14":"sale","15":"taxable","16":"shipping-taxable","17":"purchasable","18":"product-type-simple"},"acf":[],"_links":{"self":[{"href":"https:\/\/ritosa.click.si\/hr\/wp-json\/wp\/v2\/product\/10808","targetHints":{"allow":["GET"]}}],"collection":[{"href":"https:\/\/ritosa.click.si\/hr\/wp-json\/wp\/v2\/product"}],"about":[{"href":"https:\/\/ritosa.click.si\/hr\/wp-json\/wp\/v2\/types\/product"}],"wp:featuredmedia":[{"embeddable":true,"href":"https:\/\/ritosa.click.si\/hr\/wp-json\/wp\/v2\/media\/10809"}],"wp:attachment":[{"href":"https:\/\/ritosa.click.si\/hr\/wp-json\/wp\/v2\/media?parent=10808"}],"wp:term":[{"taxonomy":"product_brand","embeddable":true,"href":"https:\/\/ritosa.click.si\/hr\/wp-json\/wp\/v2\/product_brand?post=10808"},{"taxonomy":"product_cat","embeddable":true,"href":"https:\/\/ritosa.click.si\/hr\/wp-json\/wp\/v2\/product_cat?post=10808"},{"taxonomy":"product_tag","embeddable":true,"href":"https:\/\/ritosa.click.si\/hr\/wp-json\/wp\/v2\/product_tag?post=10808"}],"curies":[{"name":"radni list","href":"https:\/\/api.w.org\/{rel}","templated":true}]}}