{"id":10806,"date":"2022-01-27T11:39:39","date_gmt":"2022-01-27T11:39:39","guid":{"rendered":"https:\/\/ritosa.click.si\/?post_type=product&#038;p=10806"},"modified":"2025-09-09T16:51:58","modified_gmt":"2025-09-09T14:51:58","slug":"peaty-s-maxx-grip-carbon-paste","status":"publish","type":"product","link":"https:\/\/ritosa.click.si\/hr\/ducan\/biciklizam\/oprema-za-biciklizam\/vzdrzevanje-koles\/cistila-in-maziva\/peaty-s-maxx-grip-carbon-paste\/","title":{"rendered":"Peaty's Maxx Grip pasta za karbon"},"content":{"rendered":"<p><span class=\"VIiyi\" lang=\"sl\" xml:lang=\"sl\"><span class=\"JLqJ4b ChMk0b\">Peatyjev MAXX GRIP CARBON idealan je za upotrebu na karbonskim upravlja\u010dima, stezaljkama lule i cijevima sjedala. Posebno formulirana mje\u0161avina 100 % obnovljivih prirodnih ulja i ultra finih \u010destica plovu\u0107ca protiv klizanja.<\/span> <span class=\"JLqJ4b ChMk0b\">Dizajnirana kako bi sprije\u010dila klizanje izme\u0111u komponenti od karbonskih vlakana, Gripper Paste pove\u0107ava trenje izme\u0111u komponenti od karbonskih vlakana i njihovih povr\u0161ina, smanjuju\u0107i okretni moment potreban za njihovo stezanje.<\/span> <span class=\"JLqJ4b ChMk0b\">Na\u0161a netoksi\u010dna formula otporna je na deterd\u017eente i pranje, \u0161to osigurava dugotrajne performanse i izdr\u017eljivost u najte\u017eim uvjetima.<\/span><\/span><\/p>\n<ul>\n<li><span class=\"VIiyi\" lang=\"sl\" xml:lang=\"sl\"><span class=\"JLqJ4b ChMk0b\">Za upotrebu na upravlja\u010dima, luli i cijevima sjedala od karbonskih vlakana.<\/span> <\/span><\/li>\n<li><span class=\"VIiyi\" lang=\"sl\" xml:lang=\"sl\"><span class=\"JLqJ4b ChMk0b\">Uklanja klizanje stegnutih dijelova i sprje\u010dava zaglavljivanje izme\u0111u komponenti.<\/span> <\/span><\/li>\n<li><span class=\"VIiyi\" lang=\"sl\" xml:lang=\"sl\"> <span class=\"JLqJ4b ChMk0b\">Napravljeno od obnovljivih, prirodnih ulja i \u010destica plovu\u0107ca.<\/span> <\/span><\/li>\n<li><span class=\"VIiyi\" lang=\"sl\" xml:lang=\"sl\"><span class=\"JLqJ4b ChMk0b\">Lako biorazgradivo.<\/span> <\/span><\/li>\n<li><span class=\"VIiyi\" lang=\"sl\" xml:lang=\"sl\"><span class=\"JLqJ4b ChMk0b\">100% reciklirana ambala\u017ea od PCR-a i PIR-a.<\/span> <\/span><\/li>\n<li><span class=\"VIiyi\" lang=\"sl\" xml:lang=\"sl\"><span class=\"JLqJ4b ChMk0b\">Pokrijte navojem M15.<\/span><\/span><\/li>\n<\/ul>","protected":false},"excerpt":{"rendered":"<p>Peaty&#039;s Maxx Grip karbonska pasta 75 g<\/p>","protected":false},"featured_media":10807,"template":"","meta":{"_acf_changed":false,"inline_featured_image":false},"product_brand":[1438],"product_cat":[657],"product_tag":[1364,1440],"class_list":{"0":"post-10806","1":"product","2":"type-product","3":"status-publish","4":"has-post-thumbnail","6":"product_brand-peatys","7":"product_cat-cistila-in-maziva","8":"product_tag-peatys","9":"product_tag-peatys-maxx-grip-carbon-paste","11":"first","12":"instock","13":"sale","14":"taxable","15":"shipping-taxable","16":"purchasable","17":"product-type-simple"},"acf":[],"_links":{"self":[{"href":"https:\/\/ritosa.click.si\/hr\/wp-json\/wp\/v2\/product\/10806","targetHints":{"allow":["GET"]}}],"collection":[{"href":"https:\/\/ritosa.click.si\/hr\/wp-json\/wp\/v2\/product"}],"about":[{"href":"https:\/\/ritosa.click.si\/hr\/wp-json\/wp\/v2\/types\/product"}],"wp:featuredmedia":[{"embeddable":true,"href":"https:\/\/ritosa.click.si\/hr\/wp-json\/wp\/v2\/media\/10807"}],"wp:attachment":[{"href":"https:\/\/ritosa.click.si\/hr\/wp-json\/wp\/v2\/media?parent=10806"}],"wp:term":[{"taxonomy":"product_brand","embeddable":true,"href":"https:\/\/ritosa.click.si\/hr\/wp-json\/wp\/v2\/product_brand?post=10806"},{"taxonomy":"product_cat","embeddable":true,"href":"https:\/\/ritosa.click.si\/hr\/wp-json\/wp\/v2\/product_cat?post=10806"},{"taxonomy":"product_tag","embeddable":true,"href":"https:\/\/ritosa.click.si\/hr\/wp-json\/wp\/v2\/product_tag?post=10806"}],"curies":[{"name":"radni list","href":"https:\/\/api.w.org\/{rel}","templated":true}]}}