{"id":10804,"date":"2022-01-27T11:14:12","date_gmt":"2022-01-27T11:14:12","guid":{"rendered":"https:\/\/ritosa.click.si\/?post_type=product&#038;p=10804"},"modified":"2025-09-09T16:46:21","modified_gmt":"2025-09-09T14:46:21","slug":"peaty-s-olje-za-verigo-link-lube-all-weather-120ml","status":"publish","type":"product","link":"https:\/\/ritosa.click.si\/hr\/ducan\/biciklizam\/oprema-za-biciklizam\/vzdrzevanje-koles\/cistila-in-maziva\/peaty-s-olje-za-verigo-link-lube-all-weather-120ml\/","title":{"rendered":"Peaty&#039;s Link Lube ulje za lanac za sve vremenske uvjete 120 ml"},"content":{"rendered":"<p><span class=\"VIiyi\" lang=\"sl\" xml:lang=\"sl\"><span class=\"JLqJ4b ChMk0b\">Peaty&#039;s Link Lube je trostruko destilirano ulje za lanac za upotrebu u svim uvjetima.<\/span><span class=\"JLqJ4b\"> E<\/span><span class=\"JLqJ4b ChMk0b\">Jedinstvena dvodijelna formula prodire duboko u lanac i \u010disti ga, uklanjaju\u0107i vlagu, pijesak i prljav\u0161tinu te ih zamjenjuju\u0107i jedinstvenom mje\u0161avinom ulja i voskova (Peatyjev tajni sastojak) za podmazivanje i za\u0161titu.<\/span> <span class=\"JLqJ4b ChMk0b\">Da, dobro ste pro\u010ditali... Peatyjev Link Lube zapravo \u010disti va\u0161 lanac dok ga koristite!<\/span><\/span><\/p>\n<ul>\n<li><span class=\"VIiyi\" lang=\"sl\" xml:lang=\"sl\"><span class=\"JLqJ4b ChMk0b\">Jedinstvena formula \u201eShake to awake\u201c kombinira dvije komponente maziva za lanac<\/span><\/span><\/li>\n<li><span class=\"VIiyi\" lang=\"sl\" xml:lang=\"sl\"><span class=\"JLqJ4b ChMk0b\">Prodire duboko u lanac, uklanja vlagu i prljav\u0161tinu, zamjenjuju\u0107i ih jedinstvenom mje\u0161avinom ulja i voskova<br \/>\n<\/span><\/span><\/li>\n<li><span class=\"VIiyi\" lang=\"sl\" xml:lang=\"sl\"><span class=\"JLqJ4b ChMk0b\"><span class=\"VIiyi\" lang=\"sl\" xml:lang=\"sl\"><span class=\"JLqJ4b ChMk0b\"><span class=\"VIiyi\" lang=\"sl\" xml:lang=\"sl\"><span class=\"JLqJ4b ChMk0b\"><span class=\"VIiyi\" lang=\"sl\" xml:lang=\"sl\"><span class=\"JLqJ4b ChMk0b\">Zaobljeni vrh aplikatora lako klizi preko lanca i omogu\u0107uje vrlo <\/span>jednostavna i precizna upotreba<\/span><\/span><\/span><\/span><\/span><\/span><\/span><\/li>\n<li><span class=\"VIiyi\" lang=\"sl\" xml:lang=\"sl\"><span class=\"JLqJ4b ChMk0b\"><span class=\"VIiyi\" lang=\"sl\" xml:lang=\"sl\"><span class=\"JLqJ4b ChMk0b\"><span class=\"VIiyi\" lang=\"sl\" xml:lang=\"sl\"><span class=\"JLqJ4b ChMk0b\"><span class=\"VIiyi\" lang=\"sl\" xml:lang=\"sl\"><span class=\"VIiyi\" lang=\"sl\" xml:lang=\"sl\"><span class=\"JLqJ4b ChMk0b\">Jedinstveno visoko i tanko pakiranje dizajnirano je za dr\u017eanje u ruci poput olovke za jednostavno nano\u0161enje.<\/span><\/span> <\/span><\/span><\/span><\/span><\/span><\/span><\/span><\/li>\n<\/ul>\n<p><span class=\"VIiyi\" lang=\"sl\" xml:lang=\"sl\"><span class=\"JLqJ4b ChMk0b\"><span class=\"VIiyi\" lang=\"sl\" xml:lang=\"sl\"><span class=\"JLqJ4b ChMk0b\"><span class=\"VIiyi\" lang=\"sl\" xml:lang=\"sl\"><span class=\"JLqJ4b ChMk0b\"><span class=\"VIiyi\" lang=\"sl\" xml:lang=\"sl\"><span class=\"VIiyi\" lang=\"sl\" xml:lang=\"sl\"><span class=\"JLqJ4b ChMk0b\">DVODOMJENSKA FORMULA LUBRIKANTA<\/span><\/span><\/span><\/span><\/span><\/span><\/span><\/span><\/span><\/p>\n<p><span class=\"VIiyi\" lang=\"sl\" xml:lang=\"sl\"><span class=\"JLqJ4b ChMk0b\"><span class=\"VIiyi\" lang=\"sl\" xml:lang=\"sl\"><span class=\"JLqJ4b ChMk0b\"><span class=\"VIiyi\" lang=\"sl\" xml:lang=\"sl\"><span class=\"JLqJ4b ChMk0b\"><span class=\"VIiyi\" lang=\"sl\" xml:lang=\"sl\"><span class=\"VIiyi\" lang=\"sl\" xml:lang=\"sl\"><span class=\"JLqJ4b ChMk0b\"><span class=\"VIiyi\" lang=\"sl\" xml:lang=\"sl\"><span class=\"JLqJ4b\">Nakon \u0161to va\u0161e All Weather Link mazivo odstoji neko vrijeme, mazivo \u0107e se razdvojiti na dvije komponente \u2013 prozirno bazno mazivo na vrhu i tajanstveni plavi \u201etajni umak\u201c koji \u0107e polako tonuti na dno boce. Ne brinite! Ovo je va\u017ena zna\u010dajka koja omogu\u0107uje kori\u0161tenje na\u0161eg maziva u svim vremenskim uvjetima. Tajni umak je jedinstvena mje\u0161avina ulja i voskova koji se obi\u010dno nalaze pojedina\u010dno u mokrim ili suhim mazivima. Kroz puno napornog rada u laboratoriju uspjeli smo ih kombinirati u jedno super mazivo koje mo\u017ee pru\u017eiti nevjerojatno dugotrajnu za\u0161titu u mokrim uvjetima, a istovremeno ostati neobi\u010dno \u010disto u suhim i pra\u0161njavim uvjetima. Prozirno bazno mazivo je ulje otporno na koroziju, brzo prodiru\u0107e koje istiskuje vodu i \u2013 kada se pomije\u0161a s \u201etajnim umakom\u201c \u2013 prona\u0107i \u0107e put u svaki kutak va\u0161eg lanca. Kada dosegne duboka, uska podru\u010dja lanca, istisnut \u0107e vlagu, pijesak i prljav\u0161tinu, ostavljaju\u0107i za sobom samo \u201eklizni umak\u201c koji smanjuje trenje, smanjuje vibracije i smanjuje buku pogonskog sklopa.<\/span><\/span> <\/span><\/span><\/span><\/span><\/span><\/span><\/span><\/span><\/span><\/p>\n<p>Upute za uporabu:<\/p>\n<p><span class=\"VIiyi\" lang=\"sl\" xml:lang=\"sl\"><span class=\"JLqJ4b ChMk0b\">Kada se All Weather LinkLube prvi put koristi na rabljenom (ali naizgled \u010distom) pogonskom sklopu, lanac mo\u017ee prili\u010dno brzo pocrniti.<\/span> <span class=\"JLqJ4b ChMk0b\">O, ne pani\u010darite!<\/span> <span class=\"JLqJ4b ChMk0b\">Ovo je zapravo odli\u010dna zna\u010dajka LinkLubea, uklanjanje prljav\u0161tine koja se skriva duboko u va\u0161em lancu.<\/span> <span class=\"JLqJ4b ChMk0b\">Jednostavno nastavite odma\u0161\u0107ivati i ponovno nanositi, i nakon nekoliko vo\u017enji, va\u0161 lanac \u0107e kona\u010dno ponovno postati \u010dist!<\/span><\/span><\/p>\n<p><span class=\"VIiyi\" lang=\"sl\" xml:lang=\"sl\"><span class=\"JLqJ4b ChMk0b\">Preporu\u010dujemo \u010di\u0161\u0107enje odma\u0161\u0107iva\u010dem pogonskog sklopa prije upotrebe maziva za lanac. <a href=\"https:\/\/ritosa.si\/si\/ciscenje-in-mazanje\/4757-peaty-s-cistilo-foaming-drivetrain-degreaser-500ml.html\">Peatyjevo pjenasto sredstvo za odma\u0161\u0107ivanje pogonskog sklopa<\/a>r.<\/span><\/span><\/p>","protected":false},"excerpt":{"rendered":"<p>Peaty&#039;s Link Lube ulje za lanac za sve vremenske uvjete 120 ml<\/p>","protected":false},"featured_media":10805,"template":"","meta":{"_acf_changed":false,"inline_featured_image":false},"product_brand":[1438],"product_cat":[657],"product_tag":[1355,1356,1357,1358],"class_list":{"0":"post-10804","1":"product","2":"type-product","3":"status-publish","4":"has-post-thumbnail","6":"product_brand-peatys","7":"product_cat-cistila-in-maziva","8":"product_tag-link-lube-all-weather","9":"product_tag-olje-za-verigo","10":"product_tag-olje-za-verigo-za-vsa-vremena","11":"product_tag-peatys-olje-za-verigo","13":"first","14":"instock","15":"sale","16":"taxable","17":"shipping-taxable","18":"purchasable","19":"product-type-simple"},"acf":[],"_links":{"self":[{"href":"https:\/\/ritosa.click.si\/hr\/wp-json\/wp\/v2\/product\/10804","targetHints":{"allow":["GET"]}}],"collection":[{"href":"https:\/\/ritosa.click.si\/hr\/wp-json\/wp\/v2\/product"}],"about":[{"href":"https:\/\/ritosa.click.si\/hr\/wp-json\/wp\/v2\/types\/product"}],"wp:featuredmedia":[{"embeddable":true,"href":"https:\/\/ritosa.click.si\/hr\/wp-json\/wp\/v2\/media\/10805"}],"wp:attachment":[{"href":"https:\/\/ritosa.click.si\/hr\/wp-json\/wp\/v2\/media?parent=10804"}],"wp:term":[{"taxonomy":"product_brand","embeddable":true,"href":"https:\/\/ritosa.click.si\/hr\/wp-json\/wp\/v2\/product_brand?post=10804"},{"taxonomy":"product_cat","embeddable":true,"href":"https:\/\/ritosa.click.si\/hr\/wp-json\/wp\/v2\/product_cat?post=10804"},{"taxonomy":"product_tag","embeddable":true,"href":"https:\/\/ritosa.click.si\/hr\/wp-json\/wp\/v2\/product_tag?post=10804"}],"curies":[{"name":"radni list","href":"https:\/\/api.w.org\/{rel}","templated":true}]}}