{"id":10802,"date":"2022-01-27T10:59:58","date_gmt":"2022-01-27T10:59:58","guid":{"rendered":"https:\/\/ritosa.click.si\/?post_type=product&#038;p=10802"},"modified":"2025-09-09T16:45:01","modified_gmt":"2025-09-09T14:45:01","slug":"peaty-s-olje-za-verigo-link-lube-all-weather-premium-60ml","status":"publish","type":"product","link":"https:\/\/ritosa.click.si\/hr\/ducan\/biciklizam\/oprema-za-biciklizam\/vzdrzevanje-koles\/cistila-in-maziva\/peaty-s-olje-za-verigo-link-lube-all-weather-premium-60ml\/","title":{"rendered":"Peaty&#039;s Link Lube All Weather Premium ulje za lanac 60 ml"},"content":{"rendered":"<p><span class=\"VIiyi\" lang=\"sl\" xml:lang=\"sl\"><span class=\"JLqJ4b ChMk0b\">Dizajnirano za najdu\u017ee vo\u017enje u razli\u010ditim vremenskim uvjetima.<\/span> <span class=\"JLqJ4b ChMk0b\">Linklube Premium All-Weather koristi isti znanstveni pristup kao i na\u0161 vrlo popularni Linklube All-Weather, ali s jo\u0161 kvalitetnijim sirovinama.<\/span> <\/span><\/p>\n<p><span class=\"VIiyi\" lang=\"sl\" xml:lang=\"sl\"><span class=\"JLqJ4b ChMk0b\">S istim svojstvima \u010di\u0161\u0107enja lanca kao i All-Weather Link Lube, mlije\u010dno bijeli Link Lube Premium prodire duboko u lanac, zamjenjuju\u0107i vlagu, pijesak i prljav\u0161tinu dugotrajnom mje\u0161avinom ulja, voskova i netoksi\u010dnih nano\u010destica.\u00a0<span class=\"VIiyi\" lang=\"sl\" xml:lang=\"sl\"><span class=\"JLqJ4b ChMk0b\">Da, dobro ste pro\u010ditali... Peatyjev Link Lube zapravo \u010disti va\u0161 lanac dok ga koristite!<\/span><\/span><\/span><\/span><\/p>\n<ul>\n<li><span class=\"VIiyi\" lang=\"sl\" xml:lang=\"sl\"><span class=\"JLqJ4b ChMk0b\">Dizajnirano za jo\u0161 \u010di\u0161\u0107u, glatkiju i ti\u0161u vo\u017enju<\/span><\/span><\/li>\n<li><span class=\"VIiyi\" lang=\"sl\" xml:lang=\"sl\"><span class=\"JLqJ4b ChMk0b\">Traje do 30% dulje od Link Lube All-Weather ulja.<\/span><\/span><\/li>\n<li><span class=\"VIiyi\" lang=\"sl\" xml:lang=\"sl\"><span class=\"JLqJ4b ChMk0b\">Prodire duboko u lanac, uklanja vlagu i prljav\u0161tinu, zamjenjuju\u0107i ih jedinstvenom mje\u0161avinom ulja i voskova<br \/>\n<\/span><\/span><\/li>\n<li><span class=\"VIiyi\" lang=\"sl\" xml:lang=\"sl\"><span class=\"JLqJ4b ChMk0b\"><span class=\"VIiyi\" lang=\"sl\" xml:lang=\"sl\"><span class=\"JLqJ4b ChMk0b\"><span class=\"VIiyi\" lang=\"sl\" xml:lang=\"sl\"><span class=\"JLqJ4b ChMk0b\"><span class=\"VIiyi\" lang=\"sl\" xml:lang=\"sl\"><span class=\"JLqJ4b ChMk0b\">Zaobljeni vrh aplikatora lako klizi preko lanca i omogu\u0107uje vrlo <\/span>jednostavna i precizna upotreba<\/span><\/span><\/span><\/span><\/span><\/span><\/span><\/li>\n<li><span class=\"VIiyi\" lang=\"sl\" xml:lang=\"sl\"><span class=\"JLqJ4b ChMk0b\"><span class=\"VIiyi\" lang=\"sl\" xml:lang=\"sl\"><span class=\"JLqJ4b ChMk0b\"><span class=\"VIiyi\" lang=\"sl\" xml:lang=\"sl\"><span class=\"JLqJ4b ChMk0b\"><span class=\"VIiyi\" lang=\"sl\" xml:lang=\"sl\"><span class=\"VIiyi\" lang=\"sl\" xml:lang=\"sl\"><span class=\"JLqJ4b ChMk0b\">Jedinstveno visoko i tanko pakiranje dizajnirano je za dr\u017eanje u ruci poput olovke za jednostavno nano\u0161enje.<\/span><\/span> <\/span><\/span><\/span><\/span><\/span><\/span><\/span><\/li>\n<\/ul>\n<p><span class=\"VIiyi\" lang=\"sl\" xml:lang=\"sl\"><span class=\"JLqJ4b ChMk0b\"><span class=\"VIiyi\" lang=\"sl\" xml:lang=\"sl\"><span class=\"JLqJ4b ChMk0b\"><span class=\"VIiyi\" lang=\"sl\" xml:lang=\"sl\"><span class=\"JLqJ4b ChMk0b\"><span class=\"VIiyi\" lang=\"sl\" xml:lang=\"sl\"><span class=\"VIiyi\" lang=\"sl\" xml:lang=\"sl\"><span class=\"JLqJ4b ChMk0b\">Na\u0161 raznoliki tim voza\u010da i testera proizvoda pre\u0161ao je tisu\u0107e kilometara testiraju\u0107i i razvijaju\u0107i All-Weather Premium gumu tijekom proteklih nekoliko godina.<\/span> <span class=\"JLqJ4b ChMk0b\">U tim kilometrima testiranja u stvarnom svijetu, otkrili su da je u prosjeku trajao 30 % du\u017ee pod istim uvjetima kao i na\u0161 standardni All-Weather Linklube.<\/span> <\/span><\/span><\/span><\/span><\/span><\/span><\/span><\/span><\/p>\n<p><span class=\"VIiyi\" lang=\"sl\" xml:lang=\"sl\"><span class=\"JLqJ4b ChMk0b\"><span class=\"VIiyi\" lang=\"sl\" xml:lang=\"sl\"><span class=\"JLqJ4b ChMk0b\"><span class=\"VIiyi\" lang=\"sl\" xml:lang=\"sl\"><span class=\"JLqJ4b ChMk0b\"><span class=\"VIiyi\" lang=\"sl\" xml:lang=\"sl\"><span class=\"VIiyi\" lang=\"sl\" xml:lang=\"sl\"><span class=\"JLqJ4b ChMk0b\">Tijekom prvog vala karantene, osvaja\u010d paraolimpijske zlatne medalje Steve Bate koristio je najnoviju formulaciju i usporedio je s na\u0161im standardnim Linklube All-Weatherom.<\/span> <span class=\"JLqJ4b ChMk0b\">Tijekom svoje epske vo\u017enje turbo trena\u017eerom, gdje je pre\u0161ao 1000 milja u deset dana, rezultati su pokazali da je All Weather Premium guma izdr\u017eala impresivnih 500 milja prije nego \u0161to se istro\u0161ila.<\/span> <span class=\"JLqJ4b ChMk0b\">Za usporedbu, standardna guma Linklube All-Weather izdr\u017eala je 380 milja pod istim kontroliranim uvjetima, pokazuju\u0107i pove\u0107anje trajnosti od 31,5 posto.<\/span><\/span> <\/span><\/span><\/span><\/span><\/span><\/span><\/span><\/p>\n<p><span class=\"VIiyi\" lang=\"sl\" xml:lang=\"sl\"><span class=\"JLqJ4b ChMk0b\">Preporu\u010dujemo \u010di\u0161\u0107enje odma\u0161\u0107iva\u010dem pogonskog sklopa prije upotrebe maziva za lanac. <a href=\"https:\/\/ritosa.si\/si\/ciscenje-in-mazanje\/4757-peaty-s-cistilo-foaming-drivetrain-degreaser-500ml.html\">Peatyjevo pjenasto sredstvo za odma\u0161\u0107ivanje pogonskog sklopa<\/a>r.<\/span><\/span><\/p>","protected":false},"excerpt":{"rendered":"<p>Peaty&#039;s Link Lube All Weather Premium ulje za lanac 60 ml<\/p>","protected":false},"featured_media":10803,"template":"","meta":{"_acf_changed":false,"inline_featured_image":false},"product_brand":[1438],"product_cat":[657],"product_tag":[1356,1364,1358],"class_list":{"0":"post-10802","1":"product","2":"type-product","3":"status-publish","4":"has-post-thumbnail","6":"product_brand-peatys","7":"product_cat-cistila-in-maziva","8":"product_tag-olje-za-verigo","9":"product_tag-peatys","10":"product_tag-peatys-olje-za-verigo","12":"first","13":"instock","14":"sale","15":"taxable","16":"shipping-taxable","17":"purchasable","18":"product-type-simple"},"acf":[],"_links":{"self":[{"href":"https:\/\/ritosa.click.si\/hr\/wp-json\/wp\/v2\/product\/10802","targetHints":{"allow":["GET"]}}],"collection":[{"href":"https:\/\/ritosa.click.si\/hr\/wp-json\/wp\/v2\/product"}],"about":[{"href":"https:\/\/ritosa.click.si\/hr\/wp-json\/wp\/v2\/types\/product"}],"wp:featuredmedia":[{"embeddable":true,"href":"https:\/\/ritosa.click.si\/hr\/wp-json\/wp\/v2\/media\/10803"}],"wp:attachment":[{"href":"https:\/\/ritosa.click.si\/hr\/wp-json\/wp\/v2\/media?parent=10802"}],"wp:term":[{"taxonomy":"product_brand","embeddable":true,"href":"https:\/\/ritosa.click.si\/hr\/wp-json\/wp\/v2\/product_brand?post=10802"},{"taxonomy":"product_cat","embeddable":true,"href":"https:\/\/ritosa.click.si\/hr\/wp-json\/wp\/v2\/product_cat?post=10802"},{"taxonomy":"product_tag","embeddable":true,"href":"https:\/\/ritosa.click.si\/hr\/wp-json\/wp\/v2\/product_tag?post=10802"}],"curies":[{"name":"radni list","href":"https:\/\/api.w.org\/{rel}","templated":true}]}}