{"id":10792,"date":"2022-01-24T12:46:37","date_gmt":"2022-01-24T12:46:37","guid":{"rendered":"https:\/\/ritosa.click.si\/?post_type=product&#038;p=10792"},"modified":"2026-03-30T09:03:06","modified_gmt":"2026-03-30T07:03:06","slug":"tricikel-elektricni-za-odrasle-20-s-kosaro","status":"publish","type":"product","link":"https:\/\/ritosa.click.si\/hr\/ducan\/invalidski-pripomocki\/tricikli\/tricikel-elektricni-za-odrasle-20-s-kosaro\/","title":{"rendered":"Elektri\u010dni tricikl za odrasle 20\u201d s ko\u0161arom"},"content":{"rendered":"<ul>\n<li data-start=\"323\" data-end=\"609\">Tricikl ima anatomsko sjedalo za udobno sjedenje, veliku stra\u017enju ko\u0161aru za lak\u0161i prijevoz te reflektore i svjetla za ve\u0107u sigurnost.<\/li>\n<li>Obojen protukorozivnom bojom, a obru\u010di i \u017ebice su izdr\u017eljivi.<\/li>\n<li>Model ima diferencijal za ve\u0107u stabilnost i lak\u0161e skretanje.<\/li>\n<li>Tricikl se mo\u017ee rastaviti na dva dijela radi lak\u0161eg transporta.<\/li>\n<li>Baterija: 13 Ah<\/li>\n<li>Nosivost (maksimalna te\u017eina voza\u010da): 130 kg,<\/li>\n<li>Te\u017eina: 31 kg<\/li>\n<\/ul>\n<p>Tricikl za djecu i odrasle od 140 cm do 185 cm.<\/p>","protected":false},"excerpt":{"rendered":"<p data-start=\"87\" data-end=\"164\">Elektri\u010dni tricikl 20\u2033 s diferencijalom \u2013 za starije osobe i osobe s pote\u0161ko\u0107ama pri hodanju.<\/p>\n<p data-start=\"166\" data-end=\"321\">Ovaj stabilni tricikl na elektri\u010dni pogon prikladan je za sve veli\u010dine i omogu\u0107uje sigurnu i udobnu vo\u017enju \u010dak i osobama koje imaju pote\u0161ko\u0107a s ravnote\u017eom ili hodanjem. Metalni okvir se preklapa na pola za jednostavno spremanje i prijevoz. Savr\u0161en izbor za sve koji tra\u017ee stabilnost, udobnost i prakti\u010dnost za svakodnevnu upotrebu ili izlete.<\/p>\n<p>&nbsp;<\/p>","protected":false},"featured_media":21719,"template":"","meta":{"_acf_changed":false,"inline_featured_image":false,"_monsterinsights_skip_tracking":false,"_monsterinsights_sitenote_active":false,"_monsterinsights_sitenote_note":"","_monsterinsights_sitenote_category":0},"product_brand":[],"product_cat":[496],"product_tag":[],"class_list":{"0":"post-10792","1":"product","2":"type-product","3":"status-publish","4":"has-post-thumbnail","6":"product_cat-tricikli","7":"pa_barva-modra","8":"pa_barva-rdeca","10":"first","11":"onbackorder","12":"taxable","13":"shipping-taxable","14":"purchasable","15":"product-type-variable"},"acf":[],"aioseo_notices":[],"_links":{"self":[{"href":"https:\/\/ritosa.click.si\/hr\/wp-json\/wp\/v2\/product\/10792","targetHints":{"allow":["GET"]}}],"collection":[{"href":"https:\/\/ritosa.click.si\/hr\/wp-json\/wp\/v2\/product"}],"about":[{"href":"https:\/\/ritosa.click.si\/hr\/wp-json\/wp\/v2\/types\/product"}],"wp:featuredmedia":[{"embeddable":true,"href":"https:\/\/ritosa.click.si\/hr\/wp-json\/wp\/v2\/media\/21719"}],"wp:attachment":[{"href":"https:\/\/ritosa.click.si\/hr\/wp-json\/wp\/v2\/media?parent=10792"}],"wp:term":[{"taxonomy":"product_brand","embeddable":true,"href":"https:\/\/ritosa.click.si\/hr\/wp-json\/wp\/v2\/product_brand?post=10792"},{"taxonomy":"product_cat","embeddable":true,"href":"https:\/\/ritosa.click.si\/hr\/wp-json\/wp\/v2\/product_cat?post=10792"},{"taxonomy":"product_tag","embeddable":true,"href":"https:\/\/ritosa.click.si\/hr\/wp-json\/wp\/v2\/product_tag?post=10792"}],"curies":[{"name":"radni list","href":"https:\/\/api.w.org\/{rel}","templated":true}]}}