{"id":10781,"date":"2022-01-18T09:57:39","date_gmt":"2022-01-18T09:57:39","guid":{"rendered":"https:\/\/ritosa.click.si\/?post_type=product&#038;p=10781"},"modified":"2026-03-06T15:54:06","modified_gmt":"2026-03-06T14:54:06","slug":"volkl-classic-double-ski-bag-195cm","status":"publish","type":"product","link":"https:\/\/ritosa.click.si\/hr\/ducan\/skijanje\/smucarska-oprema\/smucarske-torbe\/volkl-classic-double-ski-bag-195cm\/","title":{"rendered":"Volkl Classic Double Ski Bag 195cm"},"content":{"rendered":"<div class=\"rte\">\n<p>Classic Double Ski Bag 195 cm znamke V\u00f6lkl je popolna za varno prena\u0161anje dveh parov smu\u010di.<\/p>\n<p>Torba ima velik predal z dvostransko zadrgo in omogo\u010da shranjevanje smu\u010di do dol\u017eine 195 cm. Prezra\u010devalne odprtine omogo\u010dajo izhajanje vlage. Prav tako ima oja\u010dane ro\u010daje za ve\u010djo vzdr\u017eljivost.<\/p>\n<ul>\n<li>Torba za smu\u010di do dol\u017eine 195 cm<\/li>\n<li>Oja\u010dani ro\u010daji z Velcro\u00ae trakom<\/li>\n<\/ul>\n<p><strong>Volumen:<\/strong>\u00a0120 litrov<br \/>\n<strong>Dimenzije:<\/strong>\u00a0195 \u00d7 35 \u00d7 35 cm<br \/>\n<strong>Te\u017eina:<\/strong>\u00a0850 g<\/p>\n<\/div>","protected":false},"excerpt":{"rendered":"<p>Torba za 2 para smu\u010di \u2013 Classic Double Ski Bag 195 cm<\/p>","protected":false},"featured_media":20888,"template":"","meta":{"inline_featured_image":false},"product_brand":[1190],"product_cat":[570],"product_tag":[],"class_list":{"0":"post-10781","1":"product","2":"type-product","3":"status-publish","4":"has-post-thumbnail","6":"product_brand-volkl","7":"product_cat-smucarske-torbe","9":"first","10":"instock","11":"sale","12":"taxable","13":"shipping-taxable","14":"purchasable","15":"product-type-simple"},"_links":{"self":[{"href":"https:\/\/ritosa.click.si\/hr\/wp-json\/wp\/v2\/product\/10781","targetHints":{"allow":["GET"]}}],"collection":[{"href":"https:\/\/ritosa.click.si\/hr\/wp-json\/wp\/v2\/product"}],"about":[{"href":"https:\/\/ritosa.click.si\/hr\/wp-json\/wp\/v2\/types\/product"}],"wp:featuredmedia":[{"embeddable":true,"href":"https:\/\/ritosa.click.si\/hr\/wp-json\/wp\/v2\/media\/20888"}],"wp:attachment":[{"href":"https:\/\/ritosa.click.si\/hr\/wp-json\/wp\/v2\/media?parent=10781"}],"wp:term":[{"taxonomy":"product_brand","embeddable":true,"href":"https:\/\/ritosa.click.si\/hr\/wp-json\/wp\/v2\/product_brand?post=10781"},{"taxonomy":"product_cat","embeddable":true,"href":"https:\/\/ritosa.click.si\/hr\/wp-json\/wp\/v2\/product_cat?post=10781"},{"taxonomy":"product_tag","embeddable":true,"href":"https:\/\/ritosa.click.si\/hr\/wp-json\/wp\/v2\/product_tag?post=10781"}],"curies":[{"name":"radni list","href":"https:\/\/api.w.org\/{rel}","templated":true}]}}