{"id":10770,"date":"2022-01-03T16:02:19","date_gmt":"2022-01-03T16:02:19","guid":{"rendered":"https:\/\/ritosa.click.si\/?post_type=product&#038;p=10770"},"modified":"2025-10-22T10:50:08","modified_gmt":"2025-10-22T08:50:08","slug":"specialized-trail-air","status":"publish","type":"product","link":"https:\/\/ritosa.click.si\/hr\/ducan\/biciklizam\/oprema-za-biciklizam\/kolesarske-rokavice\/moske-kolesarske-rokavice\/specialized-trail-air\/","title":{"rendered":"Rukavice Specialized Trail Air"},"content":{"rendered":"<p><span class=\"VIiyi\" lang=\"sl\" xml:lang=\"sl\"><span class=\"JLqJ4b ChMk0b\">Na\u0161e nove Trail Air rukavice dizajnirane su za maksimalnu prozra\u010dnost.<\/span> <span class=\"JLqJ4b ChMk0b\">S mikro ventiliranim, perforiranim dlanom, laganom prozra\u010dnom gornjom stranom ruke i debelo pletenom mre\u017eicom izme\u0111u prstiju, ove rukavice su spremne \u010dak i za najtoplije dane na biciklu.<\/span><\/span><\/p>\n<ul>\n<li><span class=\"VIiyi\" lang=\"sl\" xml:lang=\"sl\"> <span class=\"JLqJ4b ChMk0b\">Perforirani dlan ima mikro ventilaciju za izvrsnu prozra\u010dnost.<\/span><\/span><\/li>\n<li><span class=\"VIiyi\" lang=\"sl\" xml:lang=\"sl\"> <span class=\"JLqJ4b ChMk0b\">Lagana i vrlo prozra\u010dna tkanina na nadlanici odr\u017eava vas hladnima.<\/span> <\/span><\/li>\n<li><span class=\"VIiyi\" lang=\"sl\" xml:lang=\"sl\"><span class=\"JLqJ4b ChMk0b\">\u010cvrsta mre\u017eica izme\u0111u prstiju omogu\u0107uje maksimalan protok zraka.<\/span><\/span><\/li>\n<li><span class=\"VIiyi\" lang=\"sl\" xml:lang=\"sl\"> <span class=\"JLqJ4b ChMk0b\">Reljefna neoprenska man\u017eeta koja je udobna i sigurna.<\/span> <\/span><\/li>\n<li><span class=\"VIiyi\" lang=\"sl\" xml:lang=\"sl\"><span class=\"JLqJ4b ChMk0b\">Kompatibilno sa zaslonima osjetljivim na dodir.<\/span> <\/span><\/li>\n<li><span class=\"VIiyi\" lang=\"sl\" xml:lang=\"sl\"><span class=\"JLqJ4b ChMk0b\">Sastav tkanine: Le\u0111a: 82% najlon, 18% PU;<\/span> <span class=\"JLqJ4b ChMk0b\">Dlan: 80% poliester, 20% spandex<\/span><\/span><\/li>\n<\/ul>","protected":false},"excerpt":{"rendered":"<p>Specialized Trail Air duge rukavice prikladne za vru\u0107e dane.<\/p>","protected":false},"featured_media":10772,"template":"","meta":{"_acf_changed":false,"inline_featured_image":false},"product_brand":[673],"product_cat":[580],"product_tag":[1897,1826,1894,1830,1895,1896],"class_list":{"0":"post-10770","1":"product","2":"type-product","3":"status-publish","4":"has-post-thumbnail","6":"product_brand-specialized","7":"product_cat-moske-kolesarske-rokavice","8":"product_tag-dolge-rokavice","9":"product_tag-kolesarske-rokavice","10":"product_tag-rokavice","11":"product_tag-rokavice-specialized","12":"product_tag-rokavice-specialized-trail-air","13":"product_tag-specialized-trail-air","14":"pa_velikost-m","16":"first","17":"instock","18":"sale","19":"taxable","20":"shipping-taxable","21":"purchasable","22":"product-type-variable"},"acf":[],"_links":{"self":[{"href":"https:\/\/ritosa.click.si\/hr\/wp-json\/wp\/v2\/product\/10770","targetHints":{"allow":["GET"]}}],"collection":[{"href":"https:\/\/ritosa.click.si\/hr\/wp-json\/wp\/v2\/product"}],"about":[{"href":"https:\/\/ritosa.click.si\/hr\/wp-json\/wp\/v2\/types\/product"}],"wp:featuredmedia":[{"embeddable":true,"href":"https:\/\/ritosa.click.si\/hr\/wp-json\/wp\/v2\/media\/10772"}],"wp:attachment":[{"href":"https:\/\/ritosa.click.si\/hr\/wp-json\/wp\/v2\/media?parent=10770"}],"wp:term":[{"taxonomy":"product_brand","embeddable":true,"href":"https:\/\/ritosa.click.si\/hr\/wp-json\/wp\/v2\/product_brand?post=10770"},{"taxonomy":"product_cat","embeddable":true,"href":"https:\/\/ritosa.click.si\/hr\/wp-json\/wp\/v2\/product_cat?post=10770"},{"taxonomy":"product_tag","embeddable":true,"href":"https:\/\/ritosa.click.si\/hr\/wp-json\/wp\/v2\/product_tag?post=10770"}],"curies":[{"name":"radni list","href":"https:\/\/api.w.org\/{rel}","templated":true}]}}