{"id":10765,"date":"2022-01-03T15:22:44","date_gmt":"2022-01-03T15:22:44","guid":{"rendered":"https:\/\/ritosa.click.si\/?post_type=product&#038;p=10765"},"modified":"2025-10-22T11:25:19","modified_gmt":"2025-10-22T09:25:19","slug":"specialized-therminal-liner-glove","status":"publish","type":"product","link":"https:\/\/ritosa.click.si\/hr\/ducan\/biciklizam\/oprema-za-biciklizam\/kolesarske-rokavice\/moske-kolesarske-rokavice\/specialized-therminal-liner-glove\/","title":{"rendered":"Rukavice Specialized Thermal Liner"},"content":{"rendered":"<p><span class=\"VIiyi\" lang=\"sl\" xml:lang=\"sl\"><span class=\"JLqJ4b ChMk0b\">Kada vam je potrebna dodatna izolacija za duge vo\u017enje u hladnoj vodi, na\u0161e Therminal\u2122 Liner rukavice su dorasle zadatku.<\/span> <span class=\"JLqJ4b ChMk0b\">Dizajnirane su kako bi vam pru\u017eile dodatni sloj topline kada se nose s na\u0161im rukavicama Deflect\u2122 ili Element.<\/span> <span class=\"JLqJ4b ChMk0b\">Napravili smo ih prili\u010dno tankima kako bismo izbjegli dodatni materijal i smanjili osje\u0107aj na upravlja\u010du.<\/span> Mo\u017eete ih nositi samostalno u toplijim proljetnim ili jesenskim danima, jer su<span class=\"JLqJ4b ChMk0b\"> vi\u0161e nego sposoban sprije\u010diti hladne prste.<\/span><\/span><\/p>\n<p><span class=\"VIiyi\" lang=\"sl\" xml:lang=\"sl\"> <span class=\"JLqJ4b ChMk0b\">Lagane rukavice odr\u017eavaju vas izuzetno toplima, a istovremeno sprje\u010davaju prekomjernu te\u017einu i obim ispod vanjskog sloja rukavica.<\/span> <span class=\"JLqJ4b ChMk0b\">Sastav tkanine: 91% poliester, 9% spandex pletivo.<\/span><\/span><\/p>","protected":false},"excerpt":{"rendered":"<p>Specialized Therminal Liner duge rukavice koje se mogu nositi samostalno ili kao dodatni sloj.<\/p>","protected":false},"featured_media":10769,"template":"","meta":{"_acf_changed":false,"inline_featured_image":false,"_monsterinsights_skip_tracking":false,"_monsterinsights_sitenote_active":false,"_monsterinsights_sitenote_note":"","_monsterinsights_sitenote_category":0},"product_brand":[673],"product_cat":[580],"product_tag":[1897,1826,1894,1830,1904,1901,1903,1902],"class_list":{"0":"post-10765","1":"product","2":"type-product","3":"status-publish","4":"has-post-thumbnail","6":"product_brand-specialized","7":"product_cat-moske-kolesarske-rokavice","8":"product_tag-dolge-rokavice","9":"product_tag-kolesarske-rokavice","10":"product_tag-rokavice","11":"product_tag-rokavice-specialized","12":"product_tag-rokavice-specialized-therminal","13":"product_tag-rokavice-specialized-therminal-liner","14":"product_tag-specialized-therminal-liner","15":"product_tag-therminal-liner","16":"pa_velikost-l","17":"pa_velikost-m","19":"first","20":"instock","21":"sale","22":"taxable","23":"shipping-taxable","24":"purchasable","25":"product-type-variable"},"acf":[],"aioseo_notices":[],"_links":{"self":[{"href":"https:\/\/ritosa.click.si\/hr\/wp-json\/wp\/v2\/product\/10765","targetHints":{"allow":["GET"]}}],"collection":[{"href":"https:\/\/ritosa.click.si\/hr\/wp-json\/wp\/v2\/product"}],"about":[{"href":"https:\/\/ritosa.click.si\/hr\/wp-json\/wp\/v2\/types\/product"}],"wp:featuredmedia":[{"embeddable":true,"href":"https:\/\/ritosa.click.si\/hr\/wp-json\/wp\/v2\/media\/10769"}],"wp:attachment":[{"href":"https:\/\/ritosa.click.si\/hr\/wp-json\/wp\/v2\/media?parent=10765"}],"wp:term":[{"taxonomy":"product_brand","embeddable":true,"href":"https:\/\/ritosa.click.si\/hr\/wp-json\/wp\/v2\/product_brand?post=10765"},{"taxonomy":"product_cat","embeddable":true,"href":"https:\/\/ritosa.click.si\/hr\/wp-json\/wp\/v2\/product_cat?post=10765"},{"taxonomy":"product_tag","embeddable":true,"href":"https:\/\/ritosa.click.si\/hr\/wp-json\/wp\/v2\/product_tag?post=10765"}],"curies":[{"name":"radni list","href":"https:\/\/api.w.org\/{rel}","templated":true}]}}