{"id":10762,"date":"2022-01-03T15:17:10","date_gmt":"2022-01-03T15:17:10","guid":{"rendered":"https:\/\/ritosa.click.si\/?post_type=product&#038;p=10762"},"modified":"2025-10-22T11:18:30","modified_gmt":"2025-10-22T09:18:30","slug":"specialized-enduro-strapless","status":"publish","type":"product","link":"https:\/\/ritosa.click.si\/hr\/ducan\/biciklizam\/oprema-za-biciklizam\/kolesarske-rokavice\/moske-kolesarske-rokavice\/specialized-enduro-strapless\/","title":{"rendered":"Rukavice Ziener CURROX TOUCH"},"content":{"rendered":"<div class=\"product-title-container\">\n<p class=\"product-title product_title entry-title\">Biciklisti\u010dke rukavice za mu\u0161karce ZIENER CURROX TOUCH s dugim prstima pru\u017eaju optimalan osje\u0107aj na upravlja\u010du zahvaljuju\u0107i jedinstvenoj ZIENER 3D GECKO GRIP tehnologiji: mali \u017eljebovi na unutarnjoj strani prstiju pru\u017eaju posebno dobar hvat. Osim toga, cijeli dlan je kompatibilan sa zaslonom osjetljivim na dodir - za besprijekoran rad pametnog telefona. Kombinacija izdr\u017eljivog, brzosu\u0161e\u0107eg i prozra\u010dnog AX\u2122 SUEDE materijala s protukliznom povr\u0161inom na prstima osigurava da ove rukavice imaju izvrstan hvat i dobar osje\u0107aj na upravlja\u010du. Posebno prilago\u0111eni dijelovi za pal\u010deve smanjuju to\u010dke pritiska na ko\u017ei. Kompresijski oblikovane neoprenske man\u017eete s \u010di\u010dkom osiguravaju dobro prianjanje.<\/p>\n<\/div>","protected":false},"excerpt":{"rendered":"<p>Ziener CURROX TOUCH rukavice s dugim prstima.<\/p>","protected":false},"featured_media":19945,"template":"","meta":{"_acf_changed":false,"inline_featured_image":false,"_monsterinsights_skip_tracking":false,"_monsterinsights_sitenote_active":false,"_monsterinsights_sitenote_note":"","_monsterinsights_sitenote_category":0},"product_brand":[682],"product_cat":[580],"product_tag":[1900,1894,1835,1898,1899],"class_list":{"0":"post-10762","1":"product","2":"type-product","3":"status-publish","4":"has-post-thumbnail","6":"product_brand-ziener","7":"product_cat-moske-kolesarske-rokavice","8":"product_tag-currox-touch","9":"product_tag-rokavice","10":"product_tag-rokavice-ziener","11":"product_tag-rokavice-ziener-currox-touch","12":"product_tag-ziener-currox-touch","13":"pa_velikost-8-5","14":"pa_velikost-794","15":"pa_velikost-9-5","17":"first","18":"instock","19":"sale","20":"taxable","21":"shipping-taxable","22":"purchasable","23":"product-type-variable"},"acf":[],"aioseo_notices":[],"_links":{"self":[{"href":"https:\/\/ritosa.click.si\/hr\/wp-json\/wp\/v2\/product\/10762","targetHints":{"allow":["GET"]}}],"collection":[{"href":"https:\/\/ritosa.click.si\/hr\/wp-json\/wp\/v2\/product"}],"about":[{"href":"https:\/\/ritosa.click.si\/hr\/wp-json\/wp\/v2\/types\/product"}],"wp:featuredmedia":[{"embeddable":true,"href":"https:\/\/ritosa.click.si\/hr\/wp-json\/wp\/v2\/media\/19945"}],"wp:attachment":[{"href":"https:\/\/ritosa.click.si\/hr\/wp-json\/wp\/v2\/media?parent=10762"}],"wp:term":[{"taxonomy":"product_brand","embeddable":true,"href":"https:\/\/ritosa.click.si\/hr\/wp-json\/wp\/v2\/product_brand?post=10762"},{"taxonomy":"product_cat","embeddable":true,"href":"https:\/\/ritosa.click.si\/hr\/wp-json\/wp\/v2\/product_cat?post=10762"},{"taxonomy":"product_tag","embeddable":true,"href":"https:\/\/ritosa.click.si\/hr\/wp-json\/wp\/v2\/product_tag?post=10762"}],"curies":[{"name":"radni list","href":"https:\/\/api.w.org\/{rel}","templated":true}]}}