{"id":10749,"date":"2022-01-03T14:37:39","date_gmt":"2022-01-03T14:37:39","guid":{"rendered":"https:\/\/ritosa.click.si\/?post_type=product&#038;p=10749"},"modified":"2026-04-03T15:18:59","modified_gmt":"2026-04-03T13:18:59","slug":"ziener-cristoffer","status":"publish","type":"product","link":"https:\/\/ritosa.click.si\/hr\/ducan\/biciklizam\/oprema-za-biciklizam\/kolesarske-rokavice\/moske-kolesarske-rokavice\/ziener-cristoffer\/","title":{"rendered":"Biciklisti\u010dke rukavice Ziener CRISTOFFER"},"content":{"rendered":"<p><span class=\"VIiyi\" lang=\"sl\" xml:lang=\"sl\"><span class=\"JLqJ4b ChMk0b\">Zahvaljuju\u0107i izdr\u017eljivom, ko\u017ei sli\u010dnom AMARA materijalu dlana s prozra\u010dnim svojstvima, va\u0161e se ruke ne\u0107e znojiti \u010dak ni na duljim putovanjima.<\/span> <span class=\"JLqJ4b ChMk0b\">Osim toga, neklizaju\u0107i dlanovi osiguravaju potpunu kontrolu upravlja\u010da u svakoj situaciji.<\/span> <span class=\"JLqJ4b ChMk0b\">\u010ci\u010dak zatvara\u010di s o\u0161trim rubom i integriranim om\u010dama za prste osiguravaju jednostavno i brzo skidanje.<\/span> <span class=\"JLqJ4b ChMk0b\">Kori\u0161tenje posebno upijaju\u0107eg materijala na pal\u010devima olak\u0161ava brisanje znoja tijekom vo\u017enje.<\/span><\/span><\/p>","protected":false},"excerpt":{"rendered":"<p><span class=\"VIiyi\" lang=\"sl\" xml:lang=\"sl\"><span class=\"JLqJ4b ChMk0b\">Lagane mu\u0161ke trka\u0107e rukavice ZIENER CRISTOFFER opremljene su visokokvalitetnim GEL FOAM punjenjem i nude maksimalnu udobnost na upravlja\u010du.<\/span> <\/span><\/p>","protected":false},"featured_media":10755,"template":"","meta":{"_acf_changed":false,"inline_featured_image":false,"_monsterinsights_skip_tracking":false,"_monsterinsights_sitenote_active":false,"_monsterinsights_sitenote_note":"","_monsterinsights_sitenote_category":0},"product_brand":[682],"product_cat":[580],"product_tag":[1826,1834,1833,1832,1200,1835,1837,1836],"class_list":{"0":"post-10749","1":"product","2":"type-product","3":"status-publish","4":"has-post-thumbnail","6":"product_brand-ziener","7":"product_cat-moske-kolesarske-rokavice","8":"product_tag-kolesarske-rokavice","9":"product_tag-kolesarske-rokavice-ziener","10":"product_tag-kolesarske-rokavice-ziener-cristoffer","11":"product_tag-moske-kolesarske-rokavice","12":"product_tag-moski","13":"product_tag-rokavice-ziener","14":"product_tag-ziener","15":"product_tag-ziener-cristoffer","16":"pa_velikost-8-5","18":"first","19":"instock","20":"sale","21":"taxable","22":"shipping-taxable","23":"purchasable","24":"product-type-variable"},"acf":[],"aioseo_notices":[],"_links":{"self":[{"href":"https:\/\/ritosa.click.si\/hr\/wp-json\/wp\/v2\/product\/10749","targetHints":{"allow":["GET"]}}],"collection":[{"href":"https:\/\/ritosa.click.si\/hr\/wp-json\/wp\/v2\/product"}],"about":[{"href":"https:\/\/ritosa.click.si\/hr\/wp-json\/wp\/v2\/types\/product"}],"wp:featuredmedia":[{"embeddable":true,"href":"https:\/\/ritosa.click.si\/hr\/wp-json\/wp\/v2\/media\/10755"}],"wp:attachment":[{"href":"https:\/\/ritosa.click.si\/hr\/wp-json\/wp\/v2\/media?parent=10749"}],"wp:term":[{"taxonomy":"product_brand","embeddable":true,"href":"https:\/\/ritosa.click.si\/hr\/wp-json\/wp\/v2\/product_brand?post=10749"},{"taxonomy":"product_cat","embeddable":true,"href":"https:\/\/ritosa.click.si\/hr\/wp-json\/wp\/v2\/product_cat?post=10749"},{"taxonomy":"product_tag","embeddable":true,"href":"https:\/\/ritosa.click.si\/hr\/wp-json\/wp\/v2\/product_tag?post=10749"}],"curies":[{"name":"radni list","href":"https:\/\/api.w.org\/{rel}","templated":true}]}}