{"id":10746,"date":"2022-01-03T14:34:04","date_gmt":"2022-01-03T14:34:04","guid":{"rendered":"https:\/\/ritosa.click.si\/?post_type=product&#038;p=10746"},"modified":"2025-10-21T12:04:06","modified_gmt":"2025-10-21T10:04:06","slug":"ziener-ceniz-2","status":"publish","type":"product","link":"https:\/\/ritosa.click.si\/hr\/ducan\/biciklizam\/oprema-za-biciklizam\/kolesarske-rokavice\/moske-kolesarske-rokavice\/ziener-ceniz-2\/","title":{"rendered":"Biciklisti\u010dke rukavice Ziener CORBINIAN"},"content":{"rendered":"<p>Mu\u0161ke biciklisti\u010dke rukavice ZIENER s kratkim prstima CORBINIAN odli\u010dan su izbor za ljetne biciklisti\u010dke ture. GEL jastu\u010di\u0107i na dlanovima pru\u017eaju maksimalnu udobnost tijekom vo\u017enje bicikla. Umetci za pal\u010deve smanjuju to\u010dke pritiska, a integrirane om\u010de za prste olak\u0161avaju skidanje rukavica. Zahvaljuju\u0107i izdr\u017eljivom, ko\u017ei sli\u010dnom AMARA materijalu dlana s prozra\u010dnim svojstvima, va\u0161e se ruke ne\u0107e znojiti \u010dak ni na du\u017eim turama. Kori\u0161tenje posebno upijaju\u0107eg materijala na pal\u010devima olak\u0161ava brisanje znoja.<\/p>\n<p>Boja: crna s fluorescentnom \u017euto\/zelenom prugom<\/p>","protected":false},"excerpt":{"rendered":"<p>Ziener CORBINIAN mu\u0161ke biciklisti\u010dke rukavice<\/p>","protected":false},"featured_media":19898,"template":"","meta":{"_acf_changed":false,"inline_featured_image":false,"_monsterinsights_skip_tracking":false,"_monsterinsights_sitenote_active":false,"_monsterinsights_sitenote_note":"","_monsterinsights_sitenote_category":0},"product_brand":[682],"product_cat":[580],"product_tag":[1826,1834,1866,1200,1867],"class_list":{"0":"post-10746","1":"product","2":"type-product","3":"status-publish","4":"has-post-thumbnail","6":"product_brand-ziener","7":"product_cat-moske-kolesarske-rokavice","8":"product_tag-kolesarske-rokavice","9":"product_tag-kolesarske-rokavice-ziener","10":"product_tag-kolesarske-rokavice-ziener-corbinian","11":"product_tag-moski","12":"product_tag-ziener-corbinian","13":"pa_velikost-799","14":"pa_velikost-8-5","16":"first","17":"instock","18":"sale","19":"taxable","20":"shipping-taxable","21":"purchasable","22":"product-type-variable"},"acf":[],"aioseo_notices":[],"_links":{"self":[{"href":"https:\/\/ritosa.click.si\/hr\/wp-json\/wp\/v2\/product\/10746","targetHints":{"allow":["GET"]}}],"collection":[{"href":"https:\/\/ritosa.click.si\/hr\/wp-json\/wp\/v2\/product"}],"about":[{"href":"https:\/\/ritosa.click.si\/hr\/wp-json\/wp\/v2\/types\/product"}],"wp:featuredmedia":[{"embeddable":true,"href":"https:\/\/ritosa.click.si\/hr\/wp-json\/wp\/v2\/media\/19898"}],"wp:attachment":[{"href":"https:\/\/ritosa.click.si\/hr\/wp-json\/wp\/v2\/media?parent=10746"}],"wp:term":[{"taxonomy":"product_brand","embeddable":true,"href":"https:\/\/ritosa.click.si\/hr\/wp-json\/wp\/v2\/product_brand?post=10746"},{"taxonomy":"product_cat","embeddable":true,"href":"https:\/\/ritosa.click.si\/hr\/wp-json\/wp\/v2\/product_cat?post=10746"},{"taxonomy":"product_tag","embeddable":true,"href":"https:\/\/ritosa.click.si\/hr\/wp-json\/wp\/v2\/product_tag?post=10746"}],"curies":[{"name":"radni list","href":"https:\/\/api.w.org\/{rel}","templated":true}]}}