{"id":10740,"date":"2022-01-03T14:11:14","date_gmt":"2022-01-03T14:11:14","guid":{"rendered":"https:\/\/ritosa.click.si\/?post_type=product&#038;p=10740"},"modified":"2025-10-21T18:13:44","modified_gmt":"2025-10-21T16:13:44","slug":"force-shorty-kid","status":"publish","type":"product","link":"https:\/\/ritosa.click.si\/hr\/ducan\/biciklizam\/oprema-za-biciklizam\/kolesarske-rokavice\/otroske-kolesarske-rokavice\/force-shorty-kid\/","title":{"rendered":"Biciklisti\u010dke rukavice Force ANT"},"content":{"rendered":"<p>Unutarnji sloj dlana izra\u0111en je od neklizaju\u0107eg noban materijala, vanjska strana palca izra\u0111ena je od mekog frotira, pogodnog za brisanje nosa. Mekani umeci po cijelom dlanu, reflektiraju\u0107i logo.<\/p>\n<p>Materijal: 85% poliester, 10% elastan, 5% najlon<\/p>","protected":false},"excerpt":{"rendered":"<p>Dje\u010dje biciklisti\u010dke rukavice Force ANT u sivo-bijeloj boji.<\/p>","protected":false},"featured_media":19924,"template":"","meta":{"_acf_changed":false,"inline_featured_image":false},"product_brand":[1559],"product_cat":[581],"product_tag":[1877,1826,1878,1876,1879],"class_list":{"0":"post-10740","1":"product","2":"type-product","3":"status-publish","4":"has-post-thumbnail","6":"product_brand-force","7":"product_cat-otroske-kolesarske-rokavice","8":"product_tag-force-ant","9":"product_tag-kolesarske-rokavice","10":"product_tag-kolesarske-rokavice-force","11":"product_tag-kolesarske-rokavice-force-ant","12":"product_tag-otroske-kolesarske-rokavice","13":"pa_velikost-m","15":"first","16":"instock","17":"sale","18":"taxable","19":"shipping-taxable","20":"purchasable","21":"product-type-variable"},"acf":[],"_links":{"self":[{"href":"https:\/\/ritosa.click.si\/hr\/wp-json\/wp\/v2\/product\/10740","targetHints":{"allow":["GET"]}}],"collection":[{"href":"https:\/\/ritosa.click.si\/hr\/wp-json\/wp\/v2\/product"}],"about":[{"href":"https:\/\/ritosa.click.si\/hr\/wp-json\/wp\/v2\/types\/product"}],"wp:featuredmedia":[{"embeddable":true,"href":"https:\/\/ritosa.click.si\/hr\/wp-json\/wp\/v2\/media\/19924"}],"wp:attachment":[{"href":"https:\/\/ritosa.click.si\/hr\/wp-json\/wp\/v2\/media?parent=10740"}],"wp:term":[{"taxonomy":"product_brand","embeddable":true,"href":"https:\/\/ritosa.click.si\/hr\/wp-json\/wp\/v2\/product_brand?post=10740"},{"taxonomy":"product_cat","embeddable":true,"href":"https:\/\/ritosa.click.si\/hr\/wp-json\/wp\/v2\/product_cat?post=10740"},{"taxonomy":"product_tag","embeddable":true,"href":"https:\/\/ritosa.click.si\/hr\/wp-json\/wp\/v2\/product_tag?post=10740"}],"curies":[{"name":"radni list","href":"https:\/\/api.w.org\/{rel}","templated":true}]}}