{"id":10737,"date":"2022-01-03T14:05:40","date_gmt":"2022-01-03T14:05:40","guid":{"rendered":"https:\/\/ritosa.click.si\/?post_type=product&#038;p=10737"},"modified":"2026-04-03T17:32:54","modified_gmt":"2026-04-03T15:32:54","slug":"force-kid-dog","status":"publish","type":"product","link":"https:\/\/ritosa.click.si\/hr\/ducan\/biciklizam\/oprema-za-biciklizam\/kolesarske-rokavice\/otroske-kolesarske-rokavice\/force-kid-dog\/","title":{"rendered":"Biciklisti\u010dke rukavice Ziener CHADI-Z"},"content":{"rendered":"<p>Dje\u010dje biciklisti\u010dke rukavice ZIENER CHADI-Z JUNIOR savr\u0161en su pratitelj za ljetne biciklisti\u010dke ture. GEL podstava na dlanu pru\u017ea maksimalnu udobnost na upravlja\u010du. Poseban dio za palac smanjuje pritiske, a integrirani jezi\u010dci olak\u0161avaju skidanje rukavica. Izdr\u017eljiv, ko\u017ei sli\u010dan materijal dlana AMARA s prozra\u010dnim svojstvima dr\u017ei ruke suhim i tijekom dugih vo\u017enji. Upotreba upijaju\u0107eg materijala na palcu olak\u0161ava brisanje znoja.<\/p>","protected":false},"excerpt":{"rendered":"<p>Biciklisti\u010dke rukavice Ziener CHADI-Z<\/p>","protected":false},"featured_media":22674,"template":"","meta":{"_acf_changed":false,"inline_featured_image":false},"product_brand":[682],"product_cat":[581],"product_tag":[],"class_list":{"0":"post-10737","1":"product","2":"type-product","3":"status-publish","4":"has-post-thumbnail","6":"product_brand-ziener","7":"product_cat-otroske-kolesarske-rokavice","8":"pa_velikost-l","9":"pa_velikost-m","10":"pa_velikost-s","12":"first","13":"instock","14":"taxable","15":"shipping-taxable","16":"purchasable","17":"product-type-variable"},"acf":[],"_links":{"self":[{"href":"https:\/\/ritosa.click.si\/hr\/wp-json\/wp\/v2\/product\/10737","targetHints":{"allow":["GET"]}}],"collection":[{"href":"https:\/\/ritosa.click.si\/hr\/wp-json\/wp\/v2\/product"}],"about":[{"href":"https:\/\/ritosa.click.si\/hr\/wp-json\/wp\/v2\/types\/product"}],"wp:featuredmedia":[{"embeddable":true,"href":"https:\/\/ritosa.click.si\/hr\/wp-json\/wp\/v2\/media\/22674"}],"wp:attachment":[{"href":"https:\/\/ritosa.click.si\/hr\/wp-json\/wp\/v2\/media?parent=10737"}],"wp:term":[{"taxonomy":"product_brand","embeddable":true,"href":"https:\/\/ritosa.click.si\/hr\/wp-json\/wp\/v2\/product_brand?post=10737"},{"taxonomy":"product_cat","embeddable":true,"href":"https:\/\/ritosa.click.si\/hr\/wp-json\/wp\/v2\/product_cat?post=10737"},{"taxonomy":"product_tag","embeddable":true,"href":"https:\/\/ritosa.click.si\/hr\/wp-json\/wp\/v2\/product_tag?post=10737"}],"curies":[{"name":"radni list","href":"https:\/\/api.w.org\/{rel}","templated":true}]}}