{"id":10731,"date":"2022-01-03T14:02:25","date_gmt":"2022-01-03T14:02:25","guid":{"rendered":"https:\/\/ritosa.click.si\/?post_type=product&#038;p=10731"},"modified":"2026-04-03T17:41:21","modified_gmt":"2026-04-03T15:41:21","slug":"force-kid-roza","status":"publish","type":"product","link":"https:\/\/ritosa.click.si\/hr\/ducan\/biciklizam\/oprema-za-biciklizam\/kolesarske-rokavice\/otroske-kolesarske-rokavice\/force-kid-roza\/","title":{"rendered":"Biciklisti\u010dke rukavice Ziener CLOSI-Z"},"content":{"rendered":"<p>Dje\u010dje biciklisti\u010dke rukavice ZIENER CLOSI-Z JUNIOR imaju integrirane jezi\u010dke za brzo i jednostavno skidanje rukavica. Posebno oblikovan dio za palac sprje\u010dava pritisak na ko\u017eu. Izdr\u017eljiv, ko\u017ei sli\u010dan materijal dlana AMARA s prozra\u010dnim svojstvima sprje\u010dava znojenje ruku \u010dak i tijekom dugih vo\u017enji. Dlan je potpuno podstavljen za dodatnu udobnost.<\/p>","protected":false},"excerpt":{"rendered":"<p>Biciklisti\u010dke rukavice Ziener CLOSI-Z<\/p>","protected":false},"featured_media":22683,"template":"","meta":{"_acf_changed":false,"inline_featured_image":false},"product_brand":[682],"product_cat":[581],"product_tag":[1198],"class_list":{"0":"post-10731","1":"product","2":"type-product","3":"status-publish","4":"has-post-thumbnail","6":"product_brand-ziener","7":"product_cat-otroske-kolesarske-rokavice","8":"product_tag-otroci","9":"pa_velikost-m","10":"pa_velikost-s","11":"pa_velikost-xs","13":"first","14":"instock","15":"taxable","16":"shipping-taxable","17":"purchasable","18":"product-type-variable"},"acf":[],"_links":{"self":[{"href":"https:\/\/ritosa.click.si\/hr\/wp-json\/wp\/v2\/product\/10731","targetHints":{"allow":["GET"]}}],"collection":[{"href":"https:\/\/ritosa.click.si\/hr\/wp-json\/wp\/v2\/product"}],"about":[{"href":"https:\/\/ritosa.click.si\/hr\/wp-json\/wp\/v2\/types\/product"}],"wp:featuredmedia":[{"embeddable":true,"href":"https:\/\/ritosa.click.si\/hr\/wp-json\/wp\/v2\/media\/22683"}],"wp:attachment":[{"href":"https:\/\/ritosa.click.si\/hr\/wp-json\/wp\/v2\/media?parent=10731"}],"wp:term":[{"taxonomy":"product_brand","embeddable":true,"href":"https:\/\/ritosa.click.si\/hr\/wp-json\/wp\/v2\/product_brand?post=10731"},{"taxonomy":"product_cat","embeddable":true,"href":"https:\/\/ritosa.click.si\/hr\/wp-json\/wp\/v2\/product_cat?post=10731"},{"taxonomy":"product_tag","embeddable":true,"href":"https:\/\/ritosa.click.si\/hr\/wp-json\/wp\/v2\/product_tag?post=10731"}],"curies":[{"name":"radni list","href":"https:\/\/api.w.org\/{rel}","templated":true}]}}