{"id":10709,"date":"2021-12-03T13:34:03","date_gmt":"2021-12-03T13:34:03","guid":{"rendered":"https:\/\/ritosa.click.si\/?post_type=product&#038;p=10709"},"modified":"2025-06-23T15:21:12","modified_gmt":"2025-06-23T13:21:12","slug":"thermopad-grelne-blazinice-za-roke","status":"publish","type":"product","link":"https:\/\/ritosa.click.si\/hr\/ducan\/skijanje\/ostali-zimski-sporti\/thermopad-grelne-blazinice-za-roke\/","title":{"rendered":"Thermopad grija\u0107i jastu\u010di\u0107i za ruke"},"content":{"rendered":"<p>Termopodloge za grija\u010de ruku prikladne su za sve aktivnosti na otvorenom. Aktiviraju se prisutno\u0161\u0107u zraka. Pru\u017eaju prirodnu toplinu do 8 sati. Potrebno im je samo nekoliko minuta da dostignu maksimalnu temperaturu. Izvadite termopodloge iz pakiranja i koristite ih u rukavicama, d\u017eepovima ili ih jednostavno dr\u017eite u rukama. Set sadr\u017ei 10 pari grija\u0107ih podloga.<\/p>","protected":false},"excerpt":{"rendered":"<p>Thermopad grija\u0107i jastu\u010di\u0107i za ruke<\/p>","protected":false},"featured_media":10710,"template":"","meta":{"_acf_changed":false,"inline_featured_image":false},"product_brand":[],"product_cat":[513],"product_tag":[],"class_list":{"0":"post-10709","1":"product","2":"type-product","3":"status-publish","4":"has-post-thumbnail","6":"product_cat-ostali-zimski-sporti","8":"first","9":"onbackorder","10":"sale","11":"taxable","12":"shipping-taxable","13":"purchasable","14":"product-type-simple"},"acf":[],"_links":{"self":[{"href":"https:\/\/ritosa.click.si\/hr\/wp-json\/wp\/v2\/product\/10709","targetHints":{"allow":["GET"]}}],"collection":[{"href":"https:\/\/ritosa.click.si\/hr\/wp-json\/wp\/v2\/product"}],"about":[{"href":"https:\/\/ritosa.click.si\/hr\/wp-json\/wp\/v2\/types\/product"}],"wp:featuredmedia":[{"embeddable":true,"href":"https:\/\/ritosa.click.si\/hr\/wp-json\/wp\/v2\/media\/10710"}],"wp:attachment":[{"href":"https:\/\/ritosa.click.si\/hr\/wp-json\/wp\/v2\/media?parent=10709"}],"wp:term":[{"taxonomy":"product_brand","embeddable":true,"href":"https:\/\/ritosa.click.si\/hr\/wp-json\/wp\/v2\/product_brand?post=10709"},{"taxonomy":"product_cat","embeddable":true,"href":"https:\/\/ritosa.click.si\/hr\/wp-json\/wp\/v2\/product_cat?post=10709"},{"taxonomy":"product_tag","embeddable":true,"href":"https:\/\/ritosa.click.si\/hr\/wp-json\/wp\/v2\/product_tag?post=10709"}],"curies":[{"name":"radni list","href":"https:\/\/api.w.org\/{rel}","templated":true}]}}