{"id":10705,"date":"2021-11-30T12:11:48","date_gmt":"2021-11-30T12:11:48","guid":{"rendered":"https:\/\/ritosa.click.si\/?post_type=product&#038;p=10705"},"modified":"2026-03-07T13:02:10","modified_gmt":"2026-03-07T12:02:10","slug":"drsalke-roces-paradise-lama","status":"publish","type":"product","link":"https:\/\/ritosa.click.si\/hr\/ducan\/skijanje\/ostali-zimski-sporti\/drsalke\/drsalke-roces-paradise-lama\/","title":{"rendered":"Klizaljke Roces PARADISE\/LAMA"},"content":{"rendered":"<p>\u017denske klizaljke ROCES PARADISE modernog dizajna namijenjene su i rekreativnim i sportskim kliza\u010dicama. Vodootporne su, imaju anatomski oblikovani potplat za ve\u0107u udobnost i visokokvalitetnu o\u0161tricu izra\u0111enu od uglji\u010dnog \u010delika.<\/p>","protected":false},"excerpt":{"rendered":"<p>\u017denske drsalke Roces PARADISE\/LAMA<\/p>","protected":false},"featured_media":10708,"template":"","meta":{"_acf_changed":false,"inline_featured_image":false},"product_brand":[684],"product_cat":[589],"product_tag":[1199],"class_list":{"0":"post-10705","1":"product","2":"type-product","3":"status-publish","4":"has-post-thumbnail","6":"product_brand-roces","7":"product_cat-drsalke","8":"product_tag-zenske","9":"pa_velikost-762","11":"first","12":"instock","13":"sale","14":"taxable","15":"shipping-taxable","16":"purchasable","17":"product-type-variable"},"acf":[],"_links":{"self":[{"href":"https:\/\/ritosa.click.si\/hr\/wp-json\/wp\/v2\/product\/10705","targetHints":{"allow":["GET"]}}],"collection":[{"href":"https:\/\/ritosa.click.si\/hr\/wp-json\/wp\/v2\/product"}],"about":[{"href":"https:\/\/ritosa.click.si\/hr\/wp-json\/wp\/v2\/types\/product"}],"wp:featuredmedia":[{"embeddable":true,"href":"https:\/\/ritosa.click.si\/hr\/wp-json\/wp\/v2\/media\/10708"}],"wp:attachment":[{"href":"https:\/\/ritosa.click.si\/hr\/wp-json\/wp\/v2\/media?parent=10705"}],"wp:term":[{"taxonomy":"product_brand","embeddable":true,"href":"https:\/\/ritosa.click.si\/hr\/wp-json\/wp\/v2\/product_brand?post=10705"},{"taxonomy":"product_cat","embeddable":true,"href":"https:\/\/ritosa.click.si\/hr\/wp-json\/wp\/v2\/product_cat?post=10705"},{"taxonomy":"product_tag","embeddable":true,"href":"https:\/\/ritosa.click.si\/hr\/wp-json\/wp\/v2\/product_tag?post=10705"}],"curies":[{"name":"radni list","href":"https:\/\/api.w.org\/{rel}","templated":true}]}}