{"id":10601,"date":"2021-10-12T14:45:06","date_gmt":"2021-10-12T14:45:06","guid":{"rendered":"https:\/\/ritosa.click.si\/?post_type=product&#038;p=10601"},"modified":"2025-09-09T17:13:06","modified_gmt":"2025-09-09T15:13:06","slug":"peaty-s-cistilo-za-kolo-loam-foam-1l","status":"publish","type":"product","link":"https:\/\/ritosa.click.si\/hr\/ducan\/biciklizam\/oprema-za-biciklizam\/vzdrzevanje-koles\/cistila-in-maziva\/peaty-s-cistilo-za-kolo-loam-foam-1l\/","title":{"rendered":"Peaty\u2019s Loam Foam sredstvo za \u010di\u0161\u0107enje bicikla 1L"},"content":{"rendered":"<p><span class=\"VIiyi\" lang=\"sl\" xml:lang=\"sl\"><span class=\"JLqJ4b ChMk0b\"><span class=\"VIiyi\" lang=\"sl\" xml:lang=\"sl\"><span class=\"JLqJ4b ChMk0b\"><span class=\"VIiyi\" lang=\"sl\" xml:lang=\"sl\"><span class=\"JLqJ4b ChMk0b\"><span class=\"VIiyi\" lang=\"sl\" xml:lang=\"sl\"><span class=\"JLqJ4b ChMk0b\">Nastao iz profesionalne staze Svjetskog kupa u brdskom biciklizmu i posebno dizajniran za upotrebu na visokotehnolo\u0161kim biciklima i njihovim komponentama.<\/span><\/span><\/span><\/span><\/span><\/span> Peaty&#039;s LoamFoam je osvje\u017eavaju\u0107e, biorazgradivo sredstvo za \u010di\u0161\u0107enje profesionalnog razreda koje uklanja tvrdokornu prljav\u0161tinu, a sigurno je za upotrebu na svim povr\u0161inama bicikla, uklju\u010duju\u0107i karbonske komponente, ko\u010dione plo\u010dice i diskove.<\/span> <\/span><\/p>\n<p><span class=\"VIiyi\" lang=\"sl\" xml:lang=\"sl\"><span class=\"JLqJ4b ChMk0b\">Jedinstvena formula za \u010di\u0161\u0107enje LoamFoama pomije\u0161ana je s organskim sredstvima, \u0161to omogu\u0107uje aktivnim spojevima za \u010di\u0161\u0107enje da se dulje zadr\u017ee na va\u0161em biciklu, omogu\u0107uju\u0107i ja\u010de uklanjanje prljav\u0161tine.<\/span> <span class=\"JLqJ4b ChMk0b\">Rezultat je blistavo \u010dist bicikl uz minimalan napor.<\/span><\/span><\/p>\n<ul>\n<li><span class=\"VIiyi\" lang=\"sl\" xml:lang=\"sl\"><span class=\"JLqJ4b ChMk0b\"><span class=\"VIiyi\" lang=\"sl\" xml:lang=\"sl\"><span class=\"JLqJ4b ChMk0b\">Pametni raspr\u0161iva\u010d koji omogu\u0107uje na\u010din rada s maglom ili pjenom<\/span><\/span>.<\/span><\/span><\/li>\n<li><span class=\"VIiyi\" lang=\"sl\" xml:lang=\"sl\"><span class=\"JLqJ4b ChMk0b\"><span class=\"VIiyi\" lang=\"sl\" xml:lang=\"sl\"><span class=\"JLqJ4b ChMk0b\">Linija za punjenje od 200 ml otisnuta na pakiranju olak\u0161ava mije\u0161anje koncentrata<br \/>\n<\/span><\/span><\/span><\/span><\/li>\n<\/ul>\n<p><span class=\"VIiyi\" lang=\"sl\" xml:lang=\"sl\"><span class=\"JLqJ4b ChMk0b\"><span class=\"VIiyi\" lang=\"sl\" xml:lang=\"sl\"><span class=\"JLqJ4b ChMk0b\"><span class=\"VIiyi\" lang=\"sl\" xml:lang=\"sl\"><span class=\"JLqJ4b ChMk0b\">Nastao iz profesionalne staze Svjetskog kupa u brdskom biciklizmu i posebno dizajniran za upotrebu na visokotehnolo\u0161kim biciklima i njihovim komponentama.<\/span><\/span> <\/span><\/span><\/span><\/span><\/p>","protected":false},"excerpt":{"rendered":"<p>Peaty\u2019s Loam Foam sredstvo za \u010di\u0161\u0107enje bicikla 1L<\/p>","protected":false},"featured_media":10602,"template":"","meta":{"_acf_changed":false,"inline_featured_image":false},"product_brand":[1438],"product_cat":[657],"product_tag":[1447,1364,1446,1445],"class_list":{"0":"post-10601","1":"product","2":"type-product","3":"status-publish","4":"has-post-thumbnail","6":"product_brand-peatys","7":"product_cat-cistila-in-maziva","8":"product_tag-cistilo-za-kolo","9":"product_tag-peatys","10":"product_tag-peatys-cistilo-za-kolo","11":"product_tag-peatys-cistilo-za-kolo-loam-foam-1l","13":"first","14":"instock","15":"sale","16":"taxable","17":"shipping-taxable","18":"purchasable","19":"product-type-simple"},"acf":[],"_links":{"self":[{"href":"https:\/\/ritosa.click.si\/hr\/wp-json\/wp\/v2\/product\/10601","targetHints":{"allow":["GET"]}}],"collection":[{"href":"https:\/\/ritosa.click.si\/hr\/wp-json\/wp\/v2\/product"}],"about":[{"href":"https:\/\/ritosa.click.si\/hr\/wp-json\/wp\/v2\/types\/product"}],"wp:featuredmedia":[{"embeddable":true,"href":"https:\/\/ritosa.click.si\/hr\/wp-json\/wp\/v2\/media\/10602"}],"wp:attachment":[{"href":"https:\/\/ritosa.click.si\/hr\/wp-json\/wp\/v2\/media?parent=10601"}],"wp:term":[{"taxonomy":"product_brand","embeddable":true,"href":"https:\/\/ritosa.click.si\/hr\/wp-json\/wp\/v2\/product_brand?post=10601"},{"taxonomy":"product_cat","embeddable":true,"href":"https:\/\/ritosa.click.si\/hr\/wp-json\/wp\/v2\/product_cat?post=10601"},{"taxonomy":"product_tag","embeddable":true,"href":"https:\/\/ritosa.click.si\/hr\/wp-json\/wp\/v2\/product_tag?post=10601"}],"curies":[{"name":"radni list","href":"https:\/\/api.w.org\/{rel}","templated":true}]}}