{"id":10596,"date":"2021-10-12T14:30:20","date_gmt":"2021-10-12T14:30:20","guid":{"rendered":"https:\/\/ritosa.click.si\/?post_type=product&#038;p=10596"},"modified":"2025-09-09T17:20:25","modified_gmt":"2025-09-09T15:20:25","slug":"peaty-s-cistilo-foaming-drivetrain-degreaser-500ml","status":"publish","type":"product","link":"https:\/\/ritosa.click.si\/hr\/ducan\/biciklizam\/oprema-za-biciklizam\/vzdrzevanje-koles\/cistila-in-maziva\/peaty-s-cistilo-foaming-drivetrain-degreaser-500ml\/","title":{"rendered":"Peaty\u2019s pjenu\u0161avi odma\u0161\u0107iva\u010d za pogonski sklop 500 ml"},"content":{"rendered":"<p><span class=\"VIiyi\" lang=\"sl\" xml:lang=\"sl\"><span class=\"JLqJ4b ChMk0b\">Peaty&#039;s pjenasti odma\u0161\u0107iva\u010d za pogonski sklop je vrhunski pjenasti odma\u0161\u0107iva\u010d za bicikle.<\/span> M<span class=\"JLqJ4b ChMk0b\">Upe\u010datljiva biorazgradiva formula dizajnirana je da bude otporna na prljav\u0161tinu za brzo i sna\u017eno odma\u0161\u0107ivanje pogonskog sklopa, a istovremeno ostaje nje\u017ena prema ostatku motocikla i okoli\u0161u.<\/span><\/span><\/p>\n<ul>\n<li><span class=\"VIiyi\" lang=\"sl\" xml:lang=\"sl\"><span class=\"JLqJ4b ChMk0b\">Sna\u017ena formula koja je biorazgradiva i ekolo\u0161ki prihvatljiva<\/span><\/span><\/li>\n<li><span class=\"VIiyi\" lang=\"sl\" xml:lang=\"sl\"><span class=\"JLqJ4b ChMk0b\">Pametni raspr\u0161iva\u010d koji omogu\u0107uje na\u010din rada s maglom ili pjenom<\/span><\/span><\/li>\n<li><span class=\"VIiyi\" lang=\"sl\" xml:lang=\"sl\"><span class=\"JLqJ4b ChMk0b\">Dizajnirano za \u010destu upotrebu, bez rizika od ispiranja masti u le\u017eajeve<\/span><\/span><\/li>\n<li><span class=\"VIiyi\" lang=\"sl\" xml:lang=\"sl\"><span class=\"JLqJ4b ChMk0b\">Pjena ostaje dulje na prljavim dijelovima bicikla, daju\u0107i mu vi\u0161e vremena za uklanjanje ne\u017eeljene prljav\u0161tine i ulja.<\/span><\/span><\/li>\n<\/ul>\n<p><span class=\"VIiyi\" lang=\"sl\" xml:lang=\"sl\"><span class=\"JLqJ4b ChMk0b\">Nakon upotrebe odma\u0161\u0107iva\u010da, upotrijebite jedno od Peatyjevih maziva za lanac.<\/span><\/span><\/p>\n<p><span class=\"VIiyi\" lang=\"sl\" xml:lang=\"sl\"><span class=\"JLqJ4b ChMk0b\"><a href=\"https:\/\/ritosa.si\/si\/ciscenje-in-mazanje\/4750-peaty-s-olje-za-verigo-link-lube-dry-60ml.html\">Peaty&#039;s Link Lube suho ulje za lanac<\/a><\/span><\/span><\/p>\n<p><a href=\"https:\/\/ritosa.si\/si\/ciscenje-in-mazanje\/4753-peaty-s-olje-za-verigo-link-lube-wet-60-ml.html\">Peaty&#039;s Link Lube ulje za mokri lanac<\/a><\/p>\n<p><a href=\"https:\/\/ritosa.si\/si\/ciscenje-in-mazanje\/4754-peaty-s-olje-za-verigo-link-lube-all-weather-60ml.html\">Peaty&#039;s Link Lube ulje za lanac za sve vremenske uvjete<\/a><\/p>","protected":false},"excerpt":{"rendered":"<p class=\"product_title entry-title elementor-heading-title elementor-size-default\">Peaty\u2019s pjenu\u0161avi odma\u0161\u0107iva\u010d za pogonski sklop 500 ml<\/p>","protected":false},"featured_media":10597,"template":"","meta":{"_acf_changed":false,"inline_featured_image":false},"product_brand":[1438],"product_cat":[657],"product_tag":[1364,1449,1448],"class_list":{"0":"post-10596","1":"product","2":"type-product","3":"status-publish","4":"has-post-thumbnail","6":"product_brand-peatys","7":"product_cat-cistila-in-maziva","8":"product_tag-peatys","9":"product_tag-peatys-cistilo","10":"product_tag-peatys-cistilo-foaming-drivetrain-degreaser-500ml","12":"first","13":"instock","14":"sale","15":"taxable","16":"shipping-taxable","17":"purchasable","18":"product-type-simple"},"acf":[],"_links":{"self":[{"href":"https:\/\/ritosa.click.si\/hr\/wp-json\/wp\/v2\/product\/10596","targetHints":{"allow":["GET"]}}],"collection":[{"href":"https:\/\/ritosa.click.si\/hr\/wp-json\/wp\/v2\/product"}],"about":[{"href":"https:\/\/ritosa.click.si\/hr\/wp-json\/wp\/v2\/types\/product"}],"wp:featuredmedia":[{"embeddable":true,"href":"https:\/\/ritosa.click.si\/hr\/wp-json\/wp\/v2\/media\/10597"}],"wp:attachment":[{"href":"https:\/\/ritosa.click.si\/hr\/wp-json\/wp\/v2\/media?parent=10596"}],"wp:term":[{"taxonomy":"product_brand","embeddable":true,"href":"https:\/\/ritosa.click.si\/hr\/wp-json\/wp\/v2\/product_brand?post=10596"},{"taxonomy":"product_cat","embeddable":true,"href":"https:\/\/ritosa.click.si\/hr\/wp-json\/wp\/v2\/product_cat?post=10596"},{"taxonomy":"product_tag","embeddable":true,"href":"https:\/\/ritosa.click.si\/hr\/wp-json\/wp\/v2\/product_tag?post=10596"}],"curies":[{"name":"radni list","href":"https:\/\/api.w.org\/{rel}","templated":true}]}}