{"id":10591,"date":"2021-10-12T14:27:17","date_gmt":"2021-10-12T14:27:17","guid":{"rendered":"https:\/\/ritosa.click.si\/?post_type=product&#038;p=10591"},"modified":"2025-09-09T17:08:59","modified_gmt":"2025-09-09T15:08:59","slug":"peaty-s-mast-assembly-grease","status":"publish","type":"product","link":"https:\/\/ritosa.click.si\/hr\/ducan\/biciklizam\/oprema-za-biciklizam\/vzdrzevanje-koles\/cistila-in-maziva\/peaty-s-mast-assembly-grease\/","title":{"rendered":"Peaty's mast za monta\u017eu"},"content":{"rendered":"<p><span class=\"VIiyi\" lang=\"sl\" xml:lang=\"sl\"><span class=\"JLqJ4b ChMk0b\">Za op\u0107u upotrebu u sustavima upravljanja, donjim nosa\u010dima te na vijcima i osovinama. Peatyjeva mast za sklop kota\u010da koristi najnoviju generaciju baznih ulja i aditiva kako bi se osigurale dugotrajne performanse s niskim trenjem u ekstremnim uvjetima.<\/span><\/span><\/p>\n<ul>\n<li><span class=\"VIiyi\" lang=\"sl\" xml:lang=\"sl\"><span class=\"JLqJ4b ChMk0b\">Osigurava tih i dugotrajan rad va\u0161eg bicikla<\/span><\/span><\/li>\n<li><span class=\"VIiyi\" lang=\"sl\" xml:lang=\"sl\"><span class=\"JLqJ4b ChMk0b\">Izuzetno otporno na ispiranje vodom<\/span><\/span><\/li>\n<li><span class=\"VIiyi\" lang=\"sl\" xml:lang=\"sl\"><span class=\"JLqJ4b ChMk0b\">\u0160titi od korozije<\/span><\/span><\/li>\n<li><span class=\"VIiyi\" lang=\"sl\" xml:lang=\"sl\"><span class=\"JLqJ4b ChMk0b\">Biorazgradivo<\/span><\/span><\/li>\n<li><span class=\"VIiyi\" lang=\"sl\" xml:lang=\"sl\"><span class=\"JLqJ4b ChMk0b\">100% reciklirana ambala\u017ea<\/span><\/span><\/li>\n<\/ul>\n<p><span class=\"VIiyi\" lang=\"sl\" xml:lang=\"sl\"><span class=\"JLqJ4b ChMk0b\">Mast je kompatibilna sa svim uljima mineralnog ili sinteti\u010dkog sastava, osim s proizvodima izra\u0111enim od PAG-a \u2013 polialkilen glikola.<\/span><\/span><\/p>","protected":false},"excerpt":{"rendered":"<p>Peaty's mast za monta\u017eu 100 g<\/p>","protected":false},"featured_media":10592,"template":"","meta":{"_acf_changed":false,"inline_featured_image":false},"product_brand":[1438],"product_cat":[657],"product_tag":[1364,1442,1444],"class_list":{"0":"post-10591","1":"product","2":"type-product","3":"status-publish","4":"has-post-thumbnail","6":"product_brand-peatys","7":"product_cat-cistila-in-maziva","8":"product_tag-peatys","9":"product_tag-peatys-mast","10":"product_tag-peatys-mast-assembly-grease","12":"first","13":"instock","14":"sale","15":"taxable","16":"shipping-taxable","17":"purchasable","18":"product-type-simple"},"acf":[],"_links":{"self":[{"href":"https:\/\/ritosa.click.si\/hr\/wp-json\/wp\/v2\/product\/10591","targetHints":{"allow":["GET"]}}],"collection":[{"href":"https:\/\/ritosa.click.si\/hr\/wp-json\/wp\/v2\/product"}],"about":[{"href":"https:\/\/ritosa.click.si\/hr\/wp-json\/wp\/v2\/types\/product"}],"wp:featuredmedia":[{"embeddable":true,"href":"https:\/\/ritosa.click.si\/hr\/wp-json\/wp\/v2\/media\/10592"}],"wp:attachment":[{"href":"https:\/\/ritosa.click.si\/hr\/wp-json\/wp\/v2\/media?parent=10591"}],"wp:term":[{"taxonomy":"product_brand","embeddable":true,"href":"https:\/\/ritosa.click.si\/hr\/wp-json\/wp\/v2\/product_brand?post=10591"},{"taxonomy":"product_cat","embeddable":true,"href":"https:\/\/ritosa.click.si\/hr\/wp-json\/wp\/v2\/product_cat?post=10591"},{"taxonomy":"product_tag","embeddable":true,"href":"https:\/\/ritosa.click.si\/hr\/wp-json\/wp\/v2\/product_tag?post=10591"}],"curies":[{"name":"radni list","href":"https:\/\/api.w.org\/{rel}","templated":true}]}}