{"id":10576,"date":"2021-10-12T13:27:30","date_gmt":"2021-10-12T13:27:30","guid":{"rendered":"https:\/\/ritosa.click.si\/?post_type=product&#038;p=10576"},"modified":"2025-09-09T16:46:58","modified_gmt":"2025-09-09T14:46:58","slug":"peaty-s-olje-za-verigo-link-lube-wet-60-ml","status":"publish","type":"product","link":"https:\/\/ritosa.click.si\/hr\/ducan\/biciklizam\/oprema-za-biciklizam\/vzdrzevanje-koles\/cistila-in-maziva\/peaty-s-olje-za-verigo-link-lube-wet-60-ml\/","title":{"rendered":"Peaty&#039;s Link Lube ulje za mokri lanac 60 ml"},"content":{"rendered":"<div class=\"rte\">\n<p><span class=\"VIiyi\" lang=\"sl\" xml:lang=\"sl\"><span class=\"JLqJ4b ChMk0b\">LinkLube mazivo za mokri lanac je mje\u0161avina ulja, voskova i sna\u017enih inhibitora korozije, mirisom irske kave, koja \u0107e vam pru\u017eiti super gladak i tih rad lanca te iznimnu izdr\u017eljivost u najvla\u017enijim i najprljavijim uvjetima.<\/span><\/span><\/p>\n<p><span class=\"VIiyi\" lang=\"sl\" xml:lang=\"sl\"> <span class=\"JLqJ4b ChMk0b\">Razvijeno za iscrpljuju\u0107e zahtjeve utrka Enduro World Series (EWS), gdje voza\u010di \u010desto moraju voziti cijeli dan u najvla\u017enijim i najprljavijim uvjetima.<\/span> <span class=\"JLqJ4b ChMk0b\">Dizajnirali smo LinkLube Wet kako bismo zadovoljili ove i vi\u0161e od toga \u2013 lako traje cijeli dan u svim uvjetima bez pretvaranja u gustu, nemogu\u0107e o\u010distivu masu po kojoj su mokri lubrikanti poznati.<\/span><\/span><\/p>\n<ul>\n<li><span class=\"VIiyi\" lang=\"sl\" xml:lang=\"sl\"><span class=\"JLqJ4b ChMk0b\"><span class=\"VIiyi\" lang=\"sl\" xml:lang=\"sl\"><span class=\"JLqJ4b ChMk0b\">Mje\u0161avina ulja, voskova i sna\u017enih inhibitora korozije koji produ\u017euju vijek trajanja cijelog sustava zup\u010danika<br \/>\n<\/span><\/span><\/span><\/span><\/li>\n<li><span class=\"VIiyi\" lang=\"sl\" xml:lang=\"sl\"><span class=\"JLqJ4b ChMk0b\"><span class=\"VIiyi\" lang=\"sl\" xml:lang=\"sl\"><span class=\"JLqJ4b ChMk0b\">Dizajnirano za duge vo\u017enje u najvla\u017enijim i najprljavijim uvjetima<\/span><\/span><\/span><\/span><\/li>\n<li><span class=\"VIiyi\" lang=\"sl\" xml:lang=\"sl\"><span class=\"JLqJ4b ChMk0b\"><span class=\"VIiyi\" lang=\"sl\" xml:lang=\"sl\"><span class=\"JLqJ4b ChMk0b\">Omogu\u0107uje tih i gladak rad lanca i mijenjanje brzina u najte\u017eim uvjetima<\/span><\/span><\/span><\/span><\/li>\n<li><span class=\"VIiyi\" lang=\"sl\" xml:lang=\"sl\"><span class=\"JLqJ4b ChMk0b\"><span class=\"VIiyi\" lang=\"sl\" xml:lang=\"sl\"><span class=\"JLqJ4b ChMk0b\">Miris irske kave, koja \u0107e vas dr\u017eati budnima \u010dak i u najhladnijim i najvla\u017enijim ve\u010derima.<\/span><\/span><\/span><\/span><\/li>\n<\/ul>\n<p>Preporu\u010dujemo \u010di\u0161\u0107enje odma\u0161\u0107iva\u010dem pogonskog sklopa prije upotrebe maziva za lanac. <a href=\"https:\/\/ritosa.si\/si\/ciscenje-in-mazanje\/4757-peaty-s-cistilo-foaming-drivetrain-degreaser-500ml.html\">Peatyjevo pjenasto sredstvo za odma\u0161\u0107ivanje pogonskog sklopa<\/a>r.<\/p>\n<\/div>","protected":false},"excerpt":{"rendered":"<p>Peaty&#039;s Link Lube ulje za mokri lanac 60 ml<\/p>","protected":false},"featured_media":10577,"template":"","meta":{"_acf_changed":false,"inline_featured_image":false},"product_brand":[1438],"product_cat":[657],"product_tag":[1362,1363,1364,1358,1361],"class_list":{"0":"post-10576","1":"product","2":"type-product","3":"status-publish","4":"has-post-thumbnail","6":"product_brand-peatys","7":"product_cat-cistila-in-maziva","8":"product_tag-link-lube-wet","9":"product_tag-olje-za-verigo-link-lube-wet","10":"product_tag-peatys","11":"product_tag-peatys-olje-za-verigo","12":"product_tag-peatys-olje-za-verigo-link-lube-wet-60-ml","14":"first","15":"instock","16":"sale","17":"taxable","18":"shipping-taxable","19":"purchasable","20":"product-type-simple"},"acf":[],"_links":{"self":[{"href":"https:\/\/ritosa.click.si\/hr\/wp-json\/wp\/v2\/product\/10576","targetHints":{"allow":["GET"]}}],"collection":[{"href":"https:\/\/ritosa.click.si\/hr\/wp-json\/wp\/v2\/product"}],"about":[{"href":"https:\/\/ritosa.click.si\/hr\/wp-json\/wp\/v2\/types\/product"}],"wp:featuredmedia":[{"embeddable":true,"href":"https:\/\/ritosa.click.si\/hr\/wp-json\/wp\/v2\/media\/10577"}],"wp:attachment":[{"href":"https:\/\/ritosa.click.si\/hr\/wp-json\/wp\/v2\/media?parent=10576"}],"wp:term":[{"taxonomy":"product_brand","embeddable":true,"href":"https:\/\/ritosa.click.si\/hr\/wp-json\/wp\/v2\/product_brand?post=10576"},{"taxonomy":"product_cat","embeddable":true,"href":"https:\/\/ritosa.click.si\/hr\/wp-json\/wp\/v2\/product_cat?post=10576"},{"taxonomy":"product_tag","embeddable":true,"href":"https:\/\/ritosa.click.si\/hr\/wp-json\/wp\/v2\/product_tag?post=10576"}],"curies":[{"name":"radni list","href":"https:\/\/api.w.org\/{rel}","templated":true}]}}