{"id":10553,"date":"2021-10-11T13:28:06","date_gmt":"2021-10-11T13:28:06","guid":{"rendered":"https:\/\/ritosa.click.si\/?post_type=product&#038;p=10553"},"modified":"2026-03-06T16:36:18","modified_gmt":"2026-03-06T15:36:18","slug":"rolerji-roces-pic-w-tif","status":"publish","type":"product","link":"https:\/\/ritosa.click.si\/hr\/ducan\/rolerji\/odrasli-rolerji\/rolerji-roces-pic-w-tif\/","title":{"rendered":"Roces PIC W TIF role"},"content":{"rendered":"<p>Roces PIC W TIF su udobne role dizajnirane za sve koji ve\u0107 znaju klizati, ali i za po\u010detnike koji \u017eele zabavu i rekreaciju. Kota\u010di od 80 mm i Abec 5 le\u017eajevi pru\u017eaju dobru upravljivost, stabilnost i kontrolu za napredak u tehnici. Role karakterizira dobro prianjanje stopala i prijenos snage sa stopala na kota\u010de, \u0161to omogu\u0107uju sustav vezanja, dodatne trake i anatomski potplat, ko\u010dnica je uklju\u010dena.<\/p>","protected":false},"excerpt":{"rendered":"<p>Role za odrasle ROCES PIC W TIF<\/p>\n<p><span style=\"color: #d0121a\">Veli\u010dine rola su male, stoga preporu\u010dujemo da odaberete dvije veli\u010dine ve\u0107e od va\u0161e uobi\u010dajene veli\u010dine cipela.<\/span><\/p>","protected":false},"featured_media":10555,"template":"","meta":{"_acf_changed":false,"inline_featured_image":false,"_monsterinsights_skip_tracking":false,"_monsterinsights_sitenote_active":false,"_monsterinsights_sitenote_note":"","_monsterinsights_sitenote_category":0},"product_brand":[684],"product_cat":[584],"product_tag":[],"class_list":{"0":"post-10553","1":"product","2":"type-product","3":"status-publish","4":"has-post-thumbnail","6":"product_brand-roces","7":"product_cat-odrasli-rolerji","8":"pa_velikost-737","10":"first","11":"instock","12":"sale","13":"taxable","14":"shipping-taxable","15":"purchasable","16":"product-type-variable"},"acf":[],"aioseo_notices":[],"_links":{"self":[{"href":"https:\/\/ritosa.click.si\/hr\/wp-json\/wp\/v2\/product\/10553","targetHints":{"allow":["GET"]}}],"collection":[{"href":"https:\/\/ritosa.click.si\/hr\/wp-json\/wp\/v2\/product"}],"about":[{"href":"https:\/\/ritosa.click.si\/hr\/wp-json\/wp\/v2\/types\/product"}],"wp:featuredmedia":[{"embeddable":true,"href":"https:\/\/ritosa.click.si\/hr\/wp-json\/wp\/v2\/media\/10555"}],"wp:attachment":[{"href":"https:\/\/ritosa.click.si\/hr\/wp-json\/wp\/v2\/media?parent=10553"}],"wp:term":[{"taxonomy":"product_brand","embeddable":true,"href":"https:\/\/ritosa.click.si\/hr\/wp-json\/wp\/v2\/product_brand?post=10553"},{"taxonomy":"product_cat","embeddable":true,"href":"https:\/\/ritosa.click.si\/hr\/wp-json\/wp\/v2\/product_cat?post=10553"},{"taxonomy":"product_tag","embeddable":true,"href":"https:\/\/ritosa.click.si\/hr\/wp-json\/wp\/v2\/product_tag?post=10553"}],"curies":[{"name":"radni list","href":"https:\/\/api.w.org\/{rel}","templated":true}]}}