{"id":10548,"date":"2021-10-07T10:14:57","date_gmt":"2021-10-07T10:14:57","guid":{"rendered":"https:\/\/ritosa.click.si\/?post_type=product&#038;p=10548"},"modified":"2025-09-25T15:58:02","modified_gmt":"2025-09-25T13:58:02","slug":"topeak-aero-wedge-pack-quickclick-micro","status":"publish","type":"product","link":"https:\/\/ritosa.click.si\/hr\/ducan\/biciklizam\/oprema-za-biciklizam\/dodatna-oprema-in-rezervni-deli\/torbice\/topeak-aero-wedge-pack-quickclick-micro\/","title":{"rendered":"Topeak Aero Wedge Pack QuickClick MICRO torba"},"content":{"rendered":"<div>\n<p>Torba ispod sjedala ima aerodinami\u010dni oblik. Pri\u010dvr\u0161\u0107uje se sustavom \u201eQuickClick\u201c. Idealna je za pohranu malih predmeta poput klju\u010deva, alata, zra\u010dnice, telefona ili nov\u010danika.<\/p>\n<\/div>\n<div>\n<p><strong>Zna\u010dajke:<\/strong><\/p>\n<ul>\n<li>Materijal: poliester 1200 denier<\/li>\n<li>Kapacitet: Mikro veli\u010dina: 0,41 l<\/li>\n<li>Veli\u010dina (D x \u0160 x V): Mikro veli\u010dina: 15 x 7,5 x 8 cm<\/li>\n<li>Te\u017eina: Mikro veli\u010dina: 87 g<\/li>\n<\/ul>\n<\/div>","protected":false},"excerpt":{"rendered":"<p>Topeak Aero Wedge Pack MICRO torba s QuickClick sustavom.<\/p>","protected":false},"featured_media":10549,"template":"","meta":{"_acf_changed":false,"inline_featured_image":false,"_monsterinsights_skip_tracking":false,"_monsterinsights_sitenote_active":false,"_monsterinsights_sitenote_note":"","_monsterinsights_sitenote_category":0},"product_brand":[1395],"product_cat":[517],"product_tag":[1721,1728,1727,1554,1711,1713,1726],"class_list":{"0":"post-10548","1":"product","2":"type-product","3":"status-publish","4":"has-post-thumbnail","6":"product_brand-topeak","7":"product_cat-torbice","8":"product_tag-aero-wedge-pack","9":"product_tag-aero-wedge-pack-quickclick","10":"product_tag-aero-wedge-pack-quickclick-micro","11":"product_tag-topeak","12":"product_tag-torbica","13":"product_tag-torbica-topeak","14":"product_tag-torbica-topeak-aero-wedge-pack-quickclick-micro","16":"first","17":"instock","18":"sale","19":"taxable","20":"shipping-taxable","21":"purchasable","22":"product-type-simple"},"acf":[],"aioseo_notices":[],"_links":{"self":[{"href":"https:\/\/ritosa.click.si\/hr\/wp-json\/wp\/v2\/product\/10548","targetHints":{"allow":["GET"]}}],"collection":[{"href":"https:\/\/ritosa.click.si\/hr\/wp-json\/wp\/v2\/product"}],"about":[{"href":"https:\/\/ritosa.click.si\/hr\/wp-json\/wp\/v2\/types\/product"}],"wp:featuredmedia":[{"embeddable":true,"href":"https:\/\/ritosa.click.si\/hr\/wp-json\/wp\/v2\/media\/10549"}],"wp:attachment":[{"href":"https:\/\/ritosa.click.si\/hr\/wp-json\/wp\/v2\/media?parent=10548"}],"wp:term":[{"taxonomy":"product_brand","embeddable":true,"href":"https:\/\/ritosa.click.si\/hr\/wp-json\/wp\/v2\/product_brand?post=10548"},{"taxonomy":"product_cat","embeddable":true,"href":"https:\/\/ritosa.click.si\/hr\/wp-json\/wp\/v2\/product_cat?post=10548"},{"taxonomy":"product_tag","embeddable":true,"href":"https:\/\/ritosa.click.si\/hr\/wp-json\/wp\/v2\/product_tag?post=10548"}],"curies":[{"name":"radni list","href":"https:\/\/api.w.org\/{rel}","templated":true}]}}