{"id":10542,"date":"2021-10-07T10:03:56","date_gmt":"2021-10-07T10:03:56","guid":{"rendered":"https:\/\/ritosa.click.si\/?post_type=product&#038;p=10542"},"modified":"2025-09-25T15:42:58","modified_gmt":"2025-09-25T13:42:58","slug":"torbica-topeak-aero-wedge-pack-small","status":"publish","type":"product","link":"https:\/\/ritosa.click.si\/hr\/ducan\/biciklizam\/oprema-za-biciklizam\/dodatna-oprema-in-rezervni-deli\/torbice\/torbica-topeak-aero-wedge-pack-small\/","title":{"rendered":"Torba Topeak Aero Wedge Pack SMALL"},"content":{"rendered":"<p>Torba ispod sjedala ima aerodinami\u010dni oblik. Pri\u010dvr\u0161\u0107uje se remenima. Idealna je za pohranu malih predmeta poput klju\u010deva, alata, zra\u010dnice, telefona ili nov\u010danika. Topeak Aero Wedge torba za bicikl opremljena je 3M\u2122 reflektiraju\u0107im elementima koji pove\u0107avaju sigurnost tijekom <em>cestovni biciklizam<\/em>.<\/p>\n<ul>\n<li>Materijal: poliester 1200 denier<\/li>\n<li>Kapacitet: veli\u010dina S: 0,66 l<\/li>\n<li>Veli\u010dina (D x \u0160 x V): veli\u010dina S: 18 x 8,5 x 11 cm<\/li>\n<li>Te\u017eina: veli\u010dina S: 100 g<\/li>\n<\/ul>","protected":false},"excerpt":{"rendered":"<p>Topeak torba za sjedalo veli\u010dine S<\/p>","protected":false},"featured_media":10543,"template":"","meta":{"_acf_changed":false,"inline_featured_image":false,"_monsterinsights_skip_tracking":false,"_monsterinsights_sitenote_active":false,"_monsterinsights_sitenote_note":"","_monsterinsights_sitenote_category":0},"product_brand":[1395],"product_cat":[517],"product_tag":[1721,1720,1719,1711,1713],"class_list":{"0":"post-10542","1":"product","2":"type-product","3":"status-publish","4":"has-post-thumbnail","6":"product_brand-topeak","7":"product_cat-torbice","8":"product_tag-aero-wedge-pack","9":"product_tag-topeak-aero-wedge-pack","10":"product_tag-topeak-aero-wedge-pack-small","11":"product_tag-torbica","12":"product_tag-torbica-topeak","14":"first","15":"instock","16":"sale","17":"taxable","18":"shipping-taxable","19":"purchasable","20":"product-type-simple"},"acf":[],"aioseo_notices":[],"_links":{"self":[{"href":"https:\/\/ritosa.click.si\/hr\/wp-json\/wp\/v2\/product\/10542","targetHints":{"allow":["GET"]}}],"collection":[{"href":"https:\/\/ritosa.click.si\/hr\/wp-json\/wp\/v2\/product"}],"about":[{"href":"https:\/\/ritosa.click.si\/hr\/wp-json\/wp\/v2\/types\/product"}],"wp:featuredmedia":[{"embeddable":true,"href":"https:\/\/ritosa.click.si\/hr\/wp-json\/wp\/v2\/media\/10543"}],"wp:attachment":[{"href":"https:\/\/ritosa.click.si\/hr\/wp-json\/wp\/v2\/media?parent=10542"}],"wp:term":[{"taxonomy":"product_brand","embeddable":true,"href":"https:\/\/ritosa.click.si\/hr\/wp-json\/wp\/v2\/product_brand?post=10542"},{"taxonomy":"product_cat","embeddable":true,"href":"https:\/\/ritosa.click.si\/hr\/wp-json\/wp\/v2\/product_cat?post=10542"},{"taxonomy":"product_tag","embeddable":true,"href":"https:\/\/ritosa.click.si\/hr\/wp-json\/wp\/v2\/product_tag?post=10542"}],"curies":[{"name":"radni list","href":"https:\/\/api.w.org\/{rel}","templated":true}]}}