{"id":10509,"date":"2021-09-24T14:07:04","date_gmt":"2021-09-24T14:07:04","guid":{"rendered":"https:\/\/ritosa.click.si\/?post_type=product&#038;p=10509"},"modified":"2026-03-27T18:15:05","modified_gmt":"2026-03-27T17:15:05","slug":"skiro-hudora-stunt-kids-zelen","status":"publish","type":"product","link":"https:\/\/ritosa.click.si\/hr\/ducan\/skiroji\/freestyle-skiroji\/skiro-hudora-stunt-kids-zelen\/","title":{"rendered":"Hudora STUNT KIDS romobil \u2013 zeleni"},"content":{"rendered":"<div id=\"product.info.description\" class=\"data item content\">\n<div class=\"product attribute description\">\n<div class=\"value\">\n<p>Idealni uvjeti za dinami\u010dnu vo\u017enju!<\/p>\n<p>HUDORA skiro za trike Stunt Kids je o\u010ditni favorit med\u00a0kaskaderskimi skiroji. Skiro je sestavljen iz izredni\u00a0vzdr\u017eljivega aluminija, ki se pona\u0161a z izjemno lahko te\u017eo\u00a03,5 kg.\u00a0Perfektni predpogoji za vo\u017enjo po skate-parku.<\/p>\n<p>Kolesa so namensko zelo majhna, z zgolj\u00a0100 mm premera. Name\u0161\u010dena so na\u00a0oja\u010dana najlonska plati\u0161\u010da, ki se vrtijo na\u00a0ABEC 9 krogli\u010dnih le\u017eajih. Prednost teh, je da se kolesca hitro vrtijo in so o\u010ditno\u00a0namenjena trikom in manj dalj\u0161im potem. Skiro krmilite preko oja\u010danega\u00a0BMX krmila (57 x 50 cm)\u00a0z gumijastimi ro\u010daji in ekstremno mo\u010dnega\u00a0NECO 360o\u00a0krmilnega sistema. Vse skupaj je pri\u010dvr\u0161\u010deno s\u00a0trojno objemko.<\/p>\n<p>Zna\u010dajke:<\/p>\n<ul>\n<li>T5 aluminij, s te\u017eo le\u00a03,5 kg.<\/li>\n<li>Majhna\u00a0100 mm\u00a0kolesca, na vzdr\u017eljivih najlonskih plati\u0161\u010dih.<\/li>\n<li>ABEC 9 le\u017eajevi.<\/li>\n<li>BMX krmilo\u00a0(vi\u0161ina 75 cm), z NECO 360o krmilnim sistemom.<\/li>\n<li>Trostruka stezaljka.<\/li>\n<li>Kombinacija boja: svijetloplava<\/li>\n<li>Primerno za starost od:\u00a04. leta naprej<\/li>\n<li>broj kota\u010da: 2<\/li>\n<li>Deklarirana nosivost: 100 kg<\/li>\n<li>Sastav: Metal, Plastika<\/li>\n<\/ul>\n<p><strong>Upozorenje!<\/strong>\u00a0Prilikom kori\u0161tenja potrebno je nositi za\u0161titnu opremu (kacigu, \u0161titnike, rukavice).<br \/>\n\u2013 Proizvod je igra\u010dka i nije namijenjen za kori\u0161tenje u javnom prijevozu jer nije prilago\u0111en za javni prijevoz.<br \/>\n<strong>Upozorenje!<\/strong> Proizvod ne smiju koristiti djeca mla\u0111a od 36 mjeseci jer sadr\u017ei sitne dijelove i mo\u017ee predstavljati opasnost od gu\u0161enja.<\/p>\n<\/div>\n<\/div>\n<\/div>","protected":false},"excerpt":{"rendered":"<p>Hudora Stunt dje\u010dji romobil za dinami\u010dnu vo\u017enju.<\/p>","protected":false},"featured_media":22573,"template":"","meta":{"_acf_changed":false,"inline_featured_image":false,"_monsterinsights_skip_tracking":false,"_monsterinsights_sitenote_active":false,"_monsterinsights_sitenote_note":"","_monsterinsights_sitenote_category":0},"product_brand":[687],"product_cat":[652,495],"product_tag":[1353,1375,1377,1376,1012],"class_list":{"0":"post-10509","1":"product","2":"type-product","3":"status-publish","4":"has-post-thumbnail","6":"product_brand-hudora","7":"product_cat-freestyle-skiroji","8":"product_cat-skiroji","9":"product_tag-freestyle-skiro","10":"product_tag-skiro-hudora","11":"product_tag-skiro-hudora-stunt-kids","12":"product_tag-skiro-za-skakanje","13":"product_tag-skiro-za-trike","15":"first","16":"instock","17":"sale","18":"taxable","19":"shipping-taxable","20":"purchasable","21":"product-type-simple"},"acf":[],"aioseo_notices":[],"_links":{"self":[{"href":"https:\/\/ritosa.click.si\/hr\/wp-json\/wp\/v2\/product\/10509","targetHints":{"allow":["GET"]}}],"collection":[{"href":"https:\/\/ritosa.click.si\/hr\/wp-json\/wp\/v2\/product"}],"about":[{"href":"https:\/\/ritosa.click.si\/hr\/wp-json\/wp\/v2\/types\/product"}],"wp:featuredmedia":[{"embeddable":true,"href":"https:\/\/ritosa.click.si\/hr\/wp-json\/wp\/v2\/media\/22573"}],"wp:attachment":[{"href":"https:\/\/ritosa.click.si\/hr\/wp-json\/wp\/v2\/media?parent=10509"}],"wp:term":[{"taxonomy":"product_brand","embeddable":true,"href":"https:\/\/ritosa.click.si\/hr\/wp-json\/wp\/v2\/product_brand?post=10509"},{"taxonomy":"product_cat","embeddable":true,"href":"https:\/\/ritosa.click.si\/hr\/wp-json\/wp\/v2\/product_cat?post=10509"},{"taxonomy":"product_tag","embeddable":true,"href":"https:\/\/ritosa.click.si\/hr\/wp-json\/wp\/v2\/product_tag?post=10509"}],"curies":[{"name":"radni list","href":"https:\/\/api.w.org\/{rel}","templated":true}]}}