{"id":10503,"date":"2021-09-24T13:49:26","date_gmt":"2021-09-24T13:49:26","guid":{"rendered":"https:\/\/ritosa.click.si\/?post_type=product&#038;p=10503"},"modified":"2026-03-27T18:12:48","modified_gmt":"2026-03-27T17:12:48","slug":"skiro-hudora-hornet-200-4","status":"publish","type":"product","link":"https:\/\/ritosa.click.si\/hr\/ducan\/skiroji\/klasicni-skiroji\/skiro-hudora-hornet-200-4\/","title":{"rendered":"Romobil Legoni Energy 200"},"content":{"rendered":"<div id=\"quickTab-description\" class=\"ui-tabs-panel ui-corner-bottom ui-widget-content\" role=\"tabpanel\" aria-labelledby=\"ui-id-1\" aria-hidden=\"false\">\n<div class=\"full-description\">\n<p>Skiro Legoni Energy 200 je lahek ter ima stabilno konstrukcijo. Je zlo\u017eljiv, prav tako pa se z lahkoto nastavi tudi vi\u0161ina krmila. Ima velika 200 mm kolesa, s katerimi je mo\u010d dose\u010di vi\u0161jo hitrost. Posebnost skiroja je nizka deska za bolj ugodno vo\u017enjo. Ima kvalitetne le\u017eaje ABEC 7. Mere 86x34x97 cm. Nosilnost 100 kg. Garancija 1 leto.<\/p>\n<p>Romobil ima no\u017enu ko\u010dnicu na stra\u017enjem kota\u010du, \u0161to omogu\u0107uje sigurnu vo\u017enju. Oslonac za noge olak\u0161ava postavljanje romobila.<\/p>\n<p>Romobil je prikladan za uzrast od 5 godina i vi\u0161e.<\/p>\n<p>Zna\u010dajke:<\/p>\n<ul>\n<li>Okvir od aluminija\/\u010delika,<\/li>\n<li>sklopivi,<\/li>\n<li>stabilna aluminijska ru\u010dka s protukliznim rukohvatom,<\/li>\n<li>PU kota\u010di od 200 mm,<\/li>\n<li>ABEC 7 karbonski le\u017eajevi,<\/li>\n<li>podesiva visina od 85 do 100 cm,<\/li>\n<li>maksimalna nosivost: 100 kg.<\/li>\n<\/ul>\n<p><strong>Upozorenje!<\/strong> Prilikom kori\u0161tenja potrebno je nositi za\u0161titnu opremu (kacigu, \u0161titnike, rukavice).<br \/>\n\u2013 Proizvod je igra\u010dka i nije namijenjen za kori\u0161tenje u javnom prijevozu jer nije prilago\u0111en za javni prijevoz.<br \/>\n\u2013 <strong>Upozorenje!<\/strong> Proizvod ne smiju koristiti djeca mla\u0111a od 36 mjeseci jer sadr\u017ei sitne dijelove i mo\u017ee predstavljati opasnost od gu\u0161enja.<\/p>\n<p>Deklarirana nosivost: 100 kg.<\/p>\n<\/div>\n<\/div>","protected":false},"excerpt":{"rendered":"<p>Legoni Energy 200 sklopivi romobil<\/p>","protected":false},"featured_media":19334,"template":"","meta":{"_acf_changed":false,"inline_featured_image":false,"_monsterinsights_skip_tracking":false,"_monsterinsights_sitenote_active":false,"_monsterinsights_sitenote_note":"","_monsterinsights_sitenote_category":0},"product_brand":[1409],"product_cat":[651,495],"product_tag":[1005,1408,1407],"class_list":{"0":"post-10503","1":"product","2":"type-product","3":"status-publish","4":"has-post-thumbnail","6":"product_brand-legoni","7":"product_cat-klasicni-skiroji","8":"product_cat-skiroji","9":"product_tag-otroski-skiro","10":"product_tag-skiro-legoni","11":"product_tag-skiro-legoni-energy-200","13":"first","14":"instock","15":"sale","16":"taxable","17":"shipping-taxable","18":"purchasable","19":"product-type-simple"},"acf":[],"aioseo_notices":[],"_links":{"self":[{"href":"https:\/\/ritosa.click.si\/hr\/wp-json\/wp\/v2\/product\/10503","targetHints":{"allow":["GET"]}}],"collection":[{"href":"https:\/\/ritosa.click.si\/hr\/wp-json\/wp\/v2\/product"}],"about":[{"href":"https:\/\/ritosa.click.si\/hr\/wp-json\/wp\/v2\/types\/product"}],"wp:featuredmedia":[{"embeddable":true,"href":"https:\/\/ritosa.click.si\/hr\/wp-json\/wp\/v2\/media\/19334"}],"wp:attachment":[{"href":"https:\/\/ritosa.click.si\/hr\/wp-json\/wp\/v2\/media?parent=10503"}],"wp:term":[{"taxonomy":"product_brand","embeddable":true,"href":"https:\/\/ritosa.click.si\/hr\/wp-json\/wp\/v2\/product_brand?post=10503"},{"taxonomy":"product_cat","embeddable":true,"href":"https:\/\/ritosa.click.si\/hr\/wp-json\/wp\/v2\/product_cat?post=10503"},{"taxonomy":"product_tag","embeddable":true,"href":"https:\/\/ritosa.click.si\/hr\/wp-json\/wp\/v2\/product_tag?post=10503"}],"curies":[{"name":"radni list","href":"https:\/\/api.w.org\/{rel}","templated":true}]}}