{"id":10452,"date":"2021-08-25T13:00:28","date_gmt":"2021-08-25T13:00:28","guid":{"rendered":"https:\/\/ritosa.click.si\/?post_type=product&#038;p=10452"},"modified":"2025-09-24T11:04:18","modified_gmt":"2025-09-24T09:04:18","slug":"look-keo-2-max-carbon","status":"publish","type":"product","link":"https:\/\/ritosa.click.si\/hr\/ducan\/biciklizam\/oprema-za-biciklizam\/dodatna-oprema-in-rezervni-deli\/pedala\/look-keo-2-max-carbon\/","title":{"rendered":"Look Keo 2 MAX karbonske pedale"},"content":{"rendered":"<p>Nove Keo 2 Max karbonske pedale pru\u017eit \u0107e vam samopouzdanje potrebno za pomicanje vlastitih granica.<\/p>\n<p>Tim Look je potpuno redizajnirao oblik KEO 2 MAX pedala, \u0161to se odra\u017eava u<strong>\u00a0nova, tanja konstrukcija sa \u0161irom kontaktnom povr\u0161inom<\/strong>, \u0161to pove\u0107ava u\u010dinkovitost pedala i njihov stilski dojam. Kontaktna povr\u0161ina novog KEO 2 MAX-a odr\u017eava sna\u017ene linije po kojima su Look pedale oduvijek bile poznate. Njihova \u0161irina je pove\u0107ana na 60 mm, osiguravaju\u0107i\u00a0<strong>ve\u0107a kontaktna povr\u0161ina i pobolj\u0161ana stabilnost stopala tijekom pedaliranja<\/strong>To stvara <strong>nevjerojatna udobnost<\/strong>, \u0161to se ne mo\u017ee na\u0107i u mnogim drugim pedalama.<\/p>\n<p>\u0160to je jo\u0161 pobolj\u0161ano? Zahvaljuju\u0107i novoj korisnoj povr\u0161ini od 500 mm\u00b2 (+ pove\u0107anje od 25%), <strong>optimizirani prijenos snage<\/strong>Oblik plo\u010de od nehr\u0111aju\u0107eg \u010delika je ispravljen. Sada odgovara onima na plo\u010dicama i bez obzira na polo\u017eaj noge (\u0161to ovisi o kutu opruge koju koristite). <strong>sve vrijeme<\/strong> <strong>odr\u017eava istu kontaktnu povr\u0161inu<\/strong>\u00a0za jo\u0161 dosljednije pedaliranje. Pove\u0107anje upotrebljive kontaktne povr\u0161ine pedale bez dodavanja te\u017eine pobolj\u0161ava omjer snage i te\u017eine, \u010dine\u0107i proizvod jo\u0161 boljim i omogu\u0107uju\u0107i vam da iz njega izvu\u010dete jo\u0161 vi\u0161e!<\/p>\n<p>Tako\u0111er vrijedi spomenuti i izdr\u017eljivu pove\u0107anu osovinu izra\u0111enu od kromiranog \u010delika \u00abChromoly Plus\u00bb, koja je izuzetno izdr\u017eljiva zbog unutarnjeg kugli\u010dnog i igli\u010dastog le\u017eaja smje\u0161tenog ispod kontaktne povr\u0161ine. <strong>dobro podnosi optere\u0107enja<\/strong> i glatko se okre\u0107e tijekom cijelog svog vijeka trajanja. Izme\u0111u kugli\u010dnog i igli\u010dastog le\u017eaja dodana je nova komponenta \u2013 podlo\u0161ka koja se prije koristila za dr\u017eanje igli\u010dastog le\u017eaja zamijenjena je konusnim odstojnikom. Ovo tehni\u010dko rje\u0161enje <strong>smanjuje trenje, pove\u0107ava proto\u010dnost i posljedi\u010dno smanjuje geometrijska odstupanja<\/strong>\u00a0\u0161to donosi <strong>besprijekorna pouzdanost pedala<\/strong>.<\/p>\n<p>Preporu\u010dujemo!<\/p>\n<p><strong>Zna\u010dajke:<\/strong><\/p>\n<ul>\n<li>Kvalitetni le\u017eajevi<\/li>\n<li>Ve\u0107ina pedale je izra\u0111ena od karbona<\/li>\n<li>Vrlo kruta i izdr\u017eljiva osovina pedala od krom-molibdena +<\/li>\n<li>kontaktna povr\u0161ina: 500 mm\u00b2<\/li>\n<li>Podesivi kut opruge 8 ili 12\u00b0<\/li>\n<li>Visina pedala od 17,3 mm s plo\u010dom, \u0161to dodatno pobolj\u0161ava njihovu krutost i time pobolj\u0161ava prijenos energije na povr\u0161inu<\/li>\n<li>Te\u017eina: 125 g\/pedala<\/li>\n<li>Ukupna te\u017eina: 312 g po setu s blokovima i vijcima<\/li>\n<li>Paket uklju\u010duje: pedale, Keo Grip kopa\u010dke i vijke<\/li>\n<\/ul>","protected":false},"excerpt":{"rendered":"<p>Look Keo 2 MAX karbonske pedale<\/p>","protected":false},"featured_media":10453,"template":"","meta":{"_acf_changed":false,"inline_featured_image":false},"product_brand":[1660],"product_cat":[531],"product_tag":[1665,1662,1663,1664,1661],"class_list":{"0":"post-10452","1":"product","2":"type-product","3":"status-publish","4":"has-post-thumbnail","6":"product_brand-look","7":"product_cat-pedala","8":"product_tag-keo-2-max-carbon","9":"product_tag-look-keo-2-max-carbon","10":"product_tag-pedala-carbon","11":"product_tag-pedala-look","12":"product_tag-pedala-look-keo-2-max-carbon","14":"first","15":"instock","16":"taxable","17":"shipping-taxable","18":"purchasable","19":"product-type-simple"},"acf":[],"_links":{"self":[{"href":"https:\/\/ritosa.click.si\/hr\/wp-json\/wp\/v2\/product\/10452","targetHints":{"allow":["GET"]}}],"collection":[{"href":"https:\/\/ritosa.click.si\/hr\/wp-json\/wp\/v2\/product"}],"about":[{"href":"https:\/\/ritosa.click.si\/hr\/wp-json\/wp\/v2\/types\/product"}],"wp:featuredmedia":[{"embeddable":true,"href":"https:\/\/ritosa.click.si\/hr\/wp-json\/wp\/v2\/media\/10453"}],"wp:attachment":[{"href":"https:\/\/ritosa.click.si\/hr\/wp-json\/wp\/v2\/media?parent=10452"}],"wp:term":[{"taxonomy":"product_brand","embeddable":true,"href":"https:\/\/ritosa.click.si\/hr\/wp-json\/wp\/v2\/product_brand?post=10452"},{"taxonomy":"product_cat","embeddable":true,"href":"https:\/\/ritosa.click.si\/hr\/wp-json\/wp\/v2\/product_cat?post=10452"},{"taxonomy":"product_tag","embeddable":true,"href":"https:\/\/ritosa.click.si\/hr\/wp-json\/wp\/v2\/product_tag?post=10452"}],"curies":[{"name":"radni list","href":"https:\/\/api.w.org\/{rel}","templated":true}]}}